{"id":116441,"date":"2024-11-05T16:59:47","date_gmt":"2024-11-05T15:59:47","guid":{"rendered":"https:\/\/secureus.se\/?post_type=product&#038;p=116441"},"modified":"2026-01-12T12:57:16","modified_gmt":"2026-01-12T11:57:16","slug":"rorskydd-p30","status":"publish","type":"product","link":"https:\/\/secureus.se\/no\/rorskydd-p30\/","title":{"rendered":"R\u00f8rbeskyttelse P30"},"content":{"rendered":"<p>Varslings- og beskyttelsesprofiler som denne r\u00f8rbeskytteren brukes i industrier og andre innend\u00f8rsmilj\u00f8er for \u00e5 beskytte mennesker, kj\u00f8ret\u00f8y og innredning ved lette kollisjoner. De sorte\/gule stripene advarer om r\u00f8r og stenger og polyuretanskummet som beskyttelsesprofilen er laget av er st\u00f8tdempende. Det selvklebende r\u00f8rdekselet kuttes til \u00f8nsket lengde med en skarp kniv. Sterk, selvklebende klebende overflate av god kvalitet som blant annet fester seg til metall, tre, papp og fliser med best resultat dersom temperaturen er 10-30\u00b0C. Fargenyanser i henhold til ASR A1.3 lik RAL 1004\/9003 (signal gul\/signal sort).<br \/>\nTestet i henhold til brannklassifisering DIN EN 13501-1 klasse E.<br \/>\nTemperaturbestandig fra -30\u00b0C \u2013 + 70\u00b0C.<br \/>\nLengde 1 m Profilen er 50 mm ytre bredde, 30 mm innvendig bredde. Tykkelse 10 mm<\/p>","protected":false},"excerpt":{"rendered":"<p>Selvklebende r\u00f8rbeskyttelse med st\u00f8tdempende effekt. Svarte\/gule striper advarer og gj\u00f8r oppmerksom p\u00e5 potensiell risiko.<\/p>","protected":false},"featured_media":136987,"template":"","meta":{"_acf_changed":false},"product_brand":[],"product_cat":[4239],"product_tag":[4386],"class_list":{"0":"post-116441","1":"product","2":"type-product","3":"status-publish","4":"has-post-thumbnail","6":"product_cat-varnings-skyddsprofiler","7":"product_tag-gul-svart","8":"product_shipping_class-tunga-paket","9":"pa_brands-durable","10":"pa_farg-gul-svart","11":"tm-no-options","13":"first","14":"instock","15":"sale","16":"taxable","17":"shipping-taxable","18":"purchasable","19":"product-type-simple"},"acf":[],"_links":{"self":[{"href":"https:\/\/secureus.se\/no\/wp-json\/wp\/v2\/product\/116441","targetHints":{"allow":["GET"]}}],"collection":[{"href":"https:\/\/secureus.se\/no\/wp-json\/wp\/v2\/product"}],"about":[{"href":"https:\/\/secureus.se\/no\/wp-json\/wp\/v2\/types\/product"}],"wp:featuredmedia":[{"embeddable":true,"href":"https:\/\/secureus.se\/no\/wp-json\/wp\/v2\/media\/136987"}],"wp:attachment":[{"href":"https:\/\/secureus.se\/no\/wp-json\/wp\/v2\/media?parent=116441"}],"wp:term":[{"taxonomy":"product_brand","embeddable":true,"href":"https:\/\/secureus.se\/no\/wp-json\/wp\/v2\/product_brand?post=116441"},{"taxonomy":"product_cat","embeddable":true,"href":"https:\/\/secureus.se\/no\/wp-json\/wp\/v2\/product_cat?post=116441"},{"taxonomy":"product_tag","embeddable":true,"href":"https:\/\/secureus.se\/no\/wp-json\/wp\/v2\/product_tag?post=116441"}],"curies":[{"name":"wp","href":"https:\/\/api.w.org\/{rel}","templated":true}]}}