{"id":116500,"date":"2024-11-05T17:17:18","date_gmt":"2024-11-05T16:17:18","guid":{"rendered":"https:\/\/secureus.se\/?post_type=product&#038;p=116500"},"modified":"2026-01-12T12:13:00","modified_gmt":"2026-01-12T11:13:00","slug":"skrivplatta-med-omslag-a5","status":"publish","type":"product","link":"https:\/\/secureus.se\/no\/skrivplatta-med-omslag-a5\/","title":{"rendered":"Skriveblokk med omslag A5"},"content":{"rendered":"<p>Skriveblokk\/blokkveske\/blokkholder\/paddeksel for A5-format laget av plastbelagt kraftig papp. Solid klemme i \u00f8vre kant holder blokker eller dokumenter p\u00e5 plass. Baksiden av blokken kan skyves ned i en lomme for en sikker passform. Stor skr\u00e5 lomme for oppbevaring av l\u00f8se papirer.<\/p>","protected":false},"excerpt":{"rendered":"<p>Blokkdeksel for format A5.<\/p>","protected":false},"featured_media":135970,"template":"","meta":{"_acf_changed":false},"product_brand":[],"product_cat":[4313],"product_tag":[4382],"class_list":{"0":"post-116500","1":"product","2":"type-product","3":"status-publish","4":"has-post-thumbnail","6":"product_cat-skrivplattor","7":"product_tag-silver","8":"product_shipping_class-tunga-paket","9":"pa_brands-durable","10":"pa_farg-silver","11":"tm-no-options","13":"first","14":"instock","15":"sale","16":"taxable","17":"shipping-taxable","18":"purchasable","19":"product-type-simple"},"acf":[],"_links":{"self":[{"href":"https:\/\/secureus.se\/no\/wp-json\/wp\/v2\/product\/116500","targetHints":{"allow":["GET"]}}],"collection":[{"href":"https:\/\/secureus.se\/no\/wp-json\/wp\/v2\/product"}],"about":[{"href":"https:\/\/secureus.se\/no\/wp-json\/wp\/v2\/types\/product"}],"wp:featuredmedia":[{"embeddable":true,"href":"https:\/\/secureus.se\/no\/wp-json\/wp\/v2\/media\/135970"}],"wp:attachment":[{"href":"https:\/\/secureus.se\/no\/wp-json\/wp\/v2\/media?parent=116500"}],"wp:term":[{"taxonomy":"product_brand","embeddable":true,"href":"https:\/\/secureus.se\/no\/wp-json\/wp\/v2\/product_brand?post=116500"},{"taxonomy":"product_cat","embeddable":true,"href":"https:\/\/secureus.se\/no\/wp-json\/wp\/v2\/product_cat?post=116500"},{"taxonomy":"product_tag","embeddable":true,"href":"https:\/\/secureus.se\/no\/wp-json\/wp\/v2\/product_tag?post=116500"}],"curies":[{"name":"wp","href":"https:\/\/api.w.org\/{rel}","templated":true}]}}