{"id":116502,"date":"2024-12-07T15:21:13","date_gmt":"2024-12-07T14:21:13","guid":{"rendered":"https:\/\/secureus.se\/?post_type=product&#038;p=116502"},"modified":"2026-01-12T12:09:38","modified_gmt":"2026-01-12T11:09:38","slug":"nyckelskap-key-box-code-72-med-kombinationslas","status":"publish","type":"product","link":"https:\/\/secureus.se\/no\/nyckelskap-key-box-code-72-med-kombinationslas\/","title":{"rendered":"N\u00f8kkelskap N\u00d8KKELBOKS KODE 72 med kombinasjonsl\u00e5s"},"content":{"rendered":"<p>Med et n\u00f8kkelskap er det et naturlig sted \u00e5 hente og oppbevare n\u00f8klene, noe som skaper bedre orden og trygghet. Durables designserie N\u00d8KKELBOX med ulike n\u00f8kkelskap er laget i aluminium med oversiktlig innholdsfortegnelse p\u00e5 innsiden av d\u00f8ren. N\u00f8kkelbrikkene er spesialdesignet for \u00e5 henges mellom to kroker p\u00e5 n\u00f8kkellisten, noe som gj\u00f8r at merkingen er godt synlig og n\u00f8kkelen henger bak n\u00f8kkelbrikken. Et sett som inneholder 6 n\u00f8kkelbrikker i r\u00f8dt, gult, bl\u00e5tt og sort f\u00f8lger med, samt skruer og plugger for montering. Maler for utskrift av etiketter for n\u00f8kkelbrikker og n\u00f8kkelliste kan lastes ned fra https:\/\/www.durable.se\/service\/ladda-ner\/mallar.html. Dette n\u00f8kkelskapet har kodel\u00e5s med mulighet for \u00e5 velge opptil 1000 kodekombinasjoner og plass til 72 n\u00f8kler. M\u00e5l: 40x30x12cm HxBxD<br \/>\nTilbeh\u00f8r: Ekstra n\u00f8kkelbrikker artikkelnummer 1957 i forskjellige farger.<\/p>","protected":false},"excerpt":{"rendered":"<p>N\u00f8kkelskap i aluminium for oppbevaring av 72 n\u00f8kler. Med kodel\u00e5s.<\/p>","protected":false},"featured_media":135323,"template":"","meta":{"_acf_changed":false},"product_brand":[],"product_cat":[1932],"product_tag":[4382],"class_list":{"0":"post-116502","1":"product","2":"type-product","3":"status-publish","4":"has-post-thumbnail","6":"product_cat-nyckelgomma-nyckelbox","7":"product_tag-silver","8":"product_shipping_class-tunga-paket","9":"pa_brands-durable","10":"pa_farg-silver","11":"tm-no-options","13":"first","14":"instock","15":"sale","16":"taxable","17":"shipping-taxable","18":"purchasable","19":"product-type-simple"},"acf":[],"_links":{"self":[{"href":"https:\/\/secureus.se\/no\/wp-json\/wp\/v2\/product\/116502","targetHints":{"allow":["GET"]}}],"collection":[{"href":"https:\/\/secureus.se\/no\/wp-json\/wp\/v2\/product"}],"about":[{"href":"https:\/\/secureus.se\/no\/wp-json\/wp\/v2\/types\/product"}],"wp:featuredmedia":[{"embeddable":true,"href":"https:\/\/secureus.se\/no\/wp-json\/wp\/v2\/media\/135323"}],"wp:attachment":[{"href":"https:\/\/secureus.se\/no\/wp-json\/wp\/v2\/media?parent=116502"}],"wp:term":[{"taxonomy":"product_brand","embeddable":true,"href":"https:\/\/secureus.se\/no\/wp-json\/wp\/v2\/product_brand?post=116502"},{"taxonomy":"product_cat","embeddable":true,"href":"https:\/\/secureus.se\/no\/wp-json\/wp\/v2\/product_cat?post=116502"},{"taxonomy":"product_tag","embeddable":true,"href":"https:\/\/secureus.se\/no\/wp-json\/wp\/v2\/product_tag?post=116502"}],"curies":[{"name":"wp","href":"https:\/\/api.w.org\/{rel}","templated":true}]}}