{"id":116629,"date":"2024-11-05T17:03:55","date_gmt":"2024-11-05T16:03:55","guid":{"rendered":"https:\/\/secureus.se\/?post_type=product&#038;p=116629"},"modified":"2026-01-12T12:33:21","modified_gmt":"2026-01-12T11:33:21","slug":"vario-table-30","status":"publish","type":"product","link":"https:\/\/secureus.se\/no\/vario-table-30\/","title":{"rendered":"VARIO\u00ae TABELL 30"},"content":{"rendered":"<p>Informasjons- og presentasjonsstander som har mange forskjellige navn; panel, display, oversiktssystem, vingeregister, PLU holder, dokumentholder, lathund.... Uavhengig av navn har den mange bruksomr\u00e5der p\u00e5 kontorer, butikker, kj\u00f8kken, kasser, utstillinger etc. Ofte brukt informasjon blir lagret, raskt funnet og lett \u00e5 se i oversiktssystemet. VARIO\u00ae TABLE er et komplett bordstativ med 30 ikke-reflekterende, skannbare plastlommer (svart, r\u00f8d, gul, gr\u00f8nn, bl\u00e5 og gr\u00e5) laget av polypropylen for dokumenter i A4-format. Avtakbar 58 mm headerholder f\u00f8lger med. N\u00e5r du setter inn og tar ut lommene er det greit \u00e5 b\u00f8ye lommen litt forsiktig p\u00e5 midten langs den indre langsiden, s\u00e5 det er enkelt \u00e5 sette inn og ta ut lommen uten \u00e5 skade piggene i holderen. Gummif\u00f8tter gj\u00f8r at den st\u00e5r st\u00f8dig. 5 \u00e5rs garanti. Garantivilk\u00e5rene finner du her: https:\/\/www.durable.se\/sv_SE\/service\/garanti\/garanti-foer-sherpa-vario\/<\/p>","protected":false},"excerpt":{"rendered":"<p>Komplett bordstativ i metall med 30 rullbare A4-paneler for \u00e5 ha ofte brukt informasjon raskt og tydelig for h\u00e5nden. <\/p>","protected":false},"featured_media":136895,"template":"","meta":{"_acf_changed":false},"product_brand":[],"product_cat":[4298],"product_tag":[4397],"class_list":{"0":"post-116629","1":"product","2":"type-product","3":"status-publish","4":"has-post-thumbnail","6":"product_cat-bladderstall-bord","7":"product_tag-mix","8":"product_shipping_class-tunga-paket","9":"pa_brands-durable","10":"pa_farg-mix","11":"tm-no-options","13":"first","14":"instock","15":"sale","16":"taxable","17":"shipping-taxable","18":"purchasable","19":"product-type-simple"},"acf":[],"_links":{"self":[{"href":"https:\/\/secureus.se\/no\/wp-json\/wp\/v2\/product\/116629","targetHints":{"allow":["GET"]}}],"collection":[{"href":"https:\/\/secureus.se\/no\/wp-json\/wp\/v2\/product"}],"about":[{"href":"https:\/\/secureus.se\/no\/wp-json\/wp\/v2\/types\/product"}],"wp:featuredmedia":[{"embeddable":true,"href":"https:\/\/secureus.se\/no\/wp-json\/wp\/v2\/media\/136895"}],"wp:attachment":[{"href":"https:\/\/secureus.se\/no\/wp-json\/wp\/v2\/media?parent=116629"}],"wp:term":[{"taxonomy":"product_brand","embeddable":true,"href":"https:\/\/secureus.se\/no\/wp-json\/wp\/v2\/product_brand?post=116629"},{"taxonomy":"product_cat","embeddable":true,"href":"https:\/\/secureus.se\/no\/wp-json\/wp\/v2\/product_cat?post=116629"},{"taxonomy":"product_tag","embeddable":true,"href":"https:\/\/secureus.se\/no\/wp-json\/wp\/v2\/product_tag?post=116629"}],"curies":[{"name":"wp","href":"https:\/\/api.w.org\/{rel}","templated":true}]}}