{"id":116684,"date":"2024-11-20T14:17:51","date_gmt":"2024-11-20T13:17:51","guid":{"rendered":"https:\/\/secureus.se\/?post_type=product&#038;p=116684"},"modified":"2026-01-12T12:35:09","modified_gmt":"2026-01-12T11:35:09","slug":"sekretessfilter-magnetic-15-6-169","status":"publish","type":"product","link":"https:\/\/secureus.se\/no\/sekretessfilter-magnetic-15-6-169\/","title":{"rendered":"Personvernfilter MAGNETIC 15,6\u201c 16:9"},"content":{"rendered":"<p>Ettersom det er vanlig \u00e5 jobbe flere steder enn p\u00e5 kontoret \u2013 p\u00e5 tog, fly eller offentlige steder med mange mennesker som kafeer, \u00f8ker ogs\u00e5 risikoen for at uvedkommende skimter eller ser informasjon som vi ikke \u00f8nsker eller b\u00f8r dele. Beskytt dataskjermen med personvernfiltre mot visuell hacking og nysgjerrige \u00f8yne. Fjern beskyttelsesplasten fra magnetene i \u00f8vre h\u00f8yre og venstre kant av filteret og fest filteret til PC-en. S\u00e5 er det bare \u00e5 fjerne filteret som festes magnetisk til de to magnetene som er festet til PC-en. N\u00e5r filteret ikke er i bruk, kan det lagres i den medf\u00f8lgende oppbevaringsmappen. Personvernfilteret gj\u00f8r skjermen m\u00f8rk fra begge sider i 30\u00b0 vinkel, men gir brukeren et tydelig skjermbilde forfra. Fra siden forhindrer personvernfilteret &quot;sniktitt&quot; i en vinkel p\u00e5 60\u00b0. Filterets matte finish reduserer belastningen p\u00e5 \u00f8ynene og reduserer skadelig bl\u00e5tt lys. Dataskjermen er beskyttet mot riper og st\u00f8v av personvernfilteret og kan ogs\u00e5 brukes p\u00e5 ber\u00f8ringsskjermer. En mikrofiberklut f\u00f8lger med for rengj\u00f8ring av dataskjermen og personvernfilteret.<br \/>\nDette personvernfilteret er beregnet p\u00e5 15,6&quot; 16:9-skjermer med dimensjonene 345 x 194 mm \/ 13,6&quot; x 7,6&quot; (BxH). Dimensjonene til personvernfilteret er 345 x 203 mm.<\/p>","protected":false},"excerpt":{"rendered":"<p>Personvernfilter med magnetisk feste som beskytter personvernet til dataskjermen din mot uautoriserte \u00f8yne. Leveres i praktisk oppbevaringslomme. For 15,6&quot; 16:9-skjermer.<\/p>","protected":false},"featured_media":133516,"template":"","meta":{"_acf_changed":false},"product_brand":[],"product_cat":[4242],"product_tag":[4394],"class_list":{"0":"post-116684","1":"product","2":"type-product","3":"status-publish","4":"has-post-thumbnail","6":"product_cat-sekretessfilter","7":"product_tag-antracitgra","8":"product_shipping_class-tunga-paket","9":"pa_brands-durable","10":"pa_farg-antracitgra","11":"tm-no-options","13":"first","14":"instock","15":"sale","16":"taxable","17":"shipping-taxable","18":"purchasable","19":"product-type-simple"},"acf":[],"_links":{"self":[{"href":"https:\/\/secureus.se\/no\/wp-json\/wp\/v2\/product\/116684","targetHints":{"allow":["GET"]}}],"collection":[{"href":"https:\/\/secureus.se\/no\/wp-json\/wp\/v2\/product"}],"about":[{"href":"https:\/\/secureus.se\/no\/wp-json\/wp\/v2\/types\/product"}],"wp:featuredmedia":[{"embeddable":true,"href":"https:\/\/secureus.se\/no\/wp-json\/wp\/v2\/media\/133516"}],"wp:attachment":[{"href":"https:\/\/secureus.se\/no\/wp-json\/wp\/v2\/media?parent=116684"}],"wp:term":[{"taxonomy":"product_brand","embeddable":true,"href":"https:\/\/secureus.se\/no\/wp-json\/wp\/v2\/product_brand?post=116684"},{"taxonomy":"product_cat","embeddable":true,"href":"https:\/\/secureus.se\/no\/wp-json\/wp\/v2\/product_cat?post=116684"},{"taxonomy":"product_tag","embeddable":true,"href":"https:\/\/secureus.se\/no\/wp-json\/wp\/v2\/product_tag?post=116684"}],"curies":[{"name":"wp","href":"https:\/\/api.w.org\/{rel}","templated":true}]}}