{"id":116685,"date":"2024-11-05T17:02:24","date_gmt":"2024-11-05T16:02:24","guid":{"rendered":"https:\/\/secureus.se\/?post_type=product&#038;p=116685"},"modified":"2026-01-12T12:04:31","modified_gmt":"2026-01-12T11:04:31","slug":"varseldekal-forbjudet-for-gaende","status":"publish","type":"product","link":"https:\/\/secureus.se\/no\/varseldekal-forbjudet-for-gaende\/","title":{"rendered":"Advarselsklistremerke &quot;Forbudt for fotgjengere&quot;"},"content":{"rendered":"<p>Selvklebende stort gulvklistremerke \u00abForbudt for fotgjengere\u00bb informerer bes\u00f8kende og ansatte tydelig om gjeldende forbud for fotgjengere og skaper et tryggere arbeidsmilj\u00f8 med redusert risiko for ulykker. Festes p\u00e5 rene og t\u00f8rre betonggulv. Slitesterk og slitesterk med anti-skli rating R9 i henhold til DIN 51130. Skiltene oppfyller kravene i ISO 7010.<br \/>\nM\u00e5l: \u00d8 430 mm, tykkelse 0,4 mm<\/p>","protected":false},"excerpt":{"rendered":"<p>Selvklebende forbudsskilt for gulvp\u00e5f\u00f8ring. Gir tydelig beskjed om at det ikke er tillatt \u00e5 g\u00e5 i omr\u00e5det og bidrar til \u00f8kt sikkerhet og risikobevissthet.<\/p>","protected":false},"featured_media":136927,"template":"","meta":{"_acf_changed":false},"product_brand":[],"product_cat":[4307],"product_tag":[4389],"class_list":{"0":"post-116685","1":"product","2":"type-product","3":"status-publish","4":"has-post-thumbnail","6":"product_cat-sakerhetsmarkning","7":"product_tag-rod","8":"product_shipping_class-tunga-paket","9":"pa_brands-durable","10":"pa_farg-rod","11":"tm-no-options","13":"first","14":"instock","15":"sale","16":"taxable","17":"shipping-taxable","18":"purchasable","19":"product-type-simple"},"acf":[],"_links":{"self":[{"href":"https:\/\/secureus.se\/no\/wp-json\/wp\/v2\/product\/116685","targetHints":{"allow":["GET"]}}],"collection":[{"href":"https:\/\/secureus.se\/no\/wp-json\/wp\/v2\/product"}],"about":[{"href":"https:\/\/secureus.se\/no\/wp-json\/wp\/v2\/types\/product"}],"wp:featuredmedia":[{"embeddable":true,"href":"https:\/\/secureus.se\/no\/wp-json\/wp\/v2\/media\/136927"}],"wp:attachment":[{"href":"https:\/\/secureus.se\/no\/wp-json\/wp\/v2\/media?parent=116685"}],"wp:term":[{"taxonomy":"product_brand","embeddable":true,"href":"https:\/\/secureus.se\/no\/wp-json\/wp\/v2\/product_brand?post=116685"},{"taxonomy":"product_cat","embeddable":true,"href":"https:\/\/secureus.se\/no\/wp-json\/wp\/v2\/product_cat?post=116685"},{"taxonomy":"product_tag","embeddable":true,"href":"https:\/\/secureus.se\/no\/wp-json\/wp\/v2\/product_tag?post=116685"}],"curies":[{"name":"wp","href":"https:\/\/api.w.org\/{rel}","templated":true}]}}