{"id":116792,"date":"2024-11-05T17:25:08","date_gmt":"2024-11-05T16:25:08","guid":{"rendered":"https:\/\/secureus.se\/?post_type=product&#038;p=116792"},"modified":"2026-01-12T12:38:12","modified_gmt":"2026-01-12T11:38:12","slug":"sherpa-swing-arm-10","status":"publish","type":"product","link":"https:\/\/secureus.se\/no\/sherpa-swing-arm-10\/","title":{"rendered":"SHERPA\u00ae SWING ARM 10"},"content":{"rendered":"<p>3-leddet aluminiumsarm SHERPA\u00ae SWING ARM for 10 paneler i A4-format. Armen kan svinges 360\u00b0, armlengde 316 \u2013 714 mm. Knotten l\u00e5ser de tre leddene i \u00f8nsket posisjon. Panelfestet kan svinges til h\u00f8yre og venstre, og kan snus for bruk i st\u00e5ende eller liggende format. For montering p\u00e5 bordkant (avstand 19-74 mm). Lommer (rammer, paneler) bestilles separat. 5 \u00e5rs garanti. Garantivilk\u00e5rene finner du her: https:\/\/www.durable.se\/sv_SE\/service\/garanti\/garanti-foer-sherpa-vario\/<br \/>\nTilbeh\u00f8r: SHERPA\u00b0PANEL artikkelnummer 5606 i forskjellige farger. Toppholder 560919 eller 560319. <\/p>","protected":false},"excerpt":{"rendered":"<p>Leddet bordarm for 10 paneler i A4-format. Svingbar arm, vippbar og roterbar panelholder. Leveres uten paneler.<\/p>","protected":false},"featured_media":135313,"template":"","meta":{"_acf_changed":false},"product_brand":[],"product_cat":[4298],"product_tag":[4393],"class_list":{"0":"post-116792","1":"product","2":"type-product","3":"status-publish","4":"has-post-thumbnail","6":"product_cat-bladderstall-bord","7":"product_tag-gra","8":"product_shipping_class-tunga-paket","9":"pa_brands-durable","10":"pa_farg-gra","11":"tm-no-options","13":"first","14":"instock","15":"sale","16":"taxable","17":"shipping-taxable","18":"purchasable","19":"product-type-simple"},"acf":[],"_links":{"self":[{"href":"https:\/\/secureus.se\/no\/wp-json\/wp\/v2\/product\/116792","targetHints":{"allow":["GET"]}}],"collection":[{"href":"https:\/\/secureus.se\/no\/wp-json\/wp\/v2\/product"}],"about":[{"href":"https:\/\/secureus.se\/no\/wp-json\/wp\/v2\/types\/product"}],"wp:featuredmedia":[{"embeddable":true,"href":"https:\/\/secureus.se\/no\/wp-json\/wp\/v2\/media\/135313"}],"wp:attachment":[{"href":"https:\/\/secureus.se\/no\/wp-json\/wp\/v2\/media?parent=116792"}],"wp:term":[{"taxonomy":"product_brand","embeddable":true,"href":"https:\/\/secureus.se\/no\/wp-json\/wp\/v2\/product_brand?post=116792"},{"taxonomy":"product_cat","embeddable":true,"href":"https:\/\/secureus.se\/no\/wp-json\/wp\/v2\/product_cat?post=116792"},{"taxonomy":"product_tag","embeddable":true,"href":"https:\/\/secureus.se\/no\/wp-json\/wp\/v2\/product_tag?post=116792"}],"curies":[{"name":"wp","href":"https:\/\/api.w.org\/{rel}","templated":true}]}}