{"id":116810,"date":"2024-11-20T14:11:40","date_gmt":"2024-11-20T13:11:40","guid":{"rendered":"https:\/\/secureus.se\/?post_type=product&#038;p=116810"},"modified":"2026-01-12T12:03:47","modified_gmt":"2026-01-12T11:03:47","slug":"magnetetikett-c-profile-40-5-pack","status":"publish","type":"product","link":"https:\/\/secureus.se\/no\/magnetetikett-c-profile-40-5-pack\/","title":{"rendered":"Magnetisk etikett C-PROFIL 40 5-pak"},"content":{"rendered":"<p>Magnetisk etikettholder inkl. merkelapp og gjennomsiktig plast som beskytter mot smuss. For merking og skanning av f.eks priser og strekkoder p\u00e5 hyllekanter, pallereoler, skap, stelleskap og metallbokser. Enkel \u00e5 flytte n\u00e5r varer skifter lagersted for alltid \u00e5 ha oppdatert merking. Gratis maler for design og utskrift av stilige etiketter er tilgjengelig p\u00e5 www.duraprint.se.<br \/>\nDimensjoner: 200 x 40 mm (L x H)<br \/>\nTilbeh\u00f8r:<br \/>\nEkstra etiketter p\u00e5 A5-ark for utskrift i printer, varenr.<\/p>","protected":false},"excerpt":{"rendered":"<p>Magnetisk etikettholder med hvite etiketter og gjennomsiktig beskyttende plast. Skriveh\u00f8yde 4 cm, lengde 20 cm.<\/p>","protected":false},"featured_media":133669,"template":"","meta":{"_acf_changed":false},"product_brand":[],"product_cat":[4269],"product_tag":[4390],"class_list":{"0":"post-116810","1":"product","2":"type-product","3":"status-publish","4":"has-post-thumbnail","6":"product_cat-magnetisk-fastsattning","7":"product_tag-morkgra","8":"product_shipping_class-tunga-paket","9":"pa_brands-durable","10":"pa_farg-morkgra","11":"tm-no-options","13":"first","14":"instock","15":"sale","16":"taxable","17":"shipping-taxable","18":"purchasable","19":"product-type-simple"},"acf":[],"_links":{"self":[{"href":"https:\/\/secureus.se\/no\/wp-json\/wp\/v2\/product\/116810","targetHints":{"allow":["GET"]}}],"collection":[{"href":"https:\/\/secureus.se\/no\/wp-json\/wp\/v2\/product"}],"about":[{"href":"https:\/\/secureus.se\/no\/wp-json\/wp\/v2\/types\/product"}],"wp:featuredmedia":[{"embeddable":true,"href":"https:\/\/secureus.se\/no\/wp-json\/wp\/v2\/media\/133669"}],"wp:attachment":[{"href":"https:\/\/secureus.se\/no\/wp-json\/wp\/v2\/media?parent=116810"}],"wp:term":[{"taxonomy":"product_brand","embeddable":true,"href":"https:\/\/secureus.se\/no\/wp-json\/wp\/v2\/product_brand?post=116810"},{"taxonomy":"product_cat","embeddable":true,"href":"https:\/\/secureus.se\/no\/wp-json\/wp\/v2\/product_cat?post=116810"},{"taxonomy":"product_tag","embeddable":true,"href":"https:\/\/secureus.se\/no\/wp-json\/wp\/v2\/product_tag?post=116810"}],"curies":[{"name":"wp","href":"https:\/\/api.w.org\/{rel}","templated":true}]}}