{"id":116833,"date":"2024-11-20T14:11:57","date_gmt":"2024-11-20T13:11:57","guid":{"rendered":"https:\/\/secureus.se\/?post_type=product&#038;p=116833"},"modified":"2026-01-12T12:43:14","modified_gmt":"2026-01-12T11:43:14","slug":"namnskylt-40x75-akryl-nalfaste","status":"publish","type":"product","link":"https:\/\/secureus.se\/no\/namnskylt-40x75-akryl-nalfaste\/","title":{"rendered":"Navneskilt 40\u00d775 akryl, pinnefeste"},"content":{"rendered":"<p>Konferansedeltakere, bes\u00f8kende p\u00e5 bedrifter, ansatte p\u00e5 messer, i butikker, serviceyrker og selgere \u2013 listen kan utvides der det er behov for navnelapper i ulike st\u00f8rrelser, utforminger og festemuligheter. Dette er en klassisk navnelapp 40x75mm laget av akryl med kraftig n\u00e5l hvor n\u00e5lespissen er beskyttet slik at den ikke stikker brukeren og et tommelgrep som gj\u00f8r det enkelt \u00e5 ta ut kortet. I tillegg til \u00e5 festes med en n\u00e5l, kan den ogs\u00e5 skyves ned p\u00e5 kanten av brystlommen slik at selve navnelappen er synlig og baksiden er p\u00e5 innsiden av lommen. Hvite etiketter i en stripe er inkludert. Etiketter p\u00e5 A4-ark for utskrift i printere kan bestilles separat. Bruk gratisprogrammet DURAPRINT\u00ae som er tilgjengelig p\u00e5 www.duraprint.se for \u00e5 lage og skrive ut stilige navneetiketter.<br \/>\nTilbeh\u00f8r:<br \/>\nBadgemaker\u00ae-etiketter p\u00e5 A4-ark for utskrift i skriver, varenr<\/p>","protected":false},"excerpt":{"rendered":"<p>Navneskilt laget av akryl som festes med en sikkerhetsn\u00e5l. Diskret men fortsatt fullt synlig st\u00f8rrelse 40x75mm. 100 stk\/boks<\/p>","protected":false},"featured_media":133731,"template":"","meta":{"_acf_changed":false},"product_brand":[],"product_cat":[4282],"product_tag":[4376],"class_list":{"0":"post-116833","1":"product","2":"type-product","3":"status-publish","4":"has-post-thumbnail","6":"product_cat-namnskyltar-med-nal","7":"product_tag-transparent","8":"product_shipping_class-tunga-paket","9":"pa_brands-durable","10":"pa_farg-transparent","11":"tm-no-options","13":"first","14":"instock","15":"sale","16":"taxable","17":"shipping-taxable","18":"purchasable","19":"product-type-simple"},"acf":[],"_links":{"self":[{"href":"https:\/\/secureus.se\/no\/wp-json\/wp\/v2\/product\/116833","targetHints":{"allow":["GET"]}}],"collection":[{"href":"https:\/\/secureus.se\/no\/wp-json\/wp\/v2\/product"}],"about":[{"href":"https:\/\/secureus.se\/no\/wp-json\/wp\/v2\/types\/product"}],"wp:featuredmedia":[{"embeddable":true,"href":"https:\/\/secureus.se\/no\/wp-json\/wp\/v2\/media\/133731"}],"wp:attachment":[{"href":"https:\/\/secureus.se\/no\/wp-json\/wp\/v2\/media?parent=116833"}],"wp:term":[{"taxonomy":"product_brand","embeddable":true,"href":"https:\/\/secureus.se\/no\/wp-json\/wp\/v2\/product_brand?post=116833"},{"taxonomy":"product_cat","embeddable":true,"href":"https:\/\/secureus.se\/no\/wp-json\/wp\/v2\/product_cat?post=116833"},{"taxonomy":"product_tag","embeddable":true,"href":"https:\/\/secureus.se\/no\/wp-json\/wp\/v2\/product_tag?post=116833"}],"curies":[{"name":"wp","href":"https:\/\/api.w.org\/{rel}","templated":true}]}}