{"id":116843,"date":"2024-11-05T16:58:24","date_gmt":"2024-11-05T15:58:24","guid":{"rendered":"https:\/\/secureus.se\/?post_type=product&#038;p=116843"},"modified":"2026-01-12T12:34:34","modified_gmt":"2026-01-12T11:34:34","slug":"skarmstativ-select-plus-2-skarmar-bordsfaste","status":"publish","type":"product","link":"https:\/\/secureus.se\/no\/skarmstativ-select-plus-2-skarmar-bordsfaste\/","title":{"rendered":"Skjermstativ SELECT PLUS 2 skjermer, bordfeste"},"content":{"rendered":"<p>Displaystativ med fleksible armer for 2 skjermer, bordmontering ved hjelp av kabelhullsbrakett eller bordbrakett.<br \/>\nSkjermens h\u00f8yde, tilt og posisjon kan enkelt og individuelt justeres for \u00e5 lette ergonomisk arbeid.<br \/>\nKan roteres 90\u00b0 for bruk i st\u00e5ende eller liggende stilling<br \/>\nMulig plassering av armene i \u00f8nsket posisjon takket v\u00e6re individuell justering av fj\u00e6ren.<br \/>\nUniversal VESA-feste (75 x 75 mm eller 100 x 100 mm)<br \/>\nFor standard skjermer opp til 32&quot; og maks. 8 kg per skjerm.<br \/>\nKabelh\u00e5ndtering: Monitorens kabel f\u00f8res langs stativet via interne kabelkanaler og 2 klemmer, som beskytter mot kabelbrudd.<\/p>","protected":false},"excerpt":{"rendered":"<p>Skjermstativ SELECT PLUS med bevegelig arm for 2 skjermer, bordbrakett<\/p>","protected":false},"featured_media":136103,"template":"","meta":{"_acf_changed":false},"product_brand":[],"product_cat":[4243],"product_tag":[4382],"class_list":{"0":"post-116843","1":"product","2":"type-product","3":"status-publish","4":"has-post-thumbnail","6":"product_cat-skarmhallare","7":"product_tag-silver","8":"product_shipping_class-tunga-paket","9":"pa_brands-durable","10":"pa_farg-silver","11":"tm-no-options","13":"first","14":"instock","15":"sale","16":"taxable","17":"shipping-taxable","18":"purchasable","19":"product-type-simple"},"acf":[],"_links":{"self":[{"href":"https:\/\/secureus.se\/no\/wp-json\/wp\/v2\/product\/116843","targetHints":{"allow":["GET"]}}],"collection":[{"href":"https:\/\/secureus.se\/no\/wp-json\/wp\/v2\/product"}],"about":[{"href":"https:\/\/secureus.se\/no\/wp-json\/wp\/v2\/types\/product"}],"wp:featuredmedia":[{"embeddable":true,"href":"https:\/\/secureus.se\/no\/wp-json\/wp\/v2\/media\/136103"}],"wp:attachment":[{"href":"https:\/\/secureus.se\/no\/wp-json\/wp\/v2\/media?parent=116843"}],"wp:term":[{"taxonomy":"product_brand","embeddable":true,"href":"https:\/\/secureus.se\/no\/wp-json\/wp\/v2\/product_brand?post=116843"},{"taxonomy":"product_cat","embeddable":true,"href":"https:\/\/secureus.se\/no\/wp-json\/wp\/v2\/product_cat?post=116843"},{"taxonomy":"product_tag","embeddable":true,"href":"https:\/\/secureus.se\/no\/wp-json\/wp\/v2\/product_tag?post=116843"}],"curies":[{"name":"wp","href":"https:\/\/api.w.org\/{rel}","templated":true}]}}