{"id":116860,"date":"2024-11-05T16:57:35","date_gmt":"2024-11-05T15:57:35","guid":{"rendered":"https:\/\/secureus.se\/?post_type=product&#038;p=116860"},"modified":"2026-01-12T12:00:50","modified_gmt":"2026-01-12T11:00:50","slug":"markeringstejp-duraline-basic-50-016-2","status":"publish","type":"product","link":"https:\/\/secureus.se\/no\/markeringstejp-duraline-basic-50-016-2\/","title":{"rendered":"Merkeb\u00e5nd DURALINE\u00ae BASIC 50\/016"},"content":{"rendered":"<p>Selvklebende merketape som kan formes til ujevne overflater eller rundt kanter og hj\u00f8rner. Gummilimet til tapen gj\u00f8r, i tillegg til \u00e5 v\u00e6re formbart, ogs\u00e5 at det enkelt kan fjernes uten \u00e5 etterlate noen limrester, noe som gj\u00f8r det perfekt for midlertidig s\u00e5 vel som mer permanent merking av overflater og gjenstander. For innend\u00f8rs bruk p\u00e5 rene, olje- og st\u00f8vfrie overflater. S\u00f8rg for at gulv, s\u00f8yler, rekkverk, d\u00f8r\u00e5pninger osv., som kan utgj\u00f8re en risiko, er tydelig merket og godt lagt merke til av de rundt dem. Tapen er glatt og har ikke sklisikkerhetsklasse. Instruksjoner for montering medf\u00f8lger. Bredde: 50 mm Tykkelse: 0,16 mm Lengde: 33 m<\/p>","protected":false},"excerpt":{"rendered":"<p>Merkeb\u00e5nd for \u00e5 markere, fargekode og gj\u00f8re oppmerksom p\u00e5 for eksempel farer og farer innend\u00f8rs<\/p>","protected":false},"featured_media":137050,"template":"","meta":{"_acf_changed":false},"product_brand":[],"product_cat":[4303],"product_tag":[4389],"class_list":{"0":"post-116860","1":"product","2":"type-product","3":"status-publish","4":"has-post-thumbnail","6":"product_cat-golvtejp","7":"product_tag-rod","8":"product_shipping_class-tunga-paket","9":"pa_brands-durable","10":"pa_farg-rod","11":"tm-no-options","13":"first","14":"instock","15":"sale","16":"taxable","17":"shipping-taxable","18":"purchasable","19":"product-type-simple"},"acf":[],"_links":{"self":[{"href":"https:\/\/secureus.se\/no\/wp-json\/wp\/v2\/product\/116860","targetHints":{"allow":["GET"]}}],"collection":[{"href":"https:\/\/secureus.se\/no\/wp-json\/wp\/v2\/product"}],"about":[{"href":"https:\/\/secureus.se\/no\/wp-json\/wp\/v2\/types\/product"}],"wp:featuredmedia":[{"embeddable":true,"href":"https:\/\/secureus.se\/no\/wp-json\/wp\/v2\/media\/137050"}],"wp:attachment":[{"href":"https:\/\/secureus.se\/no\/wp-json\/wp\/v2\/media?parent=116860"}],"wp:term":[{"taxonomy":"product_brand","embeddable":true,"href":"https:\/\/secureus.se\/no\/wp-json\/wp\/v2\/product_brand?post=116860"},{"taxonomy":"product_cat","embeddable":true,"href":"https:\/\/secureus.se\/no\/wp-json\/wp\/v2\/product_cat?post=116860"},{"taxonomy":"product_tag","embeddable":true,"href":"https:\/\/secureus.se\/no\/wp-json\/wp\/v2\/product_tag?post=116860"}],"curies":[{"name":"wp","href":"https:\/\/api.w.org\/{rel}","templated":true}]}}