{"id":117030,"date":"2024-11-05T16:54:24","date_gmt":"2024-11-05T15:54:24","guid":{"rendered":"https:\/\/secureus.se\/?post_type=product&#038;p=117030"},"modified":"2026-01-12T12:01:10","modified_gmt":"2026-01-12T11:01:10","slug":"etiketthallare-sjalvhaftande-hard-cover-1-2-a5l-210x74","status":"publish","type":"product","link":"https:\/\/secureus.se\/no\/etiketthallare-sjalvhaftande-hard-cover-1-2-a5l-210x74\/","title":{"rendered":"Selvklebende etikettholder HARD DEKSEL 1\/2 A5L, 210\u00d774"},"content":{"rendered":"<p>Tydelig og omfattende merking av hyller, skap, d\u00f8rer, paller, containere og andre rom forbedrer og effektiviserer arbeidsprosessen p\u00e5 lager og i produksjonsanlegg. De gjennomsiktige, selvklebende etikettholderne laget av stiv PET-plast kan leses med en skanner. Etikettene er enkle \u00e5 skifte fordi holderne er \u00e5pne i toppen og p\u00e5 begge sider og har ogs\u00e5 avfasede hj\u00f8rner for enkel tilgang til etiketten. Installert med limstrimler som kan fjernes uten \u00e5 etterlate limrester n\u00e5r de fjernes. Hver etikettholder er dekket med en gjennomsiktig plastfilm som beskytter mot riper under transport og lagring. Beskyttelsesfilmen fjernes enkelt n\u00e5r produktet skal brukes. En gratis mal for etiketten er tilgjengelig p\u00e5 www.duraprint.se.<br \/>\nInnvendige m\u00e5l: 1\/2 A5 landskap (210 x 74 mm)(B x H), i henhold til VDA-standard<br \/>\nYtre m\u00e5l: 213 x 79 mm (B x H)<br \/>\nTilbeh\u00f8r: Etiketter p\u00e5 A4-ark, art. nr. 102802<\/p>","protected":false},"excerpt":{"rendered":"<p>Etikettholder i PET-plast med selvklebende og avtagbare selvklebende strips p\u00e5 baksiden. Til bruk p\u00e5 f.eks hyllekanter.<\/p>","protected":false},"featured_media":136386,"template":"","meta":{"_acf_changed":false},"product_brand":[],"product_cat":[4335],"product_tag":[4376],"class_list":{"0":"post-117030","1":"product","2":"type-product","3":"status-publish","4":"has-post-thumbnail","6":"product_cat-etiketthallare","7":"product_tag-transparent","8":"product_shipping_class-tunga-paket","9":"pa_brands-durable","10":"pa_farg-transparent","11":"tm-no-options","13":"first","14":"instock","15":"sale","16":"taxable","17":"shipping-taxable","18":"purchasable","19":"product-type-simple"},"acf":[],"_links":{"self":[{"href":"https:\/\/secureus.se\/no\/wp-json\/wp\/v2\/product\/117030","targetHints":{"allow":["GET"]}}],"collection":[{"href":"https:\/\/secureus.se\/no\/wp-json\/wp\/v2\/product"}],"about":[{"href":"https:\/\/secureus.se\/no\/wp-json\/wp\/v2\/types\/product"}],"wp:featuredmedia":[{"embeddable":true,"href":"https:\/\/secureus.se\/no\/wp-json\/wp\/v2\/media\/136386"}],"wp:attachment":[{"href":"https:\/\/secureus.se\/no\/wp-json\/wp\/v2\/media?parent=117030"}],"wp:term":[{"taxonomy":"product_brand","embeddable":true,"href":"https:\/\/secureus.se\/no\/wp-json\/wp\/v2\/product_brand?post=117030"},{"taxonomy":"product_cat","embeddable":true,"href":"https:\/\/secureus.se\/no\/wp-json\/wp\/v2\/product_cat?post=117030"},{"taxonomy":"product_tag","embeddable":true,"href":"https:\/\/secureus.se\/no\/wp-json\/wp\/v2\/product_tag?post=117030"}],"curies":[{"name":"wp","href":"https:\/\/api.w.org\/{rel}","templated":true}]}}