{"id":117054,"date":"2024-11-05T16:53:25","date_gmt":"2024-11-05T15:53:25","guid":{"rendered":"https:\/\/secureus.se\/?post_type=product&#038;p=117054"},"modified":"2026-01-12T12:01:38","modified_gmt":"2026-01-12T11:01:38","slug":"plastficka-magnetisk-hard-cover-a5-l","status":"publish","type":"product","link":"https:\/\/secureus.se\/no\/plastficka-magnetisk-hard-cover-a5-l\/","title":{"rendered":"Plastlomme magnetisk HARDT DEKSEL A5 L"},"content":{"rendered":"<p>Tydelig og omfattende merking av hyller, skap, d\u00f8rer, containere og andre rom forbedrer og effektiviserer arbeidsprosessen i lager og i produksjonsanlegg. De gjennomsiktige, magnetiske plastlommene laget av stiv PET-plast kan leses med en skanner. Etikettene er enkle \u00e5 skifte fordi lommene er \u00e5pne i toppen og p\u00e5 begge sider og har ogs\u00e5 avfasede hj\u00f8rner for enkel tilgang til innsatsen. To magnetlister p\u00e5 baksiden holder lommen godt p\u00e5 plass. Hver etikettholder er dekket med en gjennomsiktig plastfilm som beskytter mot riper under transport og lagring. Beskyttelsesfilmen fjernes enkelt n\u00e5r produktet skal brukes. En gratis mal for etiketten er tilgjengelig p\u00e5 www.duraprint.se.<br \/>\nInnvendige m\u00e5l: A5L (210\u00d7148 mm B x H)<br \/>\nYtre m\u00e5l: 213 x 153 mm (B x H)<br \/>\nTilbeh\u00f8r: Etiketter p\u00e5 A4-ark, art. nr. 485502<\/p>","protected":false},"excerpt":{"rendered":"<p>Plastlomme i PET-plast i A5 liggende format med to magnetlister p\u00e5 baksiden. For bruk p\u00e5 metalloverflater som oppbevaringshyller og metallbeholdere.<\/p>","protected":false},"featured_media":136139,"template":"","meta":{"_acf_changed":false},"product_brand":[],"product_cat":[4306],"product_tag":[4376],"class_list":{"0":"post-117054","1":"product","2":"type-product","3":"status-publish","4":"has-post-thumbnail","6":"product_cat-markning-pallstall","7":"product_tag-transparent","8":"product_shipping_class-tunga-paket","9":"pa_brands-durable","10":"pa_farg-transparent","11":"tm-no-options","13":"first","14":"instock","15":"sale","16":"taxable","17":"shipping-taxable","18":"purchasable","19":"product-type-simple"},"acf":[],"_links":{"self":[{"href":"https:\/\/secureus.se\/no\/wp-json\/wp\/v2\/product\/117054","targetHints":{"allow":["GET"]}}],"collection":[{"href":"https:\/\/secureus.se\/no\/wp-json\/wp\/v2\/product"}],"about":[{"href":"https:\/\/secureus.se\/no\/wp-json\/wp\/v2\/types\/product"}],"wp:featuredmedia":[{"embeddable":true,"href":"https:\/\/secureus.se\/no\/wp-json\/wp\/v2\/media\/136139"}],"wp:attachment":[{"href":"https:\/\/secureus.se\/no\/wp-json\/wp\/v2\/media?parent=117054"}],"wp:term":[{"taxonomy":"product_brand","embeddable":true,"href":"https:\/\/secureus.se\/no\/wp-json\/wp\/v2\/product_brand?post=117054"},{"taxonomy":"product_cat","embeddable":true,"href":"https:\/\/secureus.se\/no\/wp-json\/wp\/v2\/product_cat?post=117054"},{"taxonomy":"product_tag","embeddable":true,"href":"https:\/\/secureus.se\/no\/wp-json\/wp\/v2\/product_tag?post=117054"}],"curies":[{"name":"wp","href":"https:\/\/api.w.org\/{rel}","templated":true}]}}