{"id":117087,"date":"2024-11-20T14:13:10","date_gmt":"2024-11-20T13:13:10","guid":{"rendered":"https:\/\/secureus.se\/?post_type=product&#038;p=117087"},"modified":"2026-01-12T12:47:46","modified_gmt":"2026-01-12T11:47:46","slug":"namnskylt-60x90-vridbart-clips","status":"publish","type":"product","link":"https:\/\/secureus.se\/no\/namnskylt-60x90-vridbart-clips\/","title":{"rendered":"Navneskilt 60\u00d790, dreibar klips"},"content":{"rendered":"<p>Konferansedeltakere, bes\u00f8kende p\u00e5 bedrifter, ansatte p\u00e5 messer, i butikker, serviceyrker og selgere \u2013 listen kan utvides der det er behov for navnelapper i ulike st\u00f8rrelser, utforminger og festemuligheter. Dette navneskiltet er i liggende format 60x90mm med en dreibar hengselklemme som gj\u00f8r at skiltet alltid henger i riktig posisjon. Den nedkuttede fronten gj\u00f8r det enkelt dersom kortet m\u00e5 skiftes relativt ofte. Hvite etiketter i en stripe er inkludert. Etiketter p\u00e5 A4-ark for utskrift i printere kan bestilles separat. Bruk gratisprogrammet DURAPRINT\u00ae tilgjengelig p\u00e5 www.duraprint.se for \u00e5 lage og skrive ut stilige navneetiketter.<br \/>\nTilbeh\u00f8r:<br \/>\nBadgemaker\u00ae-etiketter p\u00e5 A4-ark for utskrift i skriver, varenr<\/p>","protected":false},"excerpt":{"rendered":"<p>Hengende navneskilt i liggende format 60x90mm med opphengsklips. Utskj\u00e6ring foran for enkelt kortskifte. 25 stk\/eske<\/p>","protected":false},"featured_media":133578,"template":"","meta":{"_acf_changed":false},"product_brand":[],"product_cat":[4284],"product_tag":[4376],"class_list":{"0":"post-117087","1":"product","2":"type-product","3":"status-publish","4":"has-post-thumbnail","6":"product_cat-namnskyltar-med-clips","7":"product_tag-transparent","8":"product_shipping_class-tunga-paket","9":"pa_brands-durable","10":"pa_farg-transparent","11":"tm-no-options","13":"first","14":"instock","15":"sale","16":"taxable","17":"shipping-taxable","18":"purchasable","19":"product-type-simple"},"acf":[],"_links":{"self":[{"href":"https:\/\/secureus.se\/no\/wp-json\/wp\/v2\/product\/117087","targetHints":{"allow":["GET"]}}],"collection":[{"href":"https:\/\/secureus.se\/no\/wp-json\/wp\/v2\/product"}],"about":[{"href":"https:\/\/secureus.se\/no\/wp-json\/wp\/v2\/types\/product"}],"wp:featuredmedia":[{"embeddable":true,"href":"https:\/\/secureus.se\/no\/wp-json\/wp\/v2\/media\/133578"}],"wp:attachment":[{"href":"https:\/\/secureus.se\/no\/wp-json\/wp\/v2\/media?parent=117087"}],"wp:term":[{"taxonomy":"product_brand","embeddable":true,"href":"https:\/\/secureus.se\/no\/wp-json\/wp\/v2\/product_brand?post=117087"},{"taxonomy":"product_cat","embeddable":true,"href":"https:\/\/secureus.se\/no\/wp-json\/wp\/v2\/product_cat?post=117087"},{"taxonomy":"product_tag","embeddable":true,"href":"https:\/\/secureus.se\/no\/wp-json\/wp\/v2\/product_tag?post=117087"}],"curies":[{"name":"wp","href":"https:\/\/api.w.org\/{rel}","templated":true}]}}