{"id":117117,"date":"2024-11-05T17:19:24","date_gmt":"2024-11-05T16:19:24","guid":{"rendered":"https:\/\/secureus.se\/?post_type=product&#038;p=117117"},"modified":"2026-01-12T12:31:01","modified_gmt":"2026-01-12T11:31:01","slug":"sjalvhaftande-kabelhallare-cavoline-clip-mix-2","status":"publish","type":"product","link":"https:\/\/secureus.se\/no\/sjalvhaftande-kabelhallare-cavoline-clip-mix-2\/","title":{"rendered":"Selvklebende kabelholder CAVOLINE\u00ae CLIP MIX"},"content":{"rendered":"<p>Hold kablene i orden med CAVOLINE\u00ae b\u00e5de p\u00e5 kontoret og i hjemmemilj\u00f8et. Samle kablene og det ser penere ut og er ogs\u00e5 lettere \u00e5 rengj\u00f8re.<br \/>\nSett med selvklebende kabelholdere laget av myk plast for 1, 2, 3 og 4 USB- eller telefonkabler med en maksimal diameter p\u00e5 5 mm. Festes p\u00e5 glatte og rene overflater. Inneholder: 2 holdere hver for 1, 2 og 3 kabler og 1 holder for 4 kabler.<\/p>","protected":false},"excerpt":{"rendered":"<p>Sett med selvklebende kabelklips for 1, 2, 3 og 4 USB-kabler.<\/p>","protected":false},"featured_media":135438,"template":"","meta":{"_acf_changed":false},"product_brand":[],"product_cat":[4287,4252],"product_tag":[4404],"class_list":{"0":"post-117117","1":"product","2":"type-product","3":"status-publish","4":"has-post-thumbnail","6":"product_cat-kabelsamlare","7":"product_cat-sjalvhaftande-fickor","8":"product_tag-grafitgra","9":"product_shipping_class-tunga-paket","10":"pa_brands-durable","11":"pa_farg-grafitgra","12":"tm-no-options","14":"first","15":"instock","16":"sale","17":"taxable","18":"shipping-taxable","19":"purchasable","20":"product-type-simple"},"acf":[],"_links":{"self":[{"href":"https:\/\/secureus.se\/no\/wp-json\/wp\/v2\/product\/117117","targetHints":{"allow":["GET"]}}],"collection":[{"href":"https:\/\/secureus.se\/no\/wp-json\/wp\/v2\/product"}],"about":[{"href":"https:\/\/secureus.se\/no\/wp-json\/wp\/v2\/types\/product"}],"wp:featuredmedia":[{"embeddable":true,"href":"https:\/\/secureus.se\/no\/wp-json\/wp\/v2\/media\/135438"}],"wp:attachment":[{"href":"https:\/\/secureus.se\/no\/wp-json\/wp\/v2\/media?parent=117117"}],"wp:term":[{"taxonomy":"product_brand","embeddable":true,"href":"https:\/\/secureus.se\/no\/wp-json\/wp\/v2\/product_brand?post=117117"},{"taxonomy":"product_cat","embeddable":true,"href":"https:\/\/secureus.se\/no\/wp-json\/wp\/v2\/product_cat?post=117117"},{"taxonomy":"product_tag","embeddable":true,"href":"https:\/\/secureus.se\/no\/wp-json\/wp\/v2\/product_tag?post=117117"}],"curies":[{"name":"wp","href":"https:\/\/api.w.org\/{rel}","templated":true}]}}