{"id":117131,"date":"2024-11-20T14:13:38","date_gmt":"2024-11-20T13:13:38","guid":{"rendered":"https:\/\/secureus.se\/?post_type=product&#038;p=117131"},"modified":"2026-01-12T12:50:57","modified_gmt":"2026-01-12T11:50:57","slug":"namnskylt-badgefix-40x75-sjalvhaftande","status":"publish","type":"product","link":"https:\/\/secureus.se\/no\/namnskylt-badgefix-40x75-sjalvhaftande\/","title":{"rendered":"Navneskilt BADGEFIX 40\u00d775, selvklebende"},"content":{"rendered":"<p>Konferansedeltakere, bes\u00f8kende p\u00e5 bedrifter, ansatte p\u00e5 messer, i butikker, serviceyrker og selgere \u2013 listen kan utvides der det er behov for navnelapper i ulike st\u00f8rrelser, utforminger og festemuligheter. Denne selvklebende navnelappen laget av acetatsilke i formatet 40x75mm er egnet for en rask og enkel inskripsjon av navnet. Anbefales ikke p\u00e5 silke, semsket skinn, l\u00e6r og andre sensitive materialer. 20 ark = 240 navnelapper i en pakke<\/p>","protected":false},"excerpt":{"rendered":"<p>Selvklebende navneskilt laget av acetatsilke 40x75 mm p\u00e5 utskrivbare A4-ark<\/p>","protected":false},"featured_media":133769,"template":"","meta":{"_acf_changed":false},"product_brand":[],"product_cat":[4275,4274],"product_tag":[4396],"class_list":{"0":"post-117131","1":"product","2":"type-product","3":"status-publish","4":"has-post-thumbnail","6":"product_cat-namnskyltar-kompletta-set","7":"product_cat-namnskyltar-sjalvhaftande","8":"product_tag-vit","9":"product_shipping_class-tunga-paket","10":"pa_brands-durable","11":"pa_farg-vit","12":"tm-no-options","14":"first","15":"instock","16":"sale","17":"taxable","18":"shipping-taxable","19":"purchasable","20":"product-type-simple"},"acf":[],"_links":{"self":[{"href":"https:\/\/secureus.se\/no\/wp-json\/wp\/v2\/product\/117131","targetHints":{"allow":["GET"]}}],"collection":[{"href":"https:\/\/secureus.se\/no\/wp-json\/wp\/v2\/product"}],"about":[{"href":"https:\/\/secureus.se\/no\/wp-json\/wp\/v2\/types\/product"}],"wp:featuredmedia":[{"embeddable":true,"href":"https:\/\/secureus.se\/no\/wp-json\/wp\/v2\/media\/133769"}],"wp:attachment":[{"href":"https:\/\/secureus.se\/no\/wp-json\/wp\/v2\/media?parent=117131"}],"wp:term":[{"taxonomy":"product_brand","embeddable":true,"href":"https:\/\/secureus.se\/no\/wp-json\/wp\/v2\/product_brand?post=117131"},{"taxonomy":"product_cat","embeddable":true,"href":"https:\/\/secureus.se\/no\/wp-json\/wp\/v2\/product_cat?post=117131"},{"taxonomy":"product_tag","embeddable":true,"href":"https:\/\/secureus.se\/no\/wp-json\/wp\/v2\/product_tag?post=117131"}],"curies":[{"name":"wp","href":"https:\/\/api.w.org\/{rel}","templated":true}]}}