{"id":117183,"date":"2024-11-05T17:18:33","date_gmt":"2024-11-05T16:18:33","guid":{"rendered":"https:\/\/secureus.se\/?post_type=product&#038;p=117183"},"modified":"2026-01-12T12:12:29","modified_gmt":"2026-01-12T11:12:29","slug":"skrivplatta-a4-2","status":"publish","type":"product","link":"https:\/\/secureus.se\/no\/skrivplatta-a4-2\/","title":{"rendered":"Skriveblokk A4"},"content":{"rendered":"<p>Skriveunderlag laget av plastbelagt kraftig papp. Solid klemme i \u00f8vre kant holder blokker eller dokumenter p\u00e5 plass. Ekstra lomme for oppbevaring av l\u00f8se papirer\/dokumenter eller dytte ned baksiden av puten.<\/p>","protected":false},"excerpt":{"rendered":"<p>Skriveblokk for format A4.<\/p>","protected":false},"featured_media":136373,"template":"","meta":{"_acf_changed":false},"product_brand":[],"product_cat":[4313],"product_tag":[4387],"class_list":{"0":"post-117183","1":"product","2":"type-product","3":"status-publish","4":"has-post-thumbnail","6":"product_cat-skrivplattor","7":"product_tag-bla","8":"product_shipping_class-tunga-paket","9":"pa_brands-durable","10":"pa_farg-bla","11":"tm-no-options","13":"first","14":"instock","15":"sale","16":"taxable","17":"shipping-taxable","18":"purchasable","19":"product-type-simple"},"acf":[],"_links":{"self":[{"href":"https:\/\/secureus.se\/no\/wp-json\/wp\/v2\/product\/117183","targetHints":{"allow":["GET"]}}],"collection":[{"href":"https:\/\/secureus.se\/no\/wp-json\/wp\/v2\/product"}],"about":[{"href":"https:\/\/secureus.se\/no\/wp-json\/wp\/v2\/types\/product"}],"wp:featuredmedia":[{"embeddable":true,"href":"https:\/\/secureus.se\/no\/wp-json\/wp\/v2\/media\/136373"}],"wp:attachment":[{"href":"https:\/\/secureus.se\/no\/wp-json\/wp\/v2\/media?parent=117183"}],"wp:term":[{"taxonomy":"product_brand","embeddable":true,"href":"https:\/\/secureus.se\/no\/wp-json\/wp\/v2\/product_brand?post=117183"},{"taxonomy":"product_cat","embeddable":true,"href":"https:\/\/secureus.se\/no\/wp-json\/wp\/v2\/product_cat?post=117183"},{"taxonomy":"product_tag","embeddable":true,"href":"https:\/\/secureus.se\/no\/wp-json\/wp\/v2\/product_tag?post=117183"}],"curies":[{"name":"wp","href":"https:\/\/api.w.org\/{rel}","templated":true}]}}