{"id":117271,"date":"2024-11-05T16:48:58","date_gmt":"2024-11-05T15:48:58","guid":{"rendered":"https:\/\/secureus.se\/?post_type=product&#038;p=117271"},"modified":"2026-01-12T12:49:12","modified_gmt":"2026-01-12T11:49:12","slug":"sjalvhaftande-hornficka-cornerfix-75x75","status":"publish","type":"product","link":"https:\/\/secureus.se\/no\/sjalvhaftande-hornficka-cornerfix-75x75\/","title":{"rendered":"Selvklebende hj\u00f8rnelomme CORNERFIX\u00ae 75\u00d775"},"content":{"rendered":"<p>Fest den skr\u00e5 hj\u00f8rnelommen CORNERFIX\u00ae p\u00e5 innsiden av en mappe, perm eller notatbok, og l\u00f8st materiale som visittkort, l\u00f8se ark med midlertidige tilbud etc. kan legges i lommen. Gjennomsiktige lommer laget av klar polypropylen med selvklebende bakside. 25 ark med 4 lommer per ark, totalt 100 lommer i pakken. Liten lomme med m\u00e5l 75x75mm. <\/p>","protected":false},"excerpt":{"rendered":"<p>Trekantet, selvklebende lomme for l\u00f8se papirer i permer og permer<\/p>","protected":false},"featured_media":136475,"template":"","meta":{"_acf_changed":false},"product_brand":[],"product_cat":[4252],"product_tag":[4376],"class_list":{"0":"post-117271","1":"product","2":"type-product","3":"status-publish","4":"has-post-thumbnail","6":"product_cat-sjalvhaftande-fickor","7":"product_tag-transparent","8":"product_shipping_class-tunga-paket","9":"pa_brands-durable","10":"pa_farg-transparent","11":"tm-no-options","13":"first","14":"instock","15":"sale","16":"taxable","17":"shipping-taxable","18":"purchasable","19":"product-type-simple"},"acf":[],"_links":{"self":[{"href":"https:\/\/secureus.se\/no\/wp-json\/wp\/v2\/product\/117271","targetHints":{"allow":["GET"]}}],"collection":[{"href":"https:\/\/secureus.se\/no\/wp-json\/wp\/v2\/product"}],"about":[{"href":"https:\/\/secureus.se\/no\/wp-json\/wp\/v2\/types\/product"}],"wp:featuredmedia":[{"embeddable":true,"href":"https:\/\/secureus.se\/no\/wp-json\/wp\/v2\/media\/136475"}],"wp:attachment":[{"href":"https:\/\/secureus.se\/no\/wp-json\/wp\/v2\/media?parent=117271"}],"wp:term":[{"taxonomy":"product_brand","embeddable":true,"href":"https:\/\/secureus.se\/no\/wp-json\/wp\/v2\/product_brand?post=117271"},{"taxonomy":"product_cat","embeddable":true,"href":"https:\/\/secureus.se\/no\/wp-json\/wp\/v2\/product_cat?post=117271"},{"taxonomy":"product_tag","embeddable":true,"href":"https:\/\/secureus.se\/no\/wp-json\/wp\/v2\/product_tag?post=117271"}],"curies":[{"name":"wp","href":"https:\/\/api.w.org\/{rel}","templated":true}]}}