{"id":117272,"date":"2024-11-05T17:01:08","date_gmt":"2024-11-05T16:01:08","guid":{"rendered":"https:\/\/secureus.se\/?post_type=product&#038;p=117272"},"modified":"2026-01-12T12:55:04","modified_gmt":"2026-01-12T11:55:04","slug":"vagghallare-for-surfplatta-visioclip","status":"publish","type":"product","link":"https:\/\/secureus.se\/no\/vagghallare-for-surfplatta-visioclip\/","title":{"rendered":"Veggholder for nettbrett VISIOCLIP"},"content":{"rendered":"<p>Denne veggholderen, som best\u00e5r av to klips\/fester, settes enkelt opp og f\u00e5r nettbrettet til \u00e5 gli diskret inn p\u00e5 kontoret, industrien eller i hjemmet i hjemmet - kj\u00f8kkenet, stuen og hallen, for eksempel for operativ bruk eller oppbevaring slik at det er enkelt \u00e5 finne n\u00e5r du trenger det. Kan ogs\u00e5 brukes som ladestasjon for smarttelefoner.<br \/>\nBrakettene er satt opp slik at nettbrettet kan brukes i st\u00e5ende eller liggende format. Monteres p\u00e5 veggen med skruer (mal for borehullene medf\u00f8lger) alternativt med selvklebende stor festepute som kan tas av uten \u00e5 sette spor p\u00e5 veggen. Nettbrettet sitter godt i VISIOCLIP n\u00e5r det er i bruk og er beregnet p\u00e5 enheter som veier maksimalt 1 kg og har en maksimal dybde p\u00e5 10 mm. Nettbrettet er enkelt \u00e5 sette inn eller fjerne festene, som er slitesterke takket v\u00e6re deres design med integrerte kroker som hindrer dem i \u00e5 brekke av.<\/p>","protected":false},"excerpt":{"rendered":"<p>Veggholder for nettbrett og smarttelefoner som enkelt kan settes inn og fjernes.<\/p>","protected":false},"featured_media":135768,"template":"","meta":{"_acf_changed":false},"product_brand":[],"product_cat":[4236],"product_tag":[4390],"class_list":{"0":"post-117272","1":"product","2":"type-product","3":"status-publish","4":"has-post-thumbnail","6":"product_cat-surfplattehallare","7":"product_tag-morkgra","8":"product_shipping_class-tunga-paket","9":"pa_brands-durable","10":"pa_farg-morkgra","11":"tm-no-options","13":"first","14":"instock","15":"sale","16":"taxable","17":"shipping-taxable","18":"purchasable","19":"product-type-simple"},"acf":[],"_links":{"self":[{"href":"https:\/\/secureus.se\/no\/wp-json\/wp\/v2\/product\/117272","targetHints":{"allow":["GET"]}}],"collection":[{"href":"https:\/\/secureus.se\/no\/wp-json\/wp\/v2\/product"}],"about":[{"href":"https:\/\/secureus.se\/no\/wp-json\/wp\/v2\/types\/product"}],"wp:featuredmedia":[{"embeddable":true,"href":"https:\/\/secureus.se\/no\/wp-json\/wp\/v2\/media\/135768"}],"wp:attachment":[{"href":"https:\/\/secureus.se\/no\/wp-json\/wp\/v2\/media?parent=117272"}],"wp:term":[{"taxonomy":"product_brand","embeddable":true,"href":"https:\/\/secureus.se\/no\/wp-json\/wp\/v2\/product_brand?post=117272"},{"taxonomy":"product_cat","embeddable":true,"href":"https:\/\/secureus.se\/no\/wp-json\/wp\/v2\/product_cat?post=117272"},{"taxonomy":"product_tag","embeddable":true,"href":"https:\/\/secureus.se\/no\/wp-json\/wp\/v2\/product_tag?post=117272"}],"curies":[{"name":"wp","href":"https:\/\/api.w.org\/{rel}","templated":true}]}}