{"id":117304,"date":"2024-11-05T17:16:53","date_gmt":"2024-11-05T16:16:53","guid":{"rendered":"https:\/\/secureus.se\/?post_type=product&#038;p=117304"},"modified":"2026-01-12T12:34:16","modified_gmt":"2026-01-12T11:34:16","slug":"skarmhallare-pro-for-1-skarm-vaggfaste","status":"publish","type":"product","link":"https:\/\/secureus.se\/no\/skarmhallare-pro-for-1-skarm-vaggfaste\/","title":{"rendered":"Skjermholder PRO for 1 skjerm, veggfeste"},"content":{"rendered":"<p>Durables serie med brukervennlige skjermholdere og veggfester for dataskjermer av god kvalitet frigj\u00f8r skrivebordsplass og gir god arbeidsergonomi. Takket v\u00e6re det tidl\u00f8se og elegante designet gj\u00f8r de seg godt i mange forskjellige milj\u00f8er. Beregnet for skjermer med format 21 \u2013 28 tommer og vekt 3-8 kg, som er forberedt for VESA-montering 75 x 75 mm eller 100 x 100 mm. Skjermen klikkes ganske enkelt inn i det patents\u00f8kte hurtigfestet. Veggfestene er fleksible da de er roterbare for \u00e5 ha skjermen i st\u00e5ende eller liggende posisjon og kan vinkles for en god lesevinkel. Laget av utvalgte f\u00f8rsteklasses materialer for lang levetid \u2013 aluminium, metall og h\u00f8ykvalitetsplast p\u00e5 opptil 50 % fra resirkulert materiale. Resirkulerbare opptil 100 % gj\u00f8r disse skjermholderne milj\u00f8vennlige i henhold til ISO 14021. Produksjonen skjer i DURABLEs produksjonsanlegg i Tyskland. 10 \u00e5rs garanti. S\u00f8knaden om \u00e5 f\u00e5 godkjent disse veggfestene for skjermer med sikkerhetsmerket GS (proven safety) som gir kj\u00f8pere, forhandlere og sluttforbrukere en garanti for at produktet oppfyller de siste sikkerhetskravene er sendt inn, samt s\u00f8knad om T\u00dcV-sertifisering som er ogs\u00e5 en anerkjent tysk produktsikkerhets- og kvalitetssertifisering.<\/p>\n<p>Dette skjermveggfestet er ogs\u00e5 egnet for buede skjermer p\u00e5 opptil 38 tommer. Tre kabelklips som kan plasseres individuelt der det passer er inkludert - for \u00e5 holde kablene organisert. Avhengig av st\u00f8rrelsen p\u00e5 skjermen kan skjermen vinkles 110 - 85\u00b0 oppover og 25\u00b0 nedover og det er mulig \u00e5 svinge litt sidelengs. Skrue og plugg for veggmontering medf\u00f8lger. Dimensjoner: 130 x 120 x 140 mm (B x H x D)<\/p>\n<p>Les mer om GS-merking: https:\/\/www.handelskammer.se\/vara-tjanster\/miljorapportering\/symbolguiden\/geprufte-sicherheit-provad-sakerhet<br \/>\nLes mer om T\u00dcV-sertifisering: https:\/\/www.handelskammer.se\/vara-tjanster\/miljorapportering\/symbolguiden\/tuv-technischer-uberwachungsverein<br \/>\nGarantivilk\u00e5rene finner du her: https:\/\/www.durable.se\/sv_SE\/service\/garanti\/garanti-foer-skaermhaallare\/<\/p>","protected":false},"excerpt":{"rendered":"<p>Veggfeste for en dataskjerm. Kan roteres 360\u00b0 for st\u00e5ende eller liggende posisjon. Hvor mye den kan vinkles og svinges avhenger av st\u00f8rrelsen p\u00e5 skjermen.<\/p>","protected":false},"featured_media":135664,"template":"","meta":{"_acf_changed":false},"product_brand":[],"product_cat":[4243],"product_tag":[4382],"class_list":{"0":"post-117304","1":"product","2":"type-product","3":"status-publish","4":"has-post-thumbnail","6":"product_cat-skarmhallare","7":"product_tag-silver","8":"product_shipping_class-tunga-paket","9":"pa_brands-durable","10":"pa_farg-silver","11":"tm-no-options","13":"first","14":"instock","15":"sale","16":"taxable","17":"shipping-taxable","18":"purchasable","19":"product-type-simple"},"acf":[],"_links":{"self":[{"href":"https:\/\/secureus.se\/no\/wp-json\/wp\/v2\/product\/117304","targetHints":{"allow":["GET"]}}],"collection":[{"href":"https:\/\/secureus.se\/no\/wp-json\/wp\/v2\/product"}],"about":[{"href":"https:\/\/secureus.se\/no\/wp-json\/wp\/v2\/types\/product"}],"wp:featuredmedia":[{"embeddable":true,"href":"https:\/\/secureus.se\/no\/wp-json\/wp\/v2\/media\/135664"}],"wp:attachment":[{"href":"https:\/\/secureus.se\/no\/wp-json\/wp\/v2\/media?parent=117304"}],"wp:term":[{"taxonomy":"product_brand","embeddable":true,"href":"https:\/\/secureus.se\/no\/wp-json\/wp\/v2\/product_brand?post=117304"},{"taxonomy":"product_cat","embeddable":true,"href":"https:\/\/secureus.se\/no\/wp-json\/wp\/v2\/product_cat?post=117304"},{"taxonomy":"product_tag","embeddable":true,"href":"https:\/\/secureus.se\/no\/wp-json\/wp\/v2\/product_tag?post=117304"}],"curies":[{"name":"wp","href":"https:\/\/api.w.org\/{rel}","templated":true}]}}