{"id":117319,"date":"2024-11-05T17:00:29","date_gmt":"2024-11-05T16:00:29","guid":{"rendered":"https:\/\/secureus.se\/?post_type=product&#038;p=117319"},"modified":"2026-01-12T12:56:48","modified_gmt":"2026-01-12T11:56:48","slug":"hornskydd-c19","status":"publish","type":"product","link":"https:\/\/secureus.se\/no\/hornskydd-c19\/","title":{"rendered":"Hj\u00f8rnebeskyttelse C19"},"content":{"rendered":"<p>Varslings- og beskyttelsesprofiler som denne hj\u00f8rnebeskyttelsen brukes i industrier og andre innemilj\u00f8er for \u00e5 beskytte mennesker, kj\u00f8ret\u00f8y og innredning ved lette kollisjoner. De sorte\/gule stripene varsler skarpe hj\u00f8rner og polyuretanskummet, som beskyttelsesprofilen er laget av, er st\u00f8tdempende. Den selvklebende hj\u00f8rnebeskytteren kuttes til \u00f8nsket lengde med en skarp kniv. Sterk, selvklebende klebende overflate av god kvalitet som blant annet fester seg til metall, tre, papp og fliser med best resultat dersom temperaturen er 10-30\u00b0C. Fargenyanser i henhold til ASR A1.3 tilsvarende RAL 1004\/9003 (signal gul\/signal sort).<br \/>\nTestet i henhold til brannklassifisering DIN EN 13501-1 klasse E.<br \/>\nTemperaturbestandig fra -30\u00b0C \u2013 + 70\u00b0C.<br \/>\nLengde 1 m. Ytre lengde 26 + 26 mm, lengde p\u00e5 limflate 19 + 19 mm, tykkelse 7 mm<\/p>","protected":false},"excerpt":{"rendered":"<p>Selvklebende hj\u00f8rnebeskyttelse med st\u00f8tdempende effekt. Svarte\/gule striper advarer og gj\u00f8r oppmerksom p\u00e5 potensiell risiko.<\/p>","protected":false},"featured_media":136044,"template":"","meta":{"_acf_changed":false},"product_brand":[],"product_cat":[4239],"product_tag":[4386],"class_list":{"0":"post-117319","1":"product","2":"type-product","3":"status-publish","4":"has-post-thumbnail","6":"product_cat-varnings-skyddsprofiler","7":"product_tag-gul-svart","8":"product_shipping_class-tunga-paket","9":"pa_brands-durable","10":"pa_farg-gul-svart","11":"tm-no-options","13":"first","14":"instock","15":"sale","16":"taxable","17":"shipping-taxable","18":"purchasable","19":"product-type-simple"},"acf":[],"_links":{"self":[{"href":"https:\/\/secureus.se\/no\/wp-json\/wp\/v2\/product\/117319","targetHints":{"allow":["GET"]}}],"collection":[{"href":"https:\/\/secureus.se\/no\/wp-json\/wp\/v2\/product"}],"about":[{"href":"https:\/\/secureus.se\/no\/wp-json\/wp\/v2\/types\/product"}],"wp:featuredmedia":[{"embeddable":true,"href":"https:\/\/secureus.se\/no\/wp-json\/wp\/v2\/media\/136044"}],"wp:attachment":[{"href":"https:\/\/secureus.se\/no\/wp-json\/wp\/v2\/media?parent=117319"}],"wp:term":[{"taxonomy":"product_brand","embeddable":true,"href":"https:\/\/secureus.se\/no\/wp-json\/wp\/v2\/product_brand?post=117319"},{"taxonomy":"product_cat","embeddable":true,"href":"https:\/\/secureus.se\/no\/wp-json\/wp\/v2\/product_cat?post=117319"},{"taxonomy":"product_tag","embeddable":true,"href":"https:\/\/secureus.se\/no\/wp-json\/wp\/v2\/product_tag?post=117319"}],"curies":[{"name":"wp","href":"https:\/\/api.w.org\/{rel}","templated":true}]}}