{"id":117328,"date":"2024-11-05T17:13:51","date_gmt":"2024-11-05T16:13:51","guid":{"rendered":"https:\/\/secureus.se\/?post_type=product&#038;p=117328"},"modified":"2026-01-12T12:54:44","modified_gmt":"2026-01-12T11:54:44","slug":"tablet-holder-floor","status":"publish","type":"product","link":"https:\/\/secureus.se\/no\/tablet-holder-floor\/","title":{"rendered":"TABLETTHOLDER GULV"},"content":{"rendered":"<p>Nettbrettholder i stilig og funksjonell design for nettbrett i st\u00f8rrelsene 7&quot;-13&quot; (160-275 mm). For presentasjoner og informasjonsdeling i offentlige milj\u00f8er, p\u00e5 messer, utstillinger, hoteller og restauranter. Stabilt og stabilt gulvstativ hvor overdelen kan vinkles uendelig fra 0\u00b0 til 88\u00b0. Holderen, med gummibelagte overflater som beskytter nettbrettet mot riper og skader, kan roteres 360\u00b0 med fire stoppposisjoner ved hver 90\u00b0, for bruk i st\u00e5ende eller liggende format. Nettbrettet er enkelt \u00e5 sette inn og ta ut av holderen, som er l\u00e5st med en spesialn\u00f8kkel for \u00e5 forhindre tyveri. I tillegg kan hele gulvstativet l\u00e5ses med ekstern kabell\u00e5s. Ladekabelen kobles gjennom en \u00e5pning i holderen. P\u00e5 baksiden av stativet er det en kabelholder som kan justeres i h\u00f8yden. 2 meter USB-kabel inkludert.<br \/>\nMaksimal vekt for nettbrettet 1 kg.<br \/>\nMaterialer: platemetall, aluminium, ABS-plast<br \/>\nDimensjoner: 270 x 1215 x 270 mm (B x H x D)<\/p>","protected":false},"excerpt":{"rendered":"<p>Nettbrettholder. Gulvstativ for presentasjoner og informasjon i offentlige milj\u00f8er, p\u00e5 messer, utstillinger, hoteller og restauranter.<\/p>","protected":false},"featured_media":135712,"template":"","meta":{"_acf_changed":false},"product_brand":[],"product_cat":[4236],"product_tag":[4382],"class_list":{"0":"post-117328","1":"product","2":"type-product","3":"status-publish","4":"has-post-thumbnail","6":"product_cat-surfplattehallare","7":"product_tag-silver","8":"product_shipping_class-tunga-paket","9":"pa_brands-durable","10":"pa_farg-silver","11":"tm-no-options","13":"first","14":"instock","15":"sale","16":"taxable","17":"shipping-taxable","18":"purchasable","19":"product-type-simple"},"acf":[],"_links":{"self":[{"href":"https:\/\/secureus.se\/no\/wp-json\/wp\/v2\/product\/117328","targetHints":{"allow":["GET"]}}],"collection":[{"href":"https:\/\/secureus.se\/no\/wp-json\/wp\/v2\/product"}],"about":[{"href":"https:\/\/secureus.se\/no\/wp-json\/wp\/v2\/types\/product"}],"wp:featuredmedia":[{"embeddable":true,"href":"https:\/\/secureus.se\/no\/wp-json\/wp\/v2\/media\/135712"}],"wp:attachment":[{"href":"https:\/\/secureus.se\/no\/wp-json\/wp\/v2\/media?parent=117328"}],"wp:term":[{"taxonomy":"product_brand","embeddable":true,"href":"https:\/\/secureus.se\/no\/wp-json\/wp\/v2\/product_brand?post=117328"},{"taxonomy":"product_cat","embeddable":true,"href":"https:\/\/secureus.se\/no\/wp-json\/wp\/v2\/product_cat?post=117328"},{"taxonomy":"product_tag","embeddable":true,"href":"https:\/\/secureus.se\/no\/wp-json\/wp\/v2\/product_tag?post=117328"}],"curies":[{"name":"wp","href":"https:\/\/api.w.org\/{rel}","templated":true}]}}