{"id":117360,"date":"2024-11-05T17:13:19","date_gmt":"2024-11-05T16:13:19","guid":{"rendered":"https:\/\/secureus.se\/?post_type=product&#038;p=117360"},"modified":"2026-01-12T12:54:27","modified_gmt":"2026-01-12T11:54:27","slug":"tablet-holder-wall","status":"publish","type":"product","link":"https:\/\/secureus.se\/no\/tablet-holder-wall\/","title":{"rendered":"TABLETTHOLDER VEGG"},"content":{"rendered":"<p>Veggmontert nettbrettholder i stilig og funksjonell design for nettbrett i st\u00f8rrelsene 7\u2033-13\u2033 (160-275 mm). For informasjon og avsl\u00f8ring p\u00e5 messer, i salgs- og utstillingslokaler og andre steder. N\u00e6r veggen og enkel montering. Holderen, med gummibelagte overflater som beskytter nettbrettet mot riper og skader, kan roteres 360\u00b0 med fire stoppposisjoner ved hver 90\u00b0, for bruk i st\u00e5ende eller liggende format. Nettbrettet er enkelt \u00e5 sette inn og ta ut av holderen, som er l\u00e5st med en spesialn\u00f8kkel for \u00e5 forhindre tyveri. Ladekabelen kobles gjennom en \u00e5pning i holderen. Enkelt installert, sterk og sikker veggfeste inkludert skrue og plugg.<br \/>\nMaksimal vekt for nettbrettet 1 kg.<br \/>\nMaterialer: aluminium, ABS-plast<br \/>\nDimensjoner: 85 x 50 x 180 mm (B x H x D)<\/p>","protected":false},"excerpt":{"rendered":"<p>Nettbrettholder. Veggfeste for presentasjoner og informasjon p\u00e5 messer, i butikker og i salgs- og utstillingslokaler.<\/p>","protected":false},"featured_media":136577,"template":"","meta":{"_acf_changed":false},"product_brand":[],"product_cat":[4236],"product_tag":[4382],"class_list":{"0":"post-117360","1":"product","2":"type-product","3":"status-publish","4":"has-post-thumbnail","6":"product_cat-surfplattehallare","7":"product_tag-silver","8":"product_shipping_class-tunga-paket","9":"pa_brands-durable","10":"pa_farg-silver","11":"tm-no-options","13":"first","14":"instock","15":"sale","16":"taxable","17":"shipping-taxable","18":"purchasable","19":"product-type-simple"},"acf":[],"_links":{"self":[{"href":"https:\/\/secureus.se\/no\/wp-json\/wp\/v2\/product\/117360","targetHints":{"allow":["GET"]}}],"collection":[{"href":"https:\/\/secureus.se\/no\/wp-json\/wp\/v2\/product"}],"about":[{"href":"https:\/\/secureus.se\/no\/wp-json\/wp\/v2\/types\/product"}],"wp:featuredmedia":[{"embeddable":true,"href":"https:\/\/secureus.se\/no\/wp-json\/wp\/v2\/media\/136577"}],"wp:attachment":[{"href":"https:\/\/secureus.se\/no\/wp-json\/wp\/v2\/media?parent=117360"}],"wp:term":[{"taxonomy":"product_brand","embeddable":true,"href":"https:\/\/secureus.se\/no\/wp-json\/wp\/v2\/product_brand?post=117360"},{"taxonomy":"product_cat","embeddable":true,"href":"https:\/\/secureus.se\/no\/wp-json\/wp\/v2\/product_cat?post=117360"},{"taxonomy":"product_tag","embeddable":true,"href":"https:\/\/secureus.se\/no\/wp-json\/wp\/v2\/product_tag?post=117360"}],"curies":[{"name":"wp","href":"https:\/\/api.w.org\/{rel}","templated":true}]}}