{"id":117430,"date":"2024-11-20T14:15:57","date_gmt":"2024-11-20T13:15:57","guid":{"rendered":"https:\/\/secureus.se\/?post_type=product&#038;p=117430"},"modified":"2026-01-12T12:04:52","modified_gmt":"2026-01-12T11:04:52","slug":"plastficka-a5l-magnetisk","status":"publish","type":"product","link":"https:\/\/secureus.se\/no\/plastficka-a5l-magnetisk\/","title":{"rendered":"Plastlomme A5L magnetisk"},"content":{"rendered":"<p>Tydelig og omfattende merking av hyller, skap, d\u00f8rer, containere og andre rom forbedrer og effektiviserer arbeidsprosessen i lager og i produksjonsanlegg. De magnetiske plastlommene laget av slitesterk polypropylen kan leses med en skanner og beskytter de utskiftbare innsatsene mot smuss. To magnetlister p\u00e5 baksiden holder lommen godt p\u00e5 plass. En gratis mal for etiketten er tilgjengelig p\u00e5 www.duraprint.se.<br \/>\nInnvendige m\u00e5l: A5L (210\u00d7148 mm B x H)<br \/>\nYtre m\u00e5l: 223\u00d7163 mm (B x H)<br \/>\nTilbeh\u00f8r: Etiketter p\u00e5 A4-ark, art. nr. 485502<\/p>","protected":false},"excerpt":{"rendered":"<p>Plastlomme i A5 liggende format med to magnetlister p\u00e5 baksiden. For bruk p\u00e5 metalloverflater som oppbevaringshyller og metallbeholdere.<\/p>","protected":false},"featured_media":133858,"template":"","meta":{"_acf_changed":false},"product_brand":[],"product_cat":[4306],"product_tag":[4395],"class_list":{"0":"post-117430","1":"product","2":"type-product","3":"status-publish","4":"has-post-thumbnail","6":"product_cat-markning-pallstall","7":"product_tag-gul","8":"product_shipping_class-tunga-paket","9":"pa_brands-durable","10":"pa_farg-gul","11":"tm-no-options","13":"first","14":"instock","15":"sale","16":"taxable","17":"shipping-taxable","18":"purchasable","19":"product-type-simple"},"acf":[],"_links":{"self":[{"href":"https:\/\/secureus.se\/no\/wp-json\/wp\/v2\/product\/117430","targetHints":{"allow":["GET"]}}],"collection":[{"href":"https:\/\/secureus.se\/no\/wp-json\/wp\/v2\/product"}],"about":[{"href":"https:\/\/secureus.se\/no\/wp-json\/wp\/v2\/types\/product"}],"wp:featuredmedia":[{"embeddable":true,"href":"https:\/\/secureus.se\/no\/wp-json\/wp\/v2\/media\/133858"}],"wp:attachment":[{"href":"https:\/\/secureus.se\/no\/wp-json\/wp\/v2\/media?parent=117430"}],"wp:term":[{"taxonomy":"product_brand","embeddable":true,"href":"https:\/\/secureus.se\/no\/wp-json\/wp\/v2\/product_brand?post=117430"},{"taxonomy":"product_cat","embeddable":true,"href":"https:\/\/secureus.se\/no\/wp-json\/wp\/v2\/product_cat?post=117430"},{"taxonomy":"product_tag","embeddable":true,"href":"https:\/\/secureus.se\/no\/wp-json\/wp\/v2\/product_tag?post=117430"}],"curies":[{"name":"wp","href":"https:\/\/api.w.org\/{rel}","templated":true}]}}