{"id":117521,"date":"2024-11-05T16:47:03","date_gmt":"2024-11-05T15:47:03","guid":{"rendered":"https:\/\/secureus.se\/?post_type=product&#038;p=117521"},"modified":"2026-01-12T12:55:47","modified_gmt":"2026-01-12T11:55:47","slug":"surfplattehallare-tough-wall-table","status":"publish","type":"product","link":"https:\/\/secureus.se\/no\/surfplattehallare-tough-wall-table\/","title":{"rendered":"Nettbrettholder T\u00d8FF VEGG\/BORD"},"content":{"rendered":"<p>Surfebrettholder som kan monteres p\u00e5 bordplate (maks. 25 mm) eller vegg. Egnet for nettbrett i st\u00f8rrelse 7\u2033-13\u2033 (160-275 mm) med en tykkelse p\u00e5 maks. For informasjonsdeling og presentasjoner i butikker, resepsjoner, salg og utstillingslokaler. Laget av flammehemmende materiale. Holderen, med gummibelagte overflater som beskytter nettbrettet mot riper og skader, kan roteres 360\u00b0. Ergonomisk takket v\u00e6re den fleksible svanehalsen som muliggj\u00f8r individuell og trinnl\u00f8s h\u00f8ydejustering. Nettbrettet er enkelt \u00e5 sette inn og ta ut av holderen, som er l\u00e5st med en spesialn\u00f8kkel for \u00e5 forhindre tyveri. I tillegg kan hele bordstativet l\u00e5ses med en ekstern kabell\u00e5s &quot;Minisaver mobill\u00e5s&quot; fra Kensington. Ladekabelen kobles gjennom en \u00e5pning i holderen.<br \/>\nMaksimal vekt for nettbrettet 1 kg<br \/>\nSvanehalsen + holderen har en h\u00f8yde p\u00e5 280 mm<br \/>\nDimensjoner: 280 x 172 x 82 mm (B x H x D)<\/p>","protected":false},"excerpt":{"rendered":"<p>Holder for nettbrett 7-13&quot; for bord- eller veggmontering. Med b\u00f8ybar svanehals og kuleledd.<\/p>","protected":false},"featured_media":137248,"template":"","meta":{"_acf_changed":false},"product_brand":[],"product_cat":[4236],"product_tag":[4381],"class_list":{"0":"post-117521","1":"product","2":"type-product","3":"status-publish","4":"has-post-thumbnail","6":"product_cat-surfplattehallare","7":"product_tag-svart","8":"product_shipping_class-tunga-paket","9":"pa_brands-durable","10":"pa_farg-svart","11":"tm-no-options","13":"first","14":"instock","15":"sale","16":"taxable","17":"shipping-taxable","18":"purchasable","19":"product-type-simple"},"acf":[],"_links":{"self":[{"href":"https:\/\/secureus.se\/no\/wp-json\/wp\/v2\/product\/117521","targetHints":{"allow":["GET"]}}],"collection":[{"href":"https:\/\/secureus.se\/no\/wp-json\/wp\/v2\/product"}],"about":[{"href":"https:\/\/secureus.se\/no\/wp-json\/wp\/v2\/types\/product"}],"wp:featuredmedia":[{"embeddable":true,"href":"https:\/\/secureus.se\/no\/wp-json\/wp\/v2\/media\/137248"}],"wp:attachment":[{"href":"https:\/\/secureus.se\/no\/wp-json\/wp\/v2\/media?parent=117521"}],"wp:term":[{"taxonomy":"product_brand","embeddable":true,"href":"https:\/\/secureus.se\/no\/wp-json\/wp\/v2\/product_brand?post=117521"},{"taxonomy":"product_cat","embeddable":true,"href":"https:\/\/secureus.se\/no\/wp-json\/wp\/v2\/product_cat?post=117521"},{"taxonomy":"product_tag","embeddable":true,"href":"https:\/\/secureus.se\/no\/wp-json\/wp\/v2\/product_tag?post=117521"}],"curies":[{"name":"wp","href":"https:\/\/api.w.org\/{rel}","templated":true}]}}