{"id":117721,"date":"2024-11-05T16:58:16","date_gmt":"2024-11-05T15:58:16","guid":{"rendered":"https:\/\/secureus.se\/?post_type=product&#038;p=117721"},"modified":"2026-01-12T12:23:55","modified_gmt":"2026-01-12T11:23:55","slug":"snappram-aluminium-a4","status":"publish","type":"product","link":"https:\/\/secureus.se\/no\/snappram-aluminium-a4\/","title":{"rendered":"Snapramme aluminium A4"},"content":{"rendered":"<p>Klassiske snaprammer er nyttige for eksempel i treningssentre, kontorer, hoteller, messer og i butikker for \u00e5 vise informasjon som m\u00e5 byttes ut p\u00e5 en pen m\u00e5te. Bytt innsats ved \u00e5 brette opp alle 4 sideprofiler og fjerne den UV-bestandige og anti-reflekterende plastfronten som beskytter innsatsen. Rammen er laget av en 25 mm bred eloksert aluminiumsprofil, som gj\u00f8r aluminiumsoverflaten mer slitesterk. Baksiden av klikkrammen er laget av slitesterk polystyren. Skjulte hull for medf\u00f8lgende skrue og plugg samt 4 medf\u00f8lgende selvklebende strips, for valgfri veggmontering i st\u00e5ende eller liggende format.<br \/>\nYtre m\u00e5l: 329 x 240 x 12 mm, H x B x D<br \/>\nInnvendige m\u00e5l: 279 x 192 mm, H x B<\/p>","protected":false},"excerpt":{"rendered":"<p>Snappramme med 25 mm aluminiumsprofil, for innlegg i A4-format<\/p>","protected":false},"featured_media":135616,"template":"","meta":{"_acf_changed":false},"product_brand":[],"product_cat":[4336],"product_tag":[4382],"class_list":{"0":"post-117721","1":"product","2":"type-product","3":"status-publish","4":"has-post-thumbnail","6":"product_cat-snappram","7":"product_tag-silver","8":"product_shipping_class-tunga-paket","9":"pa_brands-durable","10":"pa_farg-silver","11":"tm-no-options","13":"first","14":"instock","15":"sale","16":"taxable","17":"shipping-taxable","18":"purchasable","19":"product-type-simple"},"acf":[],"_links":{"self":[{"href":"https:\/\/secureus.se\/no\/wp-json\/wp\/v2\/product\/117721","targetHints":{"allow":["GET"]}}],"collection":[{"href":"https:\/\/secureus.se\/no\/wp-json\/wp\/v2\/product"}],"about":[{"href":"https:\/\/secureus.se\/no\/wp-json\/wp\/v2\/types\/product"}],"wp:featuredmedia":[{"embeddable":true,"href":"https:\/\/secureus.se\/no\/wp-json\/wp\/v2\/media\/135616"}],"wp:attachment":[{"href":"https:\/\/secureus.se\/no\/wp-json\/wp\/v2\/media?parent=117721"}],"wp:term":[{"taxonomy":"product_brand","embeddable":true,"href":"https:\/\/secureus.se\/no\/wp-json\/wp\/v2\/product_brand?post=117721"},{"taxonomy":"product_cat","embeddable":true,"href":"https:\/\/secureus.se\/no\/wp-json\/wp\/v2\/product_cat?post=117721"},{"taxonomy":"product_tag","embeddable":true,"href":"https:\/\/secureus.se\/no\/wp-json\/wp\/v2\/product_tag?post=117721"}],"curies":[{"name":"wp","href":"https:\/\/api.w.org\/{rel}","templated":true}]}}