{"id":117767,"date":"2024-11-05T16:57:51","date_gmt":"2024-11-05T15:57:51","guid":{"rendered":"https:\/\/secureus.se\/?post_type=product&#038;p=117767"},"modified":"2026-01-12T12:24:11","modified_gmt":"2026-01-12T11:24:11","slug":"golvstativ-snappram-a3","status":"publish","type":"product","link":"https:\/\/secureus.se\/no\/golvstativ-snappram-a3\/","title":{"rendered":"Gulvstativ snapramme A3"},"content":{"rendered":"<p>Skiltstativ med trykkramme og forkrommet teleskopstativ som kan justeres fra 86 til 129 cm (i portrett A4). Sv\u00e6rt nyttig i museer, utstillinger, mottakelser og andre steder for \u00e5 vise informasjon som kanskje m\u00e5 byttes ut p\u00e5 et tidspunkt. Bytt innsats ved \u00e5 brette opp alle 4 sideprofiler og fjerne den UV-bestandige og anti-reflekterende plastfronten som beskytter innsatsen. Rammen er laget av en eloksert aluminiumsprofil, som gj\u00f8r aluminiumsoverflaten mer slitesterk. Baksiden av informasjonsstativet er laget av slitesterk polystyren. Justerbar lesevinkel og roterbar for \u00e5 plasseres i st\u00e5ende eller liggende format. Rund fot (\u00d8 25 cm) som har en gummiring under for \u00e5 beskytte gulvet mot riper. Foten kan ogs\u00e5 fylles med 1,1 kg sand for ekstra stabilitet.<br \/>\nTilbeh\u00f8r: 1,5 kg sand, varenr 333516.<\/p>","protected":false},"excerpt":{"rendered":"<p>Gulvst\u00e5ende skiltholder med trykkramme for A3-format. Justerbar i h\u00f8yde og lesevinkel og roterbar til st\u00e5ende eller liggende format.<\/p>","protected":false},"featured_media":135843,"template":"","meta":{"_acf_changed":false},"product_brand":[],"product_cat":[4304],"product_tag":[4382],"class_list":{"0":"post-117767","1":"product","2":"type-product","3":"status-publish","4":"has-post-thumbnail","6":"product_cat-broschyrstall-golvstativ","7":"product_tag-silver","8":"product_shipping_class-tunga-paket","9":"pa_brands-durable","10":"pa_farg-silver","11":"tm-no-options","13":"first","14":"instock","15":"sale","16":"taxable","17":"shipping-taxable","18":"purchasable","19":"product-type-simple"},"acf":[],"_links":{"self":[{"href":"https:\/\/secureus.se\/no\/wp-json\/wp\/v2\/product\/117767","targetHints":{"allow":["GET"]}}],"collection":[{"href":"https:\/\/secureus.se\/no\/wp-json\/wp\/v2\/product"}],"about":[{"href":"https:\/\/secureus.se\/no\/wp-json\/wp\/v2\/types\/product"}],"wp:featuredmedia":[{"embeddable":true,"href":"https:\/\/secureus.se\/no\/wp-json\/wp\/v2\/media\/135843"}],"wp:attachment":[{"href":"https:\/\/secureus.se\/no\/wp-json\/wp\/v2\/media?parent=117767"}],"wp:term":[{"taxonomy":"product_brand","embeddable":true,"href":"https:\/\/secureus.se\/no\/wp-json\/wp\/v2\/product_brand?post=117767"},{"taxonomy":"product_cat","embeddable":true,"href":"https:\/\/secureus.se\/no\/wp-json\/wp\/v2\/product_cat?post=117767"},{"taxonomy":"product_tag","embeddable":true,"href":"https:\/\/secureus.se\/no\/wp-json\/wp\/v2\/product_tag?post=117767"}],"curies":[{"name":"wp","href":"https:\/\/api.w.org\/{rel}","templated":true}]}}