{"id":118096,"date":"2024-11-05T16:54:07","date_gmt":"2024-11-05T15:54:07","guid":{"rendered":"https:\/\/secureus.se\/?post_type=product&#038;p=118096"},"modified":"2026-03-11T14:45:44","modified_gmt":"2026-03-11T13:45:44","slug":"etiketthallare-magnetisk-hard-cover-100x38-mm","status":"publish","type":"product","link":"https:\/\/secureus.se\/no\/etiketthallare-magnetisk-hard-cover-100x38-mm\/","title":{"rendered":"Etikettholder magnetisk HARDT DEKSEL 100\u00d738 mm"},"content":{"rendered":"<p>Tydelig og oversiktlig merking av hyller, skap, d\u00f8rer, paller, containere og andre omr\u00e5der forbedrer og effektiviserer arbeidsprosessen p\u00e5 lager og i produksjonsanlegg. De gjennomsiktige, magnetiske etikettholderne av stiv PET-plast kan leses med en skanner. Etikettene er enkle \u00e5 bytte fordi lommene er \u00e5pne p\u00e5 toppen og p\u00e5 begge sider, og har ogs\u00e5 skr\u00e5 hj\u00f8rner for enkel tilgang til etiketten. To magnetstrimler p\u00e5 baksiden s\u00f8rger for at lommen sitter godt p\u00e5 plass. Hver etikettholder er dekket med en gjennomsiktig plastfilm som beskytter mot riper under transport og lagring. Beskyttelsesfilmen fjernes enkelt n\u00e5r produktet skal brukes. En gratis mal for etiketten er tilgjengelig p\u00e5 www.duraprint.se.<br \/>\nInnvendige m\u00e5l: 100 x 38 mm (B x H)<br \/>\nYtre m\u00e5l: 103 x 43 mm (B x H)<br \/>\nTilbeh\u00f8r: Etiketter p\u00e5 A4-ark, art. nr. 102202<\/p>","protected":false},"excerpt":{"rendered":"<p>Etikettholder i PET-plast med to magnetlister p\u00e5 baksiden. For bruk p\u00e5 f.eks metallhyllekanter.<\/p>","protected":false},"featured_media":135886,"template":"","meta":{"_acf_changed":false},"product_brand":[],"product_cat":[4335],"product_tag":[4376],"class_list":{"0":"post-118096","1":"product","2":"type-product","3":"status-publish","4":"has-post-thumbnail","6":"product_cat-etiketthallare","7":"product_tag-transparent","8":"product_shipping_class-tunga-paket","9":"pa_brands-durable","10":"pa_farg-transparent","11":"tm-no-options","13":"first","14":"instock","15":"sale","16":"taxable","17":"shipping-taxable","18":"purchasable","19":"product-type-simple"},"acf":[],"_links":{"self":[{"href":"https:\/\/secureus.se\/no\/wp-json\/wp\/v2\/product\/118096","targetHints":{"allow":["GET"]}}],"collection":[{"href":"https:\/\/secureus.se\/no\/wp-json\/wp\/v2\/product"}],"about":[{"href":"https:\/\/secureus.se\/no\/wp-json\/wp\/v2\/types\/product"}],"wp:featuredmedia":[{"embeddable":true,"href":"https:\/\/secureus.se\/no\/wp-json\/wp\/v2\/media\/135886"}],"wp:attachment":[{"href":"https:\/\/secureus.se\/no\/wp-json\/wp\/v2\/media?parent=118096"}],"wp:term":[{"taxonomy":"product_brand","embeddable":true,"href":"https:\/\/secureus.se\/no\/wp-json\/wp\/v2\/product_brand?post=118096"},{"taxonomy":"product_cat","embeddable":true,"href":"https:\/\/secureus.se\/no\/wp-json\/wp\/v2\/product_cat?post=118096"},{"taxonomy":"product_tag","embeddable":true,"href":"https:\/\/secureus.se\/no\/wp-json\/wp\/v2\/product_tag?post=118096"}],"curies":[{"name":"wp","href":"https:\/\/api.w.org\/{rel}","templated":true}]}}