{"id":118130,"date":"2024-11-05T16:53:17","date_gmt":"2024-11-05T15:53:17","guid":{"rendered":"https:\/\/secureus.se\/?post_type=product&#038;p=118130"},"modified":"2025-12-31T21:27:30","modified_gmt":"2025-12-31T20:27:30","slug":"etiketthallare-labelfix-200x10-mm","status":"publish","type":"product","link":"https:\/\/secureus.se\/no\/etiketthallare-labelfix-200x10-mm\/","title":{"rendered":"Etikettholder LABELFIX\u00ae 200\u00d710 mm"},"content":{"rendered":"<p>Selvklebende etikettholder LABELFIX\u00ae for merking av hyllekanter, rom, skuffer og skap. Hvite etiketter f\u00f8lger med og holderen kan kuttes til \u00f8nsket lengde. \u00c5pning p\u00e5 siden for etiketter som ikke m\u00e5 skiftes veldig ofte. Gratis maler for design og utskrift av stilige etiketter er tilgjengelig p\u00e5 www.duraprint.se. Dimensjoner: 200 x 10 mm (BxH)<\/p>","protected":false},"excerpt":{"rendered":"<p>Selvklebende etikettholder for merking av f.eks hyllekanter eller bokser. \u00c5pne p\u00e5 siden. Skriveh\u00f8yde 1 cm, lengde 20 cm.<\/p>","protected":false},"featured_media":135932,"template":"","meta":{"_acf_changed":false},"product_brand":[],"product_cat":[4335],"product_tag":[4376],"class_list":{"0":"post-118130","1":"product","2":"type-product","3":"status-publish","4":"has-post-thumbnail","6":"product_cat-etiketthallare","7":"product_tag-transparent","8":"product_shipping_class-tunga-paket","9":"pa_brands-durable","10":"pa_farg-transparent","11":"tm-no-options","13":"first","14":"instock","15":"sale","16":"taxable","17":"shipping-taxable","18":"purchasable","19":"product-type-simple"},"acf":[],"_links":{"self":[{"href":"https:\/\/secureus.se\/no\/wp-json\/wp\/v2\/product\/118130","targetHints":{"allow":["GET"]}}],"collection":[{"href":"https:\/\/secureus.se\/no\/wp-json\/wp\/v2\/product"}],"about":[{"href":"https:\/\/secureus.se\/no\/wp-json\/wp\/v2\/types\/product"}],"wp:featuredmedia":[{"embeddable":true,"href":"https:\/\/secureus.se\/no\/wp-json\/wp\/v2\/media\/135932"}],"wp:attachment":[{"href":"https:\/\/secureus.se\/no\/wp-json\/wp\/v2\/media?parent=118130"}],"wp:term":[{"taxonomy":"product_brand","embeddable":true,"href":"https:\/\/secureus.se\/no\/wp-json\/wp\/v2\/product_brand?post=118130"},{"taxonomy":"product_cat","embeddable":true,"href":"https:\/\/secureus.se\/no\/wp-json\/wp\/v2\/product_cat?post=118130"},{"taxonomy":"product_tag","embeddable":true,"href":"https:\/\/secureus.se\/no\/wp-json\/wp\/v2\/product_tag?post=118130"}],"curies":[{"name":"wp","href":"https:\/\/api.w.org\/{rel}","templated":true}]}}