{"id":118220,"date":"2024-11-05T17:20:40","date_gmt":"2024-11-05T16:20:40","guid":{"rendered":"https:\/\/secureus.se\/?post_type=product&#038;p=118220"},"modified":"2026-01-12T12:30:14","modified_gmt":"2026-01-12T11:30:14","slug":"sjalvhaftande-kabelhallare-cavoline-clip-1","status":"publish","type":"product","link":"https:\/\/secureus.se\/no\/sjalvhaftande-kabelhallare-cavoline-clip-1\/","title":{"rendered":"Selvklebende kabelholder CAVOLINE\u00ae CLIP 1"},"content":{"rendered":"<p>Hold kablene i orden med CAVOLINE\u00ae b\u00e5de p\u00e5 kontoret og i hjemmemilj\u00f8et. Samle kablene og det ser penere ut og er ogs\u00e5 lettere \u00e5 rengj\u00f8re.<br \/>\nRund selvklebende kabelholder av myk plast for 1 USB- eller telefonkabel med maks diameter 5 mm. Festes p\u00e5 glatte og rene overflater. Dimensjoner: 20 x 12 mm (\u00f8 x H)<\/p>","protected":false},"excerpt":{"rendered":"<p>Selvklebende kabelklemme for 1 telefon eller USB-kabel.<\/p>","protected":false},"featured_media":135488,"template":"","meta":{"_acf_changed":false},"product_brand":[],"product_cat":[4287,4252],"product_tag":[4393],"class_list":{"0":"post-118220","1":"product","2":"type-product","3":"status-publish","4":"has-post-thumbnail","6":"product_cat-kabelsamlare","7":"product_cat-sjalvhaftande-fickor","8":"product_tag-gra","9":"product_shipping_class-tunga-paket","10":"pa_brands-durable","11":"pa_farg-gra","12":"tm-no-options","14":"first","15":"instock","16":"sale","17":"taxable","18":"shipping-taxable","19":"purchasable","20":"product-type-simple"},"acf":[],"_links":{"self":[{"href":"https:\/\/secureus.se\/no\/wp-json\/wp\/v2\/product\/118220","targetHints":{"allow":["GET"]}}],"collection":[{"href":"https:\/\/secureus.se\/no\/wp-json\/wp\/v2\/product"}],"about":[{"href":"https:\/\/secureus.se\/no\/wp-json\/wp\/v2\/types\/product"}],"wp:featuredmedia":[{"embeddable":true,"href":"https:\/\/secureus.se\/no\/wp-json\/wp\/v2\/media\/135488"}],"wp:attachment":[{"href":"https:\/\/secureus.se\/no\/wp-json\/wp\/v2\/media?parent=118220"}],"wp:term":[{"taxonomy":"product_brand","embeddable":true,"href":"https:\/\/secureus.se\/no\/wp-json\/wp\/v2\/product_brand?post=118220"},{"taxonomy":"product_cat","embeddable":true,"href":"https:\/\/secureus.se\/no\/wp-json\/wp\/v2\/product_cat?post=118220"},{"taxonomy":"product_tag","embeddable":true,"href":"https:\/\/secureus.se\/no\/wp-json\/wp\/v2\/product_tag?post=118220"}],"curies":[{"name":"wp","href":"https:\/\/api.w.org\/{rel}","templated":true}]}}