{"id":118223,"date":"2024-11-05T16:51:32","date_gmt":"2024-11-05T15:51:32","guid":{"rendered":"https:\/\/secureus.se\/?post_type=product&#038;p=118223"},"modified":"2026-01-12T12:23:02","modified_gmt":"2026-01-12T11:23:02","slug":"dokumentficka-a4-magnetisk-5-st-frp","status":"publish","type":"product","link":"https:\/\/secureus.se\/no\/dokumentficka-a4-magnetisk-5-st-frp\/","title":{"rendered":"Dokumentlomme A4 magnetisk 5 stk\/frp"},"content":{"rendered":"<p>Magnetisk klebende dokumentlomme laget av polypropylen for \u00e5 vise og beskytte midlertidig informasjon p\u00e5 for eksempel messer og arrangementer, i butikker og p\u00e5 kontorer. UV-stabil i inntil 2 \u00e5r, t\u00e5ler varme opp til ca 50\u00b0 og nedkj\u00f8ling til ca -10\u00b0.<br \/>\nPlasser det beskyttende, ikke-reflekterende arket \u2013 med tre magnetstrimler p\u00e5 baksiden \u2013 over dokumentet og monter p\u00e5 et metallunderlag. Klar! Ryddig og enklere h\u00e5ndtering enn f.eks. Magnetstripene kan skilles fra plastplaten slik at materialet kan kildesorteres for \u00e5 resirkuleres i 50% n\u00e5r lommen skal kastes.<br \/>\nFor dokumenter i A4-format, innvendig m\u00e5l 298\u00d7211 mm. Ytterm\u00e5l 323\u00d7236 mm.<br \/>\nFarge: gr\u00e5flekket kant<br \/>\nEmballasje med 5 stk.<\/p>","protected":false},"excerpt":{"rendered":"<p>Magnetisk klebende inforamme som rammer inn og beskytter innlegget mot smuss. For informasjon i A4 format, settes opp p\u00e5 glatte innend\u00f8rs overflater.<\/p>","protected":false},"featured_media":137152,"template":"","meta":{"_acf_changed":false},"product_brand":[],"product_cat":[4296],"product_tag":[4394],"class_list":{"0":"post-118223","1":"product","2":"type-product","3":"status-publish","4":"has-post-thumbnail","6":"product_cat-inforamar-for-slata-ytor","7":"product_tag-antracitgra","8":"product_shipping_class-tunga-paket","9":"pa_brands-durable","10":"pa_farg-antracitgra","11":"tm-no-options","13":"first","14":"instock","15":"sale","16":"taxable","17":"shipping-taxable","18":"purchasable","19":"product-type-simple"},"acf":[],"_links":{"self":[{"href":"https:\/\/secureus.se\/no\/wp-json\/wp\/v2\/product\/118223","targetHints":{"allow":["GET"]}}],"collection":[{"href":"https:\/\/secureus.se\/no\/wp-json\/wp\/v2\/product"}],"about":[{"href":"https:\/\/secureus.se\/no\/wp-json\/wp\/v2\/types\/product"}],"wp:featuredmedia":[{"embeddable":true,"href":"https:\/\/secureus.se\/no\/wp-json\/wp\/v2\/media\/137152"}],"wp:attachment":[{"href":"https:\/\/secureus.se\/no\/wp-json\/wp\/v2\/media?parent=118223"}],"wp:term":[{"taxonomy":"product_brand","embeddable":true,"href":"https:\/\/secureus.se\/no\/wp-json\/wp\/v2\/product_brand?post=118223"},{"taxonomy":"product_cat","embeddable":true,"href":"https:\/\/secureus.se\/no\/wp-json\/wp\/v2\/product_cat?post=118223"},{"taxonomy":"product_tag","embeddable":true,"href":"https:\/\/secureus.se\/no\/wp-json\/wp\/v2\/product_tag?post=118223"}],"curies":[{"name":"wp","href":"https:\/\/api.w.org\/{rel}","templated":true}]}}