{"id":118231,"date":"2024-11-05T16:51:24","date_gmt":"2024-11-05T15:51:24","guid":{"rendered":"https:\/\/secureus.se\/?post_type=product&#038;p=118231"},"modified":"2026-01-12T12:55:59","modified_gmt":"2026-01-12T11:55:59","slug":"surfplattehallare-twist-table","status":"publish","type":"product","link":"https:\/\/secureus.se\/no\/surfplattehallare-twist-table\/","title":{"rendered":"Surfebrettholder TWIST TABLE"},"content":{"rendered":"<p>En nettbrettholder gj\u00f8r bruk av nettbrett eller mobiltelefon mer praktisk og ergonomisk, for eksempel som en ekstra skjerm p\u00e5 kontoret eller under studier, p\u00e5 sykehjem for \u00e5 holde kontakten med sine n\u00e6rmeste, hjemme for resepter, digitale aviser og sosiale medier. TWIST-serien har en holder med anti-skli pads som holder enheten p\u00e5 plass og beskytter mot riper. Holderens grep passer til nettbrett eller mobiltelefoner som iPhone, iPad og Samsung fra 4,7&quot; opp til 13&quot; med en maksimal vekt p\u00e5 1 kg og festes til et kuleledd som kan dreies 360\u00b0. Det er ogs\u00e5 en \u00e5pning for ladekabelen. TWIST BORD er 37 cm h\u00f8yt og takket v\u00e6re en 19 cm rund bunnplate st\u00e5r det veldig st\u00f8dig. Kraftig svanehals med trinnl\u00f8s justering av h\u00f8yde og lesevinkel som holder seg i \u00f8nsket posisjon. Laget av 40% resirkulert materiale, er 100 % resirkulerbart ved sluttproduktet.<\/p>","protected":false},"excerpt":{"rendered":"<p>Holder for nettbrett eller mobil 4,7-13\u2033. Bordstativ med b\u00f8ybar svanehals og kuleledd.<\/p>","protected":false},"featured_media":137164,"template":"","meta":{"_acf_changed":false},"product_brand":[],"product_cat":[4236],"product_tag":[4381],"class_list":{"0":"post-118231","1":"product","2":"type-product","3":"status-publish","4":"has-post-thumbnail","6":"product_cat-surfplattehallare","7":"product_tag-svart","8":"product_shipping_class-tunga-paket","9":"pa_brands-durable","10":"pa_farg-svart","11":"tm-no-options","13":"first","14":"instock","15":"sale","16":"taxable","17":"shipping-taxable","18":"purchasable","19":"product-type-simple"},"acf":[],"_links":{"self":[{"href":"https:\/\/secureus.se\/no\/wp-json\/wp\/v2\/product\/118231","targetHints":{"allow":["GET"]}}],"collection":[{"href":"https:\/\/secureus.se\/no\/wp-json\/wp\/v2\/product"}],"about":[{"href":"https:\/\/secureus.se\/no\/wp-json\/wp\/v2\/types\/product"}],"wp:featuredmedia":[{"embeddable":true,"href":"https:\/\/secureus.se\/no\/wp-json\/wp\/v2\/media\/137164"}],"wp:attachment":[{"href":"https:\/\/secureus.se\/no\/wp-json\/wp\/v2\/media?parent=118231"}],"wp:term":[{"taxonomy":"product_brand","embeddable":true,"href":"https:\/\/secureus.se\/no\/wp-json\/wp\/v2\/product_brand?post=118231"},{"taxonomy":"product_cat","embeddable":true,"href":"https:\/\/secureus.se\/no\/wp-json\/wp\/v2\/product_cat?post=118231"},{"taxonomy":"product_tag","embeddable":true,"href":"https:\/\/secureus.se\/no\/wp-json\/wp\/v2\/product_tag?post=118231"}],"curies":[{"name":"wp","href":"https:\/\/api.w.org\/{rel}","templated":true}]}}