{"id":118254,"date":"2024-11-05T16:50:59","date_gmt":"2024-11-05T15:50:59","guid":{"rendered":"https:\/\/secureus.se\/?post_type=product&#038;p=118254"},"modified":"2026-01-12T12:03:35","modified_gmt":"2026-01-12T11:03:35","slug":"sjalvhaftande-magnettejp-5-m-magneter","status":"publish","type":"product","link":"https:\/\/secureus.se\/no\/sjalvhaftande-magnettejp-5-m-magneter\/","title":{"rendered":"Selvklebende magnetb\u00e5nd 5 m + magneter"},"content":{"rendered":"<p>Ved \u00e5 feste denne selvklebende metallstripen kan magneter brukes p\u00e5 ikke-magnetiske overflater. Kan klippes til \u00f8nsket lengde med vanlig saks av god kvalitet. Rullen inneholder 5 m metalltape som er 35 mm bred. Den selvklebende siden fester seg til rene og glatte overflater. Denne pakken inkluderer 10 svarte magneter (\u00d8 30 mm) <\/p>","protected":false},"excerpt":{"rendered":"<p>Selvklebende metalltape i rull p\u00e5 5m, samt 10 magneter. Klipp til \u00f8nsket lengde.<\/p>","protected":false},"featured_media":137205,"template":"","meta":{"_acf_changed":false},"product_brand":[],"product_cat":[4269],"product_tag":[4396],"class_list":{"0":"post-118254","1":"product","2":"type-product","3":"status-publish","4":"has-post-thumbnail","6":"product_cat-magnetisk-fastsattning","7":"product_tag-vit","8":"product_shipping_class-tunga-paket","9":"pa_brands-durable","10":"pa_farg-vit","11":"tm-no-options","13":"first","14":"instock","15":"sale","16":"taxable","17":"shipping-taxable","18":"purchasable","19":"product-type-simple"},"acf":[],"_links":{"self":[{"href":"https:\/\/secureus.se\/no\/wp-json\/wp\/v2\/product\/118254","targetHints":{"allow":["GET"]}}],"collection":[{"href":"https:\/\/secureus.se\/no\/wp-json\/wp\/v2\/product"}],"about":[{"href":"https:\/\/secureus.se\/no\/wp-json\/wp\/v2\/types\/product"}],"wp:featuredmedia":[{"embeddable":true,"href":"https:\/\/secureus.se\/no\/wp-json\/wp\/v2\/media\/137205"}],"wp:attachment":[{"href":"https:\/\/secureus.se\/no\/wp-json\/wp\/v2\/media?parent=118254"}],"wp:term":[{"taxonomy":"product_brand","embeddable":true,"href":"https:\/\/secureus.se\/no\/wp-json\/wp\/v2\/product_brand?post=118254"},{"taxonomy":"product_cat","embeddable":true,"href":"https:\/\/secureus.se\/no\/wp-json\/wp\/v2\/product_cat?post=118254"},{"taxonomy":"product_tag","embeddable":true,"href":"https:\/\/secureus.se\/no\/wp-json\/wp\/v2\/product_tag?post=118254"}],"curies":[{"name":"wp","href":"https:\/\/api.w.org\/{rel}","templated":true}]}}