{"id":118269,"date":"2024-11-05T17:16:37","date_gmt":"2024-11-05T16:16:37","guid":{"rendered":"https:\/\/secureus.se\/?post_type=product&#038;p=118269"},"modified":"2026-04-09T10:29:29","modified_gmt":"2026-04-09T08:29:29","slug":"skarmhallare-pro-for-2-skarmar-kabelhalsfaste","status":"publish","type":"product","link":"https:\/\/secureus.se\/no\/skarmhallare-pro-for-2-skarmar-kabelhalsfaste\/","title":{"rendered":"Skjermholder PRO for 2 skjermer, kabelhullfeste"},"content":{"rendered":"<p>Durables serie med brukervennlige skjermholdere (eller monitorarmer som de ogs\u00e5 kalles) av god kvalitet frigj\u00f8r plass p\u00e5 skrivebordet og gir god arbeidsergonomi. Takket v\u00e6re det tidl\u00f8se og elegante designet gj\u00f8r de seg godt i mange forskjellige milj\u00f8er. Beregnet for skjermer med format 21 \u2013 28 tommer og vekt 3-8 kg, som er forberedt for VESA-montering 75 x 75 mm eller 100 x 100 mm. Skjermen klikkes ganske enkelt inn i det patents\u00f8kte hurtigfestet. Skjermholderne er fleksible fordi de er roterbare for \u00e5 ha skjermen i st\u00e5ende eller liggende posisjon og kan vinkles for en god lesevinkel. Laget av utvalgte f\u00f8rsteklasses materialer for lang levetid \u2013 aluminium, metall og h\u00f8ykvalitets plast p\u00e5 opptil 60 % fra resirkulerte materialer. Resirkulerbare opptil 100 % gj\u00f8r disse skjermholderne milj\u00f8vennlige i henhold til ISO 14021. Produksjonen skjer i DURABLEs produksjonsanlegg i Tyskland. 10 \u00e5rs garanti. S\u00f8knaden om \u00e5 f\u00e5 godkjent disse skjermholderne med sikkerhetsmerket GS (proven safety) som gir kj\u00f8pere, forhandlere og sluttforbrukere en garanti for at produktet oppfyller de siste sikkerhetskravene er sendt inn, samt s\u00f8knad om T\u00dcV-sertifisering som ogs\u00e5 er en anerkjent tysk produktsikkerhets- og kvalitetssertifisering.<\/p>\n<p>Dubbel sk\u00e4rmh\u00e5llare med lodr\u00e4tt bordsstativ och en tv\u00e4rg\u00e5ende arm med tv\u00e5 skjutbara f\u00e4sten. Sk\u00e4rmf\u00e4stena g\u00e5r att l\u00e5sa i vald position och sitter s\u00e4kert fast n\u00e4r sk\u00e4rmarna h\u00f6jdjusteras. Den tv\u00e4rg\u00e5ende armen \u00e4r justerbar i h\u00f6jd 50-340 mm . Fem kabelkl\u00e4mmor som kan placeras d\u00e4r det passar ing\u00e5r &#8211; f\u00f6r att h\u00e5lla ordning och reda p\u00e5 kablarna. Sk\u00e4rmarna \u00e4r individuellt vinklingsbara 110 &#8211; 85\u00b0 upp\u00e5t och 25\u00b0 ned\u00e5t. Enkel att montera: kabelh\u00e5lsf\u00e4ste f\u00f6r bordsskivor med kabelh\u00e5l 60-80 mm i diameter. M\u00e5tt: 345 x 470 x 120 mm (B x H x D)<\/p>\n<p>L\u00e4s mer om GS-m\u00e4rkning: https:\/\/www.handelskammer.se\/vara-tjanster\/miljorapportering\/symbolguiden\/geprufte-sicherheit-provad-sakerhet<br \/>\nL\u00e4s mer om T\u00dcV certifiering: https:\/\/www.handelskammer.se\/vara-tjanster\/miljorapportering\/symbolguiden\/tuv-technischer-uberwachungsverein<br \/>\nGarantivilk\u00e5rene finner du her: https:\/\/www.durable.se\/sv_SE\/service\/garanti\/garanti-foer-skaermhaallare\/<\/p>","protected":false},"excerpt":{"rendered":"<p>Skjermholder for to skjermer med justerbar h\u00f8yde, vinkel og mulighet for st\u00e5ende eller liggende posisjon. Med kabelhullsbrakett.<\/p>","protected":false},"featured_media":136422,"template":"","meta":{"_acf_changed":false},"product_brand":[],"product_cat":[4243],"product_tag":[4382],"class_list":{"0":"post-118269","1":"product","2":"type-product","3":"status-publish","4":"has-post-thumbnail","6":"product_cat-skarmhallare","7":"product_tag-silver","8":"product_shipping_class-tunga-paket","9":"pa_brands-durable","10":"pa_farg-silver","11":"tm-no-options","13":"first","14":"instock","15":"sale","16":"taxable","17":"shipping-taxable","18":"purchasable","19":"product-type-simple"},"acf":[],"_links":{"self":[{"href":"https:\/\/secureus.se\/no\/wp-json\/wp\/v2\/product\/118269","targetHints":{"allow":["GET"]}}],"collection":[{"href":"https:\/\/secureus.se\/no\/wp-json\/wp\/v2\/product"}],"about":[{"href":"https:\/\/secureus.se\/no\/wp-json\/wp\/v2\/types\/product"}],"wp:featuredmedia":[{"embeddable":true,"href":"https:\/\/secureus.se\/no\/wp-json\/wp\/v2\/media\/136422"}],"wp:attachment":[{"href":"https:\/\/secureus.se\/no\/wp-json\/wp\/v2\/media?parent=118269"}],"wp:term":[{"taxonomy":"product_brand","embeddable":true,"href":"https:\/\/secureus.se\/no\/wp-json\/wp\/v2\/product_brand?post=118269"},{"taxonomy":"product_cat","embeddable":true,"href":"https:\/\/secureus.se\/no\/wp-json\/wp\/v2\/product_cat?post=118269"},{"taxonomy":"product_tag","embeddable":true,"href":"https:\/\/secureus.se\/no\/wp-json\/wp\/v2\/product_tag?post=118269"}],"curies":[{"name":"wp","href":"https:\/\/api.w.org\/{rel}","templated":true}]}}