{"id":118281,"date":"2024-11-05T17:16:20","date_gmt":"2024-11-05T16:16:20","guid":{"rendered":"https:\/\/secureus.se\/?post_type=product&#038;p=118281"},"modified":"2026-01-12T12:33:00","modified_gmt":"2026-01-12T11:33:00","slug":"skarmhallare-pro-med-arm-for-1-skarm-kabelhalsfaste","status":"publish","type":"product","link":"https:\/\/secureus.se\/no\/skarmhallare-pro-med-arm-for-1-skarm-kabelhalsfaste\/","title":{"rendered":"Skjermholder PRO med arm for 1 skjerm, kabelhullfeste"},"content":{"rendered":"<p>Durables serie med brukervennlige skjermholdere (eller monitorarmer som de ogs\u00e5 kalles) av god kvalitet frigj\u00f8r plass p\u00e5 skrivebordet og gir god arbeidsergonomi. Takket v\u00e6re det tidl\u00f8se og elegante designet gj\u00f8r de seg godt i mange forskjellige milj\u00f8er. Beregnet for standardskjermer og buede skjermer med formater 21 \u2013 27 tommer og vekt p\u00e5 3-8 kg, som er forberedt for VESA-feste 75 x 75 mm eller 100 x 100 mm. Skjermen klikkes ganske enkelt inn i det patents\u00f8kte hurtigfestet. Skjermholderne er fleksible fordi de er roterbare for \u00e5 ha skjermen i st\u00e5ende eller liggende posisjon og kan vinkles for en god lesevinkel. Laget av utvalgte f\u00f8rsteklasses materialer for lang levetid \u2013 aluminium, metall og h\u00f8ykvalitets plast p\u00e5 opptil 60 % fra resirkulerte materialer. Resirkulerbare opptil 100 % gj\u00f8r disse skjermholderne milj\u00f8vennlige i henhold til ISO 14021. Produksjonen skjer i DURABLEs produksjonsanlegg i Tyskland. 10 \u00e5rs garanti. S\u00f8knaden om \u00e5 f\u00e5 godkjent disse skjermholderne med sikkerhetsmerket GS (proven safety) som gir kj\u00f8pere, forhandlere og sluttforbrukere en garanti for at produktet oppfyller de siste sikkerhetskravene er sendt inn, samt s\u00f8knad om T\u00dcV-sertifisering som ogs\u00e5 er en anerkjent tysk produktsikkerhets- og kvalitetssertifisering.<\/p>\n<p>Denne modellen er en bordmontert skjermholder med gassfj\u00e6rarm for \u00e9n skjerm. Kan ogs\u00e5 brukes med skjermer fra 28 til 38 tommer, men da er roterbarheten til st\u00e5ende eller liggende format begrenset. Armen er utformet slik at det ikke er fare for \u00e5 klemme seg i de bevegelige delene og skjermholderen justeres enkelt med en knott for \u00e5 tilpasse seg vekten p\u00e5 skjermen. Tre kabelklips som kan plasseres individuelt der det passer er inkludert - for \u00e5 holde kablene organisert. Skjermen kan vippes 110 - 85\u00b0 oppover og 25\u00b0 nedover, underarmen p\u00e5 skjermholderen kan svinges maks 200\u00b0, overarmen maks 360\u00b0. H\u00f8yden p\u00e5 overarmen kan justeres mellom 20-130 mm. Enkel \u00e5 montere: kabelhullsbrakett for bordplater med kabelhull 60-80 mm i diameter. Dimensjoner: 345 x 470 x 120 mm (B x H x D)<\/p>\n<p>Les mer om GS-merking: https:\/\/www.handelskammer.se\/vara-tjanster\/miljorapportering\/symbolguiden\/geprufte-sicherheit-provad-sakerhet<br \/>\nLes mer om T\u00dcV-sertifisering: https:\/\/www.handelskammer.se\/vara-tjanster\/miljorapportering\/symbolguiden\/tuv-technischer-uberwachungsverein<br \/>\nGarantivilk\u00e5rene finner du her: https:\/\/www.durable.se\/sv_SE\/service\/garanti\/garanti-foer-skaermhaallare\/<\/p>","protected":false},"excerpt":{"rendered":"<p>En fleksibel skjermholder med kabelhullfeste. Gassfj\u00e6rarm som gj\u00f8r det enkelt og fleksibelt \u00e5 justere dataskjermen.<\/p>","protected":false},"featured_media":136450,"template":"","meta":{"_acf_changed":false},"product_brand":[],"product_cat":[4243],"product_tag":[4382],"class_list":{"0":"post-118281","1":"product","2":"type-product","3":"status-publish","4":"has-post-thumbnail","6":"product_cat-skarmhallare","7":"product_tag-silver","8":"product_shipping_class-tunga-paket","9":"pa_brands-durable","10":"pa_farg-silver","11":"tm-no-options","13":"first","14":"instock","15":"sale","16":"taxable","17":"shipping-taxable","18":"purchasable","19":"product-type-simple"},"acf":[],"_links":{"self":[{"href":"https:\/\/secureus.se\/no\/wp-json\/wp\/v2\/product\/118281","targetHints":{"allow":["GET"]}}],"collection":[{"href":"https:\/\/secureus.se\/no\/wp-json\/wp\/v2\/product"}],"about":[{"href":"https:\/\/secureus.se\/no\/wp-json\/wp\/v2\/types\/product"}],"wp:featuredmedia":[{"embeddable":true,"href":"https:\/\/secureus.se\/no\/wp-json\/wp\/v2\/media\/136450"}],"wp:attachment":[{"href":"https:\/\/secureus.se\/no\/wp-json\/wp\/v2\/media?parent=118281"}],"wp:term":[{"taxonomy":"product_brand","embeddable":true,"href":"https:\/\/secureus.se\/no\/wp-json\/wp\/v2\/product_brand?post=118281"},{"taxonomy":"product_cat","embeddable":true,"href":"https:\/\/secureus.se\/no\/wp-json\/wp\/v2\/product_cat?post=118281"},{"taxonomy":"product_tag","embeddable":true,"href":"https:\/\/secureus.se\/no\/wp-json\/wp\/v2\/product_tag?post=118281"}],"curies":[{"name":"wp","href":"https:\/\/api.w.org\/{rel}","templated":true}]}}