{"id":118293,"date":"2024-11-05T16:49:56","date_gmt":"2024-11-05T15:49:56","guid":{"rendered":"https:\/\/secureus.se\/?post_type=product&#038;p=118293"},"modified":"2026-01-12T12:32:35","modified_gmt":"2026-01-12T11:32:35","slug":"skarmstall-effect","status":"publish","type":"product","link":"https:\/\/secureus.se\/no\/skarmstall-effect\/","title":{"rendered":"Skjermstativ EFFEKT"},"content":{"rendered":"<p>Et skjermstativ plasserer dataskjermen i god ergonomisk h\u00f8yde \u2013 den \u00f8vre kanten av skjermen skal v\u00e6re i eller rett under \u00f8yeh\u00f8yde, noe som gj\u00f8r at blikket faller skr\u00e5tt nedover og hviler for \u00f8ynene. Stativet frigj\u00f8r bordplass, kombinert med boks for oppbevaring av penner, dokumenter, kabler etc. holdes skrivebordet ryddig. EFFECT-serien, som dette stativet er en del av, er i stor grad laget av et mykt, lydabsorberende og slitesterkt filtmateriale. Teppet er laget av PET-plast, hvorav 60% er fra innsamlet og resirkulert PET-plast (rPET). Produktene i serien er 100 % resirkulerbare og er b\u00e6rekraftig pakket med ressursbesparende og plastfrie materialer. Metallhyllen kan plasseres i tre forskjellige h\u00f8yder, 9 -12 -15 cm, ved hjelp av to fester - ingen m\u00f8ysommelig skruing eller liming n\u00f8dvendig. \u00c5pning for ladekabel. Stativet er stabilt og har en maksimal belastning p\u00e5 10 kg. Dimensjoner: 49,6 x 16,2 x 26 cm (B x H x D)<br \/>\nTilbeh\u00f8r: Eske EFFECT, varenr<\/p>","protected":false},"excerpt":{"rendered":"<p>H\u00f8ydejusterbart skjermstativ for en mer ergonomisk arbeidsstilling og organisert skrivebord. <\/p>","protected":false},"featured_media":136184,"template":"","meta":{"_acf_changed":false},"product_brand":[],"product_cat":[4243],"product_tag":[4390],"class_list":{"0":"post-118293","1":"product","2":"type-product","3":"status-publish","4":"has-post-thumbnail","6":"product_cat-skarmhallare","7":"product_tag-morkgra","8":"product_shipping_class-tunga-paket","9":"pa_brands-durable","10":"pa_farg-morkgra","11":"tm-no-options","13":"first","14":"instock","15":"sale","16":"taxable","17":"shipping-taxable","18":"purchasable","19":"product-type-simple"},"acf":[],"_links":{"self":[{"href":"https:\/\/secureus.se\/no\/wp-json\/wp\/v2\/product\/118293","targetHints":{"allow":["GET"]}}],"collection":[{"href":"https:\/\/secureus.se\/no\/wp-json\/wp\/v2\/product"}],"about":[{"href":"https:\/\/secureus.se\/no\/wp-json\/wp\/v2\/types\/product"}],"wp:featuredmedia":[{"embeddable":true,"href":"https:\/\/secureus.se\/no\/wp-json\/wp\/v2\/media\/136184"}],"wp:attachment":[{"href":"https:\/\/secureus.se\/no\/wp-json\/wp\/v2\/media?parent=118293"}],"wp:term":[{"taxonomy":"product_brand","embeddable":true,"href":"https:\/\/secureus.se\/no\/wp-json\/wp\/v2\/product_brand?post=118293"},{"taxonomy":"product_cat","embeddable":true,"href":"https:\/\/secureus.se\/no\/wp-json\/wp\/v2\/product_cat?post=118293"},{"taxonomy":"product_tag","embeddable":true,"href":"https:\/\/secureus.se\/no\/wp-json\/wp\/v2\/product_tag?post=118293"}],"curies":[{"name":"wp","href":"https:\/\/api.w.org\/{rel}","templated":true}]}}