{"id":118309,"date":"2024-11-05T17:15:14","date_gmt":"2024-11-05T16:15:14","guid":{"rendered":"https:\/\/secureus.se\/?post_type=product&#038;p=118309"},"modified":"2025-12-31T21:19:57","modified_gmt":"2025-12-31T20:19:57","slug":"surfplattehallare-varicolor","status":"publish","type":"product","link":"https:\/\/secureus.se\/no\/surfplattehallare-varicolor\/","title":{"rendered":"Nettbrettholder VARICOLOR\u00b0"},"content":{"rendered":"<p>Praktisk nettbrettstativ med en myk gummiert overflate som holder nettbrettet stabilt og litt p\u00e5 skr\u00e5 n\u00e5r det er p\u00e5 toppen av holderen. Hvis nettbrettet plasseres i holderen - enten i liggende eller st\u00e5ende format - er lesevinkelen en annen. Nettbrettet kan legges i &quot;gr\u00f8fta&quot; b\u00e5de med og uten beskyttelsesveske. Nettbrettholderen kan roteres 360\u00b0 og ogs\u00e5 l\u00e5ses i \u00f8nsket posisjon. Gummif\u00f8tter beskytter overflaten mot riper og f\u00e5r den til \u00e5 st\u00e5 st\u00f8dig. Dimensjoner: 145 x 59 mm (\u00d8 x H)<\/p>","protected":false},"excerpt":{"rendered":"<p>Surfebrettholder som kan dreies 360\u00b0. For nettbrett b\u00e5de med og uten beskyttelsesveske.<\/p>","protected":false},"featured_media":135538,"template":"","meta":{"_acf_changed":false},"product_brand":[],"product_cat":[4236],"product_tag":[4390],"class_list":{"0":"post-118309","1":"product","2":"type-product","3":"status-publish","4":"has-post-thumbnail","6":"product_cat-surfplattehallare","7":"product_tag-morkgra","8":"product_shipping_class-tunga-paket","9":"pa_brands-durable","10":"pa_farg-morkgra","11":"tm-no-options","13":"first","14":"instock","15":"sale","16":"taxable","17":"shipping-taxable","18":"purchasable","19":"product-type-simple"},"acf":[],"_links":{"self":[{"href":"https:\/\/secureus.se\/no\/wp-json\/wp\/v2\/product\/118309","targetHints":{"allow":["GET"]}}],"collection":[{"href":"https:\/\/secureus.se\/no\/wp-json\/wp\/v2\/product"}],"about":[{"href":"https:\/\/secureus.se\/no\/wp-json\/wp\/v2\/types\/product"}],"wp:featuredmedia":[{"embeddable":true,"href":"https:\/\/secureus.se\/no\/wp-json\/wp\/v2\/media\/135538"}],"wp:attachment":[{"href":"https:\/\/secureus.se\/no\/wp-json\/wp\/v2\/media?parent=118309"}],"wp:term":[{"taxonomy":"product_brand","embeddable":true,"href":"https:\/\/secureus.se\/no\/wp-json\/wp\/v2\/product_brand?post=118309"},{"taxonomy":"product_cat","embeddable":true,"href":"https:\/\/secureus.se\/no\/wp-json\/wp\/v2\/product_cat?post=118309"},{"taxonomy":"product_tag","embeddable":true,"href":"https:\/\/secureus.se\/no\/wp-json\/wp\/v2\/product_tag?post=118309"}],"curies":[{"name":"wp","href":"https:\/\/api.w.org\/{rel}","templated":true}]}}