{"id":118350,"date":"2024-11-05T17:14:40","date_gmt":"2024-11-05T16:14:40","guid":{"rendered":"https:\/\/secureus.se\/?post_type=product&#038;p=118350"},"modified":"2026-01-12T12:27:49","modified_gmt":"2026-01-12T11:27:49","slug":"symbolskylt-wc-dam","status":"publish","type":"product","link":"https:\/\/secureus.se\/no\/symbolskylt-wc-dam\/","title":{"rendered":"Symbolskilt VM damer"},"content":{"rendered":"<p>Piktogrammer \u2013 visuelle tegn med bilder hjelper bes\u00f8kende til \u00e5 orientere seg og informere seg langveis fra og selv om du ikke kan spr\u00e5ket. Stilig skilt laget av ripebestandig, b\u00f8rstet rustfritt st\u00e5l. Sett opp med festeputer inkludert. Rundt toalettskilt for kvinner med en diameter p\u00e5 83 mm.<\/p>","protected":false},"excerpt":{"rendered":"<p>Rundt symbolskilt for dametoalett<\/p>","protected":false},"featured_media":136474,"template":"","meta":{"_acf_changed":false},"product_brand":[],"product_cat":[4262],"product_tag":[4382],"class_list":{"0":"post-118350","1":"product","2":"type-product","3":"status-publish","4":"has-post-thumbnail","6":"product_cat-dorrskyltar-symbolskyltar","7":"product_tag-silver","8":"product_shipping_class-tunga-paket","9":"pa_brands-durable","10":"pa_farg-silver","11":"tm-no-options","13":"first","14":"instock","15":"sale","16":"taxable","17":"shipping-taxable","18":"purchasable","19":"product-type-simple"},"acf":[],"_links":{"self":[{"href":"https:\/\/secureus.se\/no\/wp-json\/wp\/v2\/product\/118350","targetHints":{"allow":["GET"]}}],"collection":[{"href":"https:\/\/secureus.se\/no\/wp-json\/wp\/v2\/product"}],"about":[{"href":"https:\/\/secureus.se\/no\/wp-json\/wp\/v2\/types\/product"}],"wp:featuredmedia":[{"embeddable":true,"href":"https:\/\/secureus.se\/no\/wp-json\/wp\/v2\/media\/136474"}],"wp:attachment":[{"href":"https:\/\/secureus.se\/no\/wp-json\/wp\/v2\/media?parent=118350"}],"wp:term":[{"taxonomy":"product_brand","embeddable":true,"href":"https:\/\/secureus.se\/no\/wp-json\/wp\/v2\/product_brand?post=118350"},{"taxonomy":"product_cat","embeddable":true,"href":"https:\/\/secureus.se\/no\/wp-json\/wp\/v2\/product_cat?post=118350"},{"taxonomy":"product_tag","embeddable":true,"href":"https:\/\/secureus.se\/no\/wp-json\/wp\/v2\/product_tag?post=118350"}],"curies":[{"name":"wp","href":"https:\/\/api.w.org\/{rel}","templated":true}]}}