{"id":118415,"date":"2024-11-05T17:13:35","date_gmt":"2024-11-05T16:13:35","guid":{"rendered":"https:\/\/secureus.se\/?post_type=product&#038;p=118415"},"modified":"2026-01-12T12:53:51","modified_gmt":"2026-01-12T11:53:51","slug":"tablet-holder-table-clamp","status":"publish","type":"product","link":"https:\/\/secureus.se\/no\/tablet-holder-table-clamp\/","title":{"rendered":"TABLETTHOLDER BORDKLEMME"},"content":{"rendered":"<p>Nettbrettholder i stilig og funksjonell design for nettbrett i st\u00f8rrelsene 7\u2033-13\u2033 (160-275 mm) med leddarm og brakett for feste p\u00e5 bord eller benkeplate, som frigj\u00f8r plass p\u00e5 skrivebordet. Det vertikale stativet er 295 mm h\u00f8yt og kan festes til bordplater med en tykkelse p\u00e5 opptil 40 mm. Holderen, med gummibelagte overflater som beskytter nettbrettet mot riper og skader, kan roteres 360\u00b0 med fire stoppposisjoner ved hver 90\u00b0, for bruk i st\u00e5ende eller liggende format. I tillegg er den veldig enkel \u00e5 tilpasse etter behov takket v\u00e6re at den kan vippes trinnl\u00f8st opp og ned fra -6\u00b0 til + 46\u00b0 og kan svinges 170\u00b0 til h\u00f8yre og venstre. Nettbrettet er enkelt \u00e5 sette inn og ta ut av holderen, som er l\u00e5st med en spesialn\u00f8kkel for \u00e5 forhindre tyveri. Ladekabelen kobles gjennom en \u00e5pning i holderen. Armen kan svinges 180\u00b0 sideveis og kan forlenges til 365 mm.<br \/>\nMaksimal vekt for nettbrettet 1 kg.<br \/>\nMaterialer: platemetall, aluminium, ABS-plast<br \/>\nDimensjoner: 100 x 440 x 210 mm (B x H x D)<\/p>","protected":false},"excerpt":{"rendered":"<p>Nettbrettholder. Med bordfeste og leddet svingarm for montering p\u00e5 f.eks.<\/p>","protected":false},"featured_media":135743,"template":"","meta":{"_acf_changed":false},"product_brand":[],"product_cat":[4236],"product_tag":[4382],"class_list":{"0":"post-118415","1":"product","2":"type-product","3":"status-publish","4":"has-post-thumbnail","6":"product_cat-surfplattehallare","7":"product_tag-silver","8":"product_shipping_class-tunga-paket","9":"pa_brands-durable","10":"pa_farg-silver","11":"tm-no-options","13":"first","14":"instock","15":"sale","16":"taxable","17":"shipping-taxable","18":"purchasable","19":"product-type-simple"},"acf":[],"_links":{"self":[{"href":"https:\/\/secureus.se\/no\/wp-json\/wp\/v2\/product\/118415","targetHints":{"allow":["GET"]}}],"collection":[{"href":"https:\/\/secureus.se\/no\/wp-json\/wp\/v2\/product"}],"about":[{"href":"https:\/\/secureus.se\/no\/wp-json\/wp\/v2\/types\/product"}],"wp:featuredmedia":[{"embeddable":true,"href":"https:\/\/secureus.se\/no\/wp-json\/wp\/v2\/media\/135743"}],"wp:attachment":[{"href":"https:\/\/secureus.se\/no\/wp-json\/wp\/v2\/media?parent=118415"}],"wp:term":[{"taxonomy":"product_brand","embeddable":true,"href":"https:\/\/secureus.se\/no\/wp-json\/wp\/v2\/product_brand?post=118415"},{"taxonomy":"product_cat","embeddable":true,"href":"https:\/\/secureus.se\/no\/wp-json\/wp\/v2\/product_cat?post=118415"},{"taxonomy":"product_tag","embeddable":true,"href":"https:\/\/secureus.se\/no\/wp-json\/wp\/v2\/product_tag?post=118415"}],"curies":[{"name":"wp","href":"https:\/\/api.w.org\/{rel}","templated":true}]}}