{"id":118755,"date":"2024-11-15T09:34:07","date_gmt":"2024-11-15T08:34:07","guid":{"rendered":"https:\/\/secureus.se\/rwc-set-u-trafo\/"},"modified":"2026-03-26T11:26:42","modified_gmt":"2026-03-26T10:26:42","slug":"rwc-set-u-trafo","status":"publish","type":"product","link":"https:\/\/secureus.se\/no\/rwc-set-u-trafo\/","title":{"rendered":"RWC-SET ABB \u2013 Uten transformator"},"content":{"rendered":"<p>RWC-sett SAGA for tilgjengelige toaletter, inneholder en kontrollenhet FEH2001, en signaltrykknapp med kabel FAP3002, en FAP2001 og en FAP1012 (hvor en trykknapp er for ringing og den andre for \u00e5 avbryte alarmen). Alle enheter er utstyrt med SAGA dekkrammer. Manual f\u00f8lger med i pakken. Det er brukt biosirkul\u00e6r plast i rammene.<\/p>\n<ul class=\"\">\n<li><a class=\"produkt-slide-bild produkt-bild-fil\" href=\"https:\/\/new.abb.com\/low-voltage\/sv\/produkter\/installationsprodukter\/stromstallare\/saga\" target=\"_blank\" rel=\"noopener\">\u00a0Koble til produktsiden<\/a><\/li>\n<li><a class=\"produkt-slide-bild produkt-bild-fil\" href=\"https:\/\/search.abb.com\/library\/Download.aspx?DocumentID=9AKK108468A7931&amp;LanguageCode=en&amp;DocumentPartId=&amp;Action=Launch\" target=\"_blank\" rel=\"noopener\"><i class=\"fa fa-file-o\"><\/i>\u00a0Livssyklusvurdering (EPD\/PEP)<\/a><\/li>\n<li><a class=\"produkt-slide-bild produkt-bild-fil\" href=\"https:\/\/new.abb.com\/products\/2TKA00004979?printout\" target=\"_blank\" rel=\"noopener\"><i class=\"fa fa-file-o\"><\/i>\u00a0Produktdatablad<\/a><\/li>\n<li><a class=\"produkt-slide-bild produkt-bild-fil\" href=\"https:\/\/search.abb.com\/library\/Download.aspx?DocumentID=9AKK107045A8158&amp;LanguageCode=en&amp;LanguageCode=sv&amp;DocumentPartId=&amp;Action=Launch\" target=\"_blank\" rel=\"noopener\"><i class=\"fa fa-file-o\"><\/i>\u00a0Monteringsanvisning<\/a><\/li>\n<li><a class=\"produkt-slide-bild produkt-bild-fil\" href=\"https:\/\/search.abb.com\/library\/Download.aspx?DocumentID=9AKK106713A4633&amp;LanguageCode=en&amp;DocumentPartId=&amp;Action=Launch\" target=\"_blank\" rel=\"noopener\"><i class=\"fa fa-file-o\"><\/i>\u00a0Koble til REACH<\/a><\/li>\n<\/ul>","protected":false},"excerpt":{"rendered":"<p>Komplett RWC alarm fra ABB<\/p>","protected":false},"featured_media":134954,"template":"","meta":{"_acf_changed":false},"product_brand":[],"product_cat":[1606],"product_tag":[],"class_list":{"0":"post-118755","1":"product","2":"type-product","3":"status-publish","4":"has-post-thumbnail","6":"product_cat-rwc-larm","7":"pa_brands-abb","8":"pa_farg-vit","9":"tm-no-options","11":"first","12":"outofstock","13":"sale","14":"taxable","15":"shipping-taxable","16":"purchasable","17":"product-type-simple"},"acf":[],"_links":{"self":[{"href":"https:\/\/secureus.se\/no\/wp-json\/wp\/v2\/product\/118755","targetHints":{"allow":["GET"]}}],"collection":[{"href":"https:\/\/secureus.se\/no\/wp-json\/wp\/v2\/product"}],"about":[{"href":"https:\/\/secureus.se\/no\/wp-json\/wp\/v2\/types\/product"}],"wp:featuredmedia":[{"embeddable":true,"href":"https:\/\/secureus.se\/no\/wp-json\/wp\/v2\/media\/134954"}],"wp:attachment":[{"href":"https:\/\/secureus.se\/no\/wp-json\/wp\/v2\/media?parent=118755"}],"wp:term":[{"taxonomy":"product_brand","embeddable":true,"href":"https:\/\/secureus.se\/no\/wp-json\/wp\/v2\/product_brand?post=118755"},{"taxonomy":"product_cat","embeddable":true,"href":"https:\/\/secureus.se\/no\/wp-json\/wp\/v2\/product_cat?post=118755"},{"taxonomy":"product_tag","embeddable":true,"href":"https:\/\/secureus.se\/no\/wp-json\/wp\/v2\/product_tag?post=118755"}],"curies":[{"name":"wp","href":"https:\/\/api.w.org\/{rel}","templated":true}]}}