{"id":120155,"date":"2024-11-21T10:54:34","date_gmt":"2024-11-21T09:54:34","guid":{"rendered":"https:\/\/secureus.se\/?post_type=product&#038;p=120155"},"modified":"2026-04-30T08:38:35","modified_gmt":"2026-04-30T06:38:35","slug":"sim-kort-till-larm-100mb-manad-12-manader","status":"publish","type":"product","link":"https:\/\/secureus.se\/no\/sim-kort-till-larm-100mb-manad-12-manader\/","title":{"rendered":"SIM-kort for Alarm - 100MB\/mnd - 12 m\u00e5neder"},"content":{"rendered":"<h1 data-start=\"804\" data-end=\"856\">IoT SIM-kort for alarmer - 100 MB\/m\u00e5ned - 12 m\u00e5neder<\/h1>\n<p data-start=\"857\" data-end=\"922\"><strong data-start=\"857\" data-end=\"922\">Profesjonell og sikker tilkobling for alarmer og alarmsendere.<\/strong><\/p>\n<hr data-start=\"924\" data-end=\"927\" \/>\n<h3 data-start=\"929\" data-end=\"987\"><strong data-start=\"933\" data-end=\"985\">P\u00e5litelig kommunikasjon \u2013 n\u00e5r det gjelder som mest<\/strong><\/h3>\n<p data-start=\"988\" data-end=\"1226\">Dette IoT SIM-kortet er spesielt utviklet for sikkerhetskritiske applikasjoner som alarmer og alarmsendere. Med prioritert trafikk via Tele2s nettverk og et privat APN f\u00e5r du en stabil, sikker og rask forbindelse \u2013 selv under h\u00f8y nettverksbelastning.<\/p>\n<p data-start=\"1228\" data-end=\"1369\">Perfekt egnet for <strong data-start=\"1247\" data-end=\"1255\">Ajax<\/strong> og andre avanserte alarmsystemer, b\u00e5de som prim\u00e6rtilkobling og som backup hvis den faste internettforbindelsen din g\u00e5r ned.<\/p>\n<hr data-start=\"1371\" data-end=\"1374\" \/>\n<h3 data-start=\"1376\" data-end=\"1411\"><strong data-start=\"1380\" data-end=\"1409\">Fordeler med v\u00e5rt IoT SIM-kort<\/strong><\/h3>\n<ul data-start=\"1412\" data-end=\"1816\">\n<li data-start=\"1412\" data-end=\"1473\">\n<p data-start=\"1414\" data-end=\"1473\"><strong data-start=\"1414\" data-end=\"1430\">100 MB\/m\u00e5ned<\/strong> \u2013 tilstrekkelig for de fleste alarmsystemer.<\/p>\n<\/li>\n<li data-start=\"1474\" data-end=\"1549\">\n<p data-start=\"1476\" data-end=\"1549\"><strong data-start=\"1476\" data-end=\"1502\">Prioritert datatrafikk<\/strong> \u2013 stabil forbindelse selv under h\u00f8y belastning.<\/p>\n<\/li>\n<li data-start=\"1550\" data-end=\"1638\">\n<p data-start=\"1552\" data-end=\"1638\"><strong data-start=\"1552\" data-end=\"1566\">Privat APN<\/strong> \u2013 ekstra sikkerhet og dedikert tilkobling via <code data-start=\"1613\" data-end=\"1635\">stonehouse.tele2.com<\/code>.<\/p>\n<\/li>\n<li data-start=\"1639\" data-end=\"1740\">\n<p data-start=\"1641\" data-end=\"1740\"><strong data-start=\"1641\" data-end=\"1664\">Fleksibel nettverksl\u00f8sning<\/strong> \u2013 standard via Tele2, men bytter automatisk til den beste operat\u00f8ren\/masten i ditt omr\u00e5de.<\/p>\n<\/li>\n<li data-start=\"1741\" data-end=\"1816\">\n<p data-start=\"1743\" data-end=\"1816\"><strong data-start=\"1743\" data-end=\"1760\">Full kontroll<\/strong> \u2013 administrer og forny abonnementet ditt via kundeportalen din.<\/p>\n<\/li>\n<\/ul>\n<hr data-start=\"1818\" data-end=\"1821\" \/>\n<h3 data-start=\"1823\" data-end=\"1848\"><strong data-start=\"1827\" data-end=\"1846\">Spesifikasjoner<\/strong><\/h3>\n<ul data-start=\"1849\" data-end=\"2086\">\n<li data-start=\"1849\" data-end=\"1919\">\n<p data-start=\"1851\" data-end=\"1919\"><strong data-start=\"1851\" data-end=\"1863\">Nettverk:<\/strong> Tele2.<\/p>\n<\/li>\n<li data-start=\"1920\" data-end=\"1953\">\n<p data-start=\"1922\" data-end=\"1953\"><strong data-start=\"1922\" data-end=\"1937\">Datatrafikk:<\/strong> 100 MB\/mnd.<\/p>\n<\/li>\n<li data-start=\"1954\" data-end=\"2006\">\n<p data-start=\"1956\" data-end=\"2006\"><strong data-start=\"1956\" data-end=\"1971\">Abonnement:<\/strong> 12 m\u00e5neder (forskuddsbetaling).<\/p>\n<\/li>\n<li data-start=\"2007\" data-end=\"2041\">\n<p data-start=\"2009\" data-end=\"2041\"><strong data-start=\"2009\" data-end=\"2018\">Pris:<\/strong> 460 SEK per 365 dager (inkl. mva.).<\/p>\n<\/li>\n<li data-start=\"2042\" data-end=\"2086\">\n<p data-start=\"2044\" data-end=\"2086\"><strong data-start=\"2044\" data-end=\"2052\">Type:<\/strong> Datakort \u2013 ingen SMS eller samtaler.<\/p>\n<\/li>\n<\/ul>\n<hr data-start=\"2088\" data-end=\"2091\" \/>\n<h3 data-start=\"2093\" data-end=\"2135\"><strong data-start=\"2097\" data-end=\"2133\">Installasjon \u2013 enkel og rask<\/strong><\/h3>\n<ol data-start=\"2136\" data-end=\"2277\">\n<li data-start=\"2136\" data-end=\"2172\">\n<p data-start=\"2139\" data-end=\"2172\">Sett inn SIM-kortet i enheten din og aktiver roaming.<\/p>\n<\/li>\n<li data-start=\"2173\" data-end=\"2211\">\n<p data-start=\"2176\" data-end=\"2211\">Skriv inn APN: <code data-start=\"2186\" data-end=\"2208\">stonehouse.tele2.com<\/code>.<\/p>\n<\/li>\n<li data-start=\"2212\" data-end=\"2277\">\n<p data-start=\"2215\" data-end=\"2277\">Ferdig \u2013 alarmsystemet ditt er n\u00e5 online med prioritert trafikk.<\/p>\n<\/li>\n<\/ol>\n<blockquote data-start=\"2279\" data-end=\"2430\">\n<p data-start=\"2281\" data-end=\"2430\"><strong data-start=\"2281\" data-end=\"2289\">Note!<\/strong> Kortet er ikke egnet for videokameraer, da videostr\u00f8mming krever h\u00f8yere datamengder. For kameraoverv\u00e5king tilbyr vi spesielle SIM-kort. Det kan ta litt tid ved f\u00f8rste tilkobling, siden SIM-kortet aktiveres ved f\u00f8rste tilkobling! Du m\u00e5 kanskje starte enheten p\u00e5 nytt hvis du har satt inn SIM-kortet i en p\u00e5sl\u00e5tt enhet.<\/p>\n<\/blockquote>\n<hr data-start=\"2432\" data-end=\"2435\" \/>\n<h3 data-start=\"2437\" data-end=\"2481\"><strong data-start=\"2441\" data-end=\"2479\">Viktig \u00e5 vite f\u00f8r du bestiller<\/strong><\/h3>\n<p data-start=\"2482\" data-end=\"2578\">For \u00e5 bestille dette produktet m\u00e5 du opprette en konto i kassen. Dette gj\u00f8res enkelt ved utsjekking. Dette er n\u00f8dvendig for \u00e5:<\/p>\n<ul data-start=\"2579\" data-end=\"2713\">\n<li data-start=\"2579\" data-end=\"2615\">\n<p data-start=\"2581\" data-end=\"2615\">Administrer og forny abonnementet ditt.<\/p>\n<\/li>\n<li data-start=\"2616\" data-end=\"2651\">\n<p data-start=\"2618\" data-end=\"2651\">Avslutt tjenesten n\u00e5r som helst.<\/p>\n<\/li>\n<li data-start=\"2652\" data-end=\"2713\">\n<p data-start=\"2654\" data-end=\"2713\">S\u00f8rg for riktig og sikker h\u00e5ndtering av SIM-kortet ditt.<\/p>\n<\/li>\n<\/ul>\n<hr data-start=\"2715\" data-end=\"2718\" \/>\n<p data-start=\"2720\" data-end=\"2801\">\u2705 <strong data-start=\"2722\" data-end=\"2731\">Pris:<\/strong> 460 SEK per 365 dager (inkl. mva.)<br data-start=\"2751\" data-end=\"2754\" \/>\ud83d\udce6 <strong data-start=\"2757\" data-end=\"2770\">Leveranse:<\/strong> Sendes innen 1\u20132 virkedager<\/p>","protected":false},"excerpt":{"rendered":"<p data-start=\"280\" data-end=\"603\"><strong data-start=\"280\" data-end=\"332\">IoT SIM-kort for alarmer - 100 MB\/m\u00e5ned - 12 m\u00e5neder<\/strong><br data-start=\"332\" data-end=\"335\" \/>Sikre alarmsystemet ditt med et profesjonelt IoT-SIM optimalisert for sikkerhetskritisk kommunikasjon. Prioritert datatrafikk via Tele2-nettverket, privat APN (<code data-start=\"485\" data-end=\"507\">stonehouse.tele2.com<\/code>) og h\u00f8y p\u00e5litelighet sikrer stabil tilkobling - ideelt for Ajax og andre alarmsystemer.<\/p>\n<p data-start=\"605\" data-end=\"770\"><strong data-start=\"605\" data-end=\"617\">Det er viktig:<\/strong> For \u00e5 kj\u00f8pe dette produktet m\u00e5 du opprette en konto i kassen hvis du ikke allerede har en. Dette kan enkelt gj\u00f8res p\u00e5 bestillingstidspunktet. Dette er n\u00f8dvendig for \u00e5 administrere, fornye eller si opp abonnementet via kundeportalen v\u00e5r.<\/p>","protected":false},"featured_media":146587,"template":"","meta":{"_acf_changed":false},"product_brand":[],"product_cat":[1551],"product_tag":[],"class_list":{"0":"post-120155","1":"product","2":"type-product","3":"status-publish","4":"has-post-thumbnail","6":"product_cat-larmoverforing","7":"product_shipping_class-postnord-varubrev","8":"pa_brands-secureus","9":"pa_brands-tele2","10":"tm-no-options","12":"first","13":"instock","14":"taxable","15":"shipping-taxable","16":"purchasable","17":"product-type-simple"},"acf":[],"_links":{"self":[{"href":"https:\/\/secureus.se\/no\/wp-json\/wp\/v2\/product\/120155","targetHints":{"allow":["GET"]}}],"collection":[{"href":"https:\/\/secureus.se\/no\/wp-json\/wp\/v2\/product"}],"about":[{"href":"https:\/\/secureus.se\/no\/wp-json\/wp\/v2\/types\/product"}],"wp:featuredmedia":[{"embeddable":true,"href":"https:\/\/secureus.se\/no\/wp-json\/wp\/v2\/media\/146587"}],"wp:attachment":[{"href":"https:\/\/secureus.se\/no\/wp-json\/wp\/v2\/media?parent=120155"}],"wp:term":[{"taxonomy":"product_brand","embeddable":true,"href":"https:\/\/secureus.se\/no\/wp-json\/wp\/v2\/product_brand?post=120155"},{"taxonomy":"product_cat","embeddable":true,"href":"https:\/\/secureus.se\/no\/wp-json\/wp\/v2\/product_cat?post=120155"},{"taxonomy":"product_tag","embeddable":true,"href":"https:\/\/secureus.se\/no\/wp-json\/wp\/v2\/product_tag?post=120155"}],"curies":[{"name":"wp","href":"https:\/\/api.w.org\/{rel}","templated":true}]}}