{"id":120194,"date":"2024-10-24T13:02:30","date_gmt":"2024-10-24T11:02:30","guid":{"rendered":"https:\/\/secureus.se\/passerkort-rfid-kort-kombi-4200-mifare4k-chip\/"},"modified":"2026-03-27T14:12:08","modified_gmt":"2026-03-27T13:12:08","slug":"passerkort-rfid-kort-kombi-em-mifare4k-chip","status":"publish","type":"product","link":"https:\/\/secureus.se\/no\/passerkort-rfid-kort-kombi-em-mifare4k-chip\/","title":{"rendered":"Tilgangskort \/ RFID-kort Combi EM\/MIFARE4k-kompatibel brikke"},"content":{"rendered":"<p>Tilgangskort \/ RFID-kort Combi EM\/MIFARE4k-kompatibel brikke<\/p>\n<p>V\u00e5rt kombikort tilbyr doble brikker i ett enkelt kort, noe som gir deg maksimal fleksibilitet for ulike tilgangssystemer og applikasjoner. Brettet er utstyrt med Fudan S50, som tilsvarer MIFARE1k, samt HT4168, som er kompatibel med EM4200-teknologi.<\/p>\n<p>Dette kortet er den perfekte l\u00f8sningen for milj\u00f8er hvor flere systemer brukes samtidig, for eksempel p\u00e5 arbeidsplasser eller i leilighetsbygg. Det h\u00f8ykvalitets plastmaterialet garanterer holdbarhet og lang levetid. I tillegg tilbyr vi 2 \u00e5rs garanti for \u00e5 sikre din trygghet.<\/p>\n<p>**Funksjoner:**<br \/>\n\u2013 **Kompatibilitet:**<br \/>\n\u2013 **Fudan S70:** MIFARE4k<br \/>\n\u2013 **HT4168:** EM4200<br \/>\n\u2013 **Funksjon:** Dual chip-teknologi for bruk i flere systemer<br \/>\n\u2013 **Materialer:** Plast av h\u00f8y kvalitet<br \/>\n\u2013 **Garanti:** 2 \u00e5r<\/p>\n<p>Med dette kombinasjonskortet f\u00e5r du en allsidig og p\u00e5litelig l\u00f8sning for adgangskontroll og identifikasjon. Velg kvalitet og funksjon i ett og samme kort!<\/p>","protected":false},"excerpt":{"rendered":"<p>Dette produktet er designet for \u00e5 oppfylle de samme kravene og funksjonene som NXP-brikken krever, men med en kompatibel brikke og til en lavere pris.<\/p>\n<p>Vi gir 2 \u00e5rs garanti p\u00e5 funksjon og kortinnhold.<\/p>","protected":false},"featured_media":136040,"template":"","meta":{"_acf_changed":false},"product_brand":[],"product_cat":[4346],"product_tag":[4415,2958],"class_list":{"0":"post-120194","1":"product","2":"type-product","3":"status-publish","4":"has-post-thumbnail","6":"product_cat-mifare4k-em4200-kombinerade","7":"product_tag-kompatibelt-chip","8":"product_tag-stonehouse-produkt","9":"product_shipping_class-postnord-varubrev","10":"pa_brands-stonehouse-security","11":"pa_farg-vit","12":"pa_plastkort-teknik-kombi-em-mifare4k","13":"tm-has-options","15":"first","16":"instock","17":"sale","18":"featured","19":"taxable","20":"shipping-taxable","21":"purchasable","22":"product-type-simple"},"acf":[],"_links":{"self":[{"href":"https:\/\/secureus.se\/no\/wp-json\/wp\/v2\/product\/120194","targetHints":{"allow":["GET"]}}],"collection":[{"href":"https:\/\/secureus.se\/no\/wp-json\/wp\/v2\/product"}],"about":[{"href":"https:\/\/secureus.se\/no\/wp-json\/wp\/v2\/types\/product"}],"wp:featuredmedia":[{"embeddable":true,"href":"https:\/\/secureus.se\/no\/wp-json\/wp\/v2\/media\/136040"}],"wp:attachment":[{"href":"https:\/\/secureus.se\/no\/wp-json\/wp\/v2\/media?parent=120194"}],"wp:term":[{"taxonomy":"product_brand","embeddable":true,"href":"https:\/\/secureus.se\/no\/wp-json\/wp\/v2\/product_brand?post=120194"},{"taxonomy":"product_cat","embeddable":true,"href":"https:\/\/secureus.se\/no\/wp-json\/wp\/v2\/product_cat?post=120194"},{"taxonomy":"product_tag","embeddable":true,"href":"https:\/\/secureus.se\/no\/wp-json\/wp\/v2\/product_tag?post=120194"}],"curies":[{"name":"wp","href":"https:\/\/api.w.org\/{rel}","templated":true}]}}