{"id":120195,"date":"2024-10-24T12:59:16","date_gmt":"2024-10-24T10:59:16","guid":{"rendered":"https:\/\/secureus.se\/passerkort-rfid-kort-kombi-4200-mifare1k-chip\/"},"modified":"2025-12-31T21:26:22","modified_gmt":"2025-12-31T20:26:22","slug":"passerkort-rfid-kort-kombi-em-mifare1k-chip","status":"publish","type":"product","link":"https:\/\/secureus.se\/no\/passerkort-rfid-kort-kombi-em-mifare1k-chip\/","title":{"rendered":"Tilgangskort \/ RFID-kort Combi EM\/MIFARE1k-kompatibel brikke"},"content":{"rendered":"<h1>Tilgangskort \/ RFID-kort Combi EM\/MIFARE1k-kompatibel brikke<\/h1>\n<p>V\u00e5rt kombikort tilbyr doble brikker i ett enkelt kort, noe som gir deg maksimal fleksibilitet for ulike tilgangssystemer og applikasjoner. Brettet er utstyrt med Fudan S50, som tilsvarer MIFARE1k, samt HT4168, som er kompatibel med EM4200-teknologi.<\/p>\n<p>Dette kortet er den perfekte l\u00f8sningen for milj\u00f8er hvor flere systemer brukes samtidig, for eksempel p\u00e5 arbeidsplasser eller i leilighetsbygg. Det h\u00f8ykvalitets plastmaterialet garanterer holdbarhet og lang levetid. I tillegg tilbyr vi 2 \u00e5rs garanti for \u00e5 sikre din trygghet.<\/p>\n<p>**Funksjoner:**<br \/>\n\u2013 **Kompatibilitet:**<br \/>\n\u2013 **Fudan S50:** MIFARE1k<br \/>\n\u2013 **HT4168:** EM4200<br \/>\n\u2013 **Funksjon:** Dual chip-teknologi for bruk i flere systemer<br \/>\n\u2013 **Materialer:** Plast av h\u00f8y kvalitet<br \/>\n\u2013 **Garanti:** 2 \u00e5r<\/p>\n<p>Med dette kombinasjonskortet f\u00e5r du en allsidig og p\u00e5litelig l\u00f8sning for adgangskontroll og identifikasjon. Velg kvalitet og funksjon i ett og samme kort!<\/p>","protected":false},"excerpt":{"rendered":"<p>Dette produktet er designet for \u00e5 oppfylle de samme kravene og funksjonene som NXP-brikken krever, men med en kompatibel brikke og til en lavere pris.<\/p>\n<p>Vi gir 2 \u00e5rs garanti p\u00e5 funksjon og kortinnhold.<\/p>","protected":false},"featured_media":136040,"template":"","meta":{"_acf_changed":false},"product_brand":[],"product_cat":[4224],"product_tag":[4415,3074,2958],"class_list":{"0":"post-120195","1":"product","2":"type-product","3":"status-publish","4":"has-post-thumbnail","6":"product_cat-rfid-kort-mifare1k-em4200-kombinerade","7":"product_tag-kompatibelt-chip","8":"product_tag-rfid-kombination-em-mifare1k","9":"product_tag-stonehouse-produkt","10":"product_shipping_class-postnord-varubrev","11":"pa_brands-stonehouse-security","12":"pa_farg-vit","13":"pa_plastkort-teknik-kombi-em-mifare1k","14":"tm-has-options","16":"first","17":"instock","18":"sale","19":"featured","20":"taxable","21":"shipping-taxable","22":"purchasable","23":"product-type-simple"},"acf":[],"_links":{"self":[{"href":"https:\/\/secureus.se\/no\/wp-json\/wp\/v2\/product\/120195","targetHints":{"allow":["GET"]}}],"collection":[{"href":"https:\/\/secureus.se\/no\/wp-json\/wp\/v2\/product"}],"about":[{"href":"https:\/\/secureus.se\/no\/wp-json\/wp\/v2\/types\/product"}],"wp:featuredmedia":[{"embeddable":true,"href":"https:\/\/secureus.se\/no\/wp-json\/wp\/v2\/media\/136040"}],"wp:attachment":[{"href":"https:\/\/secureus.se\/no\/wp-json\/wp\/v2\/media?parent=120195"}],"wp:term":[{"taxonomy":"product_brand","embeddable":true,"href":"https:\/\/secureus.se\/no\/wp-json\/wp\/v2\/product_brand?post=120195"},{"taxonomy":"product_cat","embeddable":true,"href":"https:\/\/secureus.se\/no\/wp-json\/wp\/v2\/product_cat?post=120195"},{"taxonomy":"product_tag","embeddable":true,"href":"https:\/\/secureus.se\/no\/wp-json\/wp\/v2\/product_tag?post=120195"}],"curies":[{"name":"wp","href":"https:\/\/api.w.org\/{rel}","templated":true}]}}