{"id":120196,"date":"2024-10-24T12:54:19","date_gmt":"2024-10-24T10:54:19","guid":{"rendered":"https:\/\/secureus.se\/passerkort-rfid-kort-mifare4k-chip\/"},"modified":"2026-03-25T22:25:53","modified_gmt":"2026-03-25T21:25:53","slug":"passerkort-rfid-kort-mifare4k-chip","status":"publish","type":"product","link":"https:\/\/secureus.se\/no\/passerkort-rfid-kort-mifare4k-chip\/","title":{"rendered":"Tilgangskort \/ RFID-kort MIFARE4k-kompatibel brikke"},"content":{"rendered":"<h1>Tilgangskort \/ RFID-kort MIFARE4k-kompatibel brikke<\/h1>\n<p>V\u00e5re adgangskort med Fudan-brikke er fullt kompatible med MIFARE Classic-teknologi og tilbyr en p\u00e5litelig og kostnadseffektiv l\u00f8sning for dine RFID-behov. Fudan S50 tilsvarer MIFARE1k, mens Fudan S70 tilsvarer MIFARE4k.<\/p>\n<p>Kortenes plastmateriale holder samme h\u00f8ye kvalitet som alle v\u00e5re andre kort, noe som gj\u00f8r dem b\u00e5de holdbare og holdbare. Vi er s\u00e5 sikre p\u00e5 kvaliteten at vi tilbyr 2 \u00e5rs garanti p\u00e5 alle v\u00e5re kompatible RFID-kort.<\/p>\n<p>Disse kortene er ideelle for tilgangskontroll, identifikasjon, tilgangsadministrasjon og andre applikasjoner der MIFARE-teknologi brukes.<\/p>\n<p>**Funksjoner:**<br \/>\n\u2013 **Kompatibilitet:** MIFARE Classic (4k)<br \/>\n\u2013 **Brikketype:** Fudan S70 (MIFARE4k)<br \/>\n\u2013 **Materialer:** Plast av h\u00f8y kvalitet<br \/>\n\u2013 **Garanti:** 2 \u00e5r<\/p>\n<p>Velg et p\u00e5litelig kort som oppfyller dine krav til sikkerhet og funksjonalitet!<\/p>\n<p>&nbsp;<\/p>","protected":false},"excerpt":{"rendered":"<p>Dette produktet er designet for \u00e5 oppfylle de samme kravene og funksjonene som NXP-brikken krever, men med en kompatibel brikke og til en lavere pris.<\/p>\n<p>Vi gir 2 \u00e5rs garanti p\u00e5 funksjon og kortinnhold.<\/p>","protected":false},"featured_media":136040,"template":"","meta":{"_acf_changed":false},"product_brand":[],"product_cat":[4226],"product_tag":[4415,2958],"class_list":{"0":"post-120196","1":"product","2":"type-product","3":"status-publish","4":"has-post-thumbnail","6":"product_cat-rfid-kort-mifare-classic-4k","7":"product_tag-kompatibelt-chip","8":"product_tag-stonehouse-produkt","9":"product_shipping_class-postnord-varubrev","10":"pa_brands-stonehouse-security","11":"pa_farg-vit","12":"pa_plastkort-teknik-mifare4k","13":"tm-has-options","15":"first","16":"instock","17":"sale","18":"featured","19":"taxable","20":"shipping-taxable","21":"purchasable","22":"product-type-simple"},"acf":[],"_links":{"self":[{"href":"https:\/\/secureus.se\/no\/wp-json\/wp\/v2\/product\/120196","targetHints":{"allow":["GET"]}}],"collection":[{"href":"https:\/\/secureus.se\/no\/wp-json\/wp\/v2\/product"}],"about":[{"href":"https:\/\/secureus.se\/no\/wp-json\/wp\/v2\/types\/product"}],"wp:featuredmedia":[{"embeddable":true,"href":"https:\/\/secureus.se\/no\/wp-json\/wp\/v2\/media\/136040"}],"wp:attachment":[{"href":"https:\/\/secureus.se\/no\/wp-json\/wp\/v2\/media?parent=120196"}],"wp:term":[{"taxonomy":"product_brand","embeddable":true,"href":"https:\/\/secureus.se\/no\/wp-json\/wp\/v2\/product_brand?post=120196"},{"taxonomy":"product_cat","embeddable":true,"href":"https:\/\/secureus.se\/no\/wp-json\/wp\/v2\/product_cat?post=120196"},{"taxonomy":"product_tag","embeddable":true,"href":"https:\/\/secureus.se\/no\/wp-json\/wp\/v2\/product_tag?post=120196"}],"curies":[{"name":"wp","href":"https:\/\/api.w.org\/{rel}","templated":true}]}}