{"id":132356,"date":"2024-11-26T10:28:52","date_gmt":"2024-11-26T09:28:52","guid":{"rendered":"https:\/\/secureus.se\/?post_type=product&#038;p=132356"},"modified":"2026-02-18T13:50:16","modified_gmt":"2026-02-18T12:50:16","slug":"risco-rw432kpp802a-panda-wireless-2-way-keypad-for-lightsys","status":"publish","type":"product","link":"https:\/\/secureus.se\/no\/risco-rw432kpp802a-panda-wireless-2-way-keypad-for-lightsys\/","title":{"rendered":"RISCO tr\u00e5dl\u00f8st 2-veis tastatur med prox \u2013 for LightSYS Air og LightSYS+ (hvit)"},"content":{"rendered":"<p data-start=\"673\" data-end=\"733\"><strong data-start=\"673\" data-end=\"731\">RISCO RW432KPP802A \u2013 Tr\u00e5dl\u00f8st 2-veis tastatur med Prox<\/strong><\/p>\n<p data-start=\"735\" data-end=\"1005\">RISCO RW432KPP802A er en <strong data-start=\"760\" data-end=\"789\">tr\u00e5dl\u00f8st toveis tastatur<\/strong> med LCD-skjerm, utviklet for bruk med <strong data-start=\"836\" data-end=\"866\">LightSYS Air og LightSYS+<\/strong>Den kombinerer <strong data-start=\"883\" data-end=\"935\">moderne design, enkel bruk og h\u00f8y sikkerhet<\/strong> i en fleksibel l\u00f8sning for b\u00e5de boliger og n\u00e6ringseiendommer.<\/p>\n<p data-start=\"1007\" data-end=\"1448\"><strong data-start=\"1009\" data-end=\"1033\">Tr\u00e5dl\u00f8s installasjon<\/strong> \u2013 rask montering med innebygd brakett<br data-start=\"1069\" data-end=\"1072\" \/><strong data-start=\"1074\" data-end=\"1089\">LCD-skjerm<\/strong> \u2013 tydelig systemstatus og enkel navigering<br data-start=\"1132\" data-end=\"1135\" \/><strong data-start=\"1137\" data-end=\"1171\">MIFARE RFID-leser (13,56 MHz)<\/strong> \u2013 rask og sikker tilgang med n\u00e6rhetskort<br data-start=\"1210\" data-end=\"1213\" \/><strong data-start=\"1215\" data-end=\"1239\">Visuelle indikatorer<\/strong> \u2013 viser systemstatus, tilkobling til Risco Cloud, feil og alarmer<br data-start=\"1303\" data-end=\"1306\" \/><strong data-start=\"1308\" data-end=\"1328\">Taktiske knapper<\/strong> \u2013 responsiv og slitesterk for p\u00e5litelig bruk<br data-start=\"1378\" data-end=\"1381\" \/><strong data-start=\"1383\" data-end=\"1408\">868 MHz-kommunikasjon<\/strong> \u2013 sikker og stabil tr\u00e5dl\u00f8s forbindelse<\/p>\n<p data-start=\"1450\" data-end=\"1561\">Tastaturet drives av <strong data-start=\"1473\" data-end=\"1497\">4 x CR123A-batterier<\/strong> og er utstyrt med <strong data-start=\"1518\" data-end=\"1539\">anti-sabotasjebeskyttelse<\/strong> for ekstra sikkerhet.<\/p>\n<hr data-start=\"1563\" data-end=\"1566\" \/>\n<h3 data-start=\"1568\" data-end=\"1593\"><strong data-start=\"1572\" data-end=\"1591\">Spesifikasjoner<\/strong><\/h3>\n<ul data-start=\"1594\" data-end=\"1950\">\n<li data-start=\"1594\" data-end=\"1622\">\n<p data-start=\"1596\" data-end=\"1622\"><strong data-start=\"1596\" data-end=\"1607\">Modell:<\/strong> RW432KPP802A<\/p>\n<\/li>\n<li data-start=\"1623\" data-end=\"1640\">\n<p data-start=\"1625\" data-end=\"1640\"><strong data-start=\"1625\" data-end=\"1634\">Farge:<\/strong> Hvit<\/p>\n<\/li>\n<li data-start=\"1641\" data-end=\"1689\">\n<p data-start=\"1643\" data-end=\"1689\"><strong data-start=\"1643\" data-end=\"1662\">Kompatibilitet:<\/strong> LightSYS Air og LightSYS+<\/p>\n<\/li>\n<li data-start=\"1690\" data-end=\"1710\">\n<p data-start=\"1692\" data-end=\"1710\"><strong data-start=\"1692\" data-end=\"1704\">Utstilling:<\/strong> LCD-skjerm<\/p>\n<\/li>\n<li data-start=\"1711\" data-end=\"1741\">\n<p data-start=\"1713\" data-end=\"1741\"><strong data-start=\"1713\" data-end=\"1722\">RFID:<\/strong> MIFARE 13,56 MHz<\/p>\n<\/li>\n<li data-start=\"1742\" data-end=\"1773\">\n<p data-start=\"1744\" data-end=\"1773\"><strong data-start=\"1744\" data-end=\"1763\">Arbeidsfrekvens:<\/strong> 868 MHz<\/p>\n<\/li>\n<li data-start=\"1774\" data-end=\"1820\">\n<p data-start=\"1776\" data-end=\"1820\"><strong data-start=\"1776\" data-end=\"1797\">Str\u00f8mforsyning:<\/strong> 4 \u00d7 CR123A-batterier<\/p>\n<\/li>\n<li data-start=\"1821\" data-end=\"1852\">\n<p data-start=\"1823\" data-end=\"1852\"><strong data-start=\"1823\" data-end=\"1832\">M\u00e5le:<\/strong> 180 \u00d7 115 \u00d7 35 mm<\/p>\n<\/li>\n<li data-start=\"1853\" data-end=\"1872\">\n<p data-start=\"1855\" data-end=\"1872\"><strong data-start=\"1855\" data-end=\"1864\">Vekt:<\/strong> 287 g<\/p>\n<\/li>\n<li data-start=\"1873\" data-end=\"1922\">\n<p data-start=\"1875\" data-end=\"1922\"><strong data-start=\"1875\" data-end=\"1892\">Installasjon:<\/strong> Tr\u00e5dl\u00f8s med monteringsbrakett<\/p>\n<\/li>\n<li data-start=\"1923\" data-end=\"1950\">\n<p data-start=\"1925\" data-end=\"1950\"><strong data-start=\"1925\" data-end=\"1935\">Beskyttelse:<\/strong> Anti-sabotasje<\/p>\n<\/li>\n<\/ul>","protected":false},"excerpt":{"rendered":"<p>RISCO RW432KPP802A er et tr\u00e5dl\u00f8st toveis tastatur for LightSYS Air og LightSYS+. Med LCD-skjerm, MIFARE RFID-leser og moderne design tilbyr det enkel, sikker og fleksibel kontroll.<\/p>","protected":false},"featured_media":133566,"template":"","meta":{"_acf_changed":false},"product_brand":[],"product_cat":[4880],"product_tag":[],"class_list":{"0":"post-132356","1":"product","2":"type-product","3":"status-publish","4":"has-post-thumbnail","6":"product_cat-lightsys-air-v6","7":"product_shipping_class-tunga-paket","8":"pa_brands-4risco","9":"tm-no-options","11":"first","12":"instock","13":"taxable","14":"shipping-taxable","15":"purchasable","16":"product-type-simple"},"acf":[],"_links":{"self":[{"href":"https:\/\/secureus.se\/no\/wp-json\/wp\/v2\/product\/132356","targetHints":{"allow":["GET"]}}],"collection":[{"href":"https:\/\/secureus.se\/no\/wp-json\/wp\/v2\/product"}],"about":[{"href":"https:\/\/secureus.se\/no\/wp-json\/wp\/v2\/types\/product"}],"wp:featuredmedia":[{"embeddable":true,"href":"https:\/\/secureus.se\/no\/wp-json\/wp\/v2\/media\/133566"}],"wp:attachment":[{"href":"https:\/\/secureus.se\/no\/wp-json\/wp\/v2\/media?parent=132356"}],"wp:term":[{"taxonomy":"product_brand","embeddable":true,"href":"https:\/\/secureus.se\/no\/wp-json\/wp\/v2\/product_brand?post=132356"},{"taxonomy":"product_cat","embeddable":true,"href":"https:\/\/secureus.se\/no\/wp-json\/wp\/v2\/product_cat?post=132356"},{"taxonomy":"product_tag","embeddable":true,"href":"https:\/\/secureus.se\/no\/wp-json\/wp\/v2\/product_tag?post=132356"}],"curies":[{"name":"wp","href":"https:\/\/api.w.org\/{rel}","templated":true}]}}