{"id":132831,"date":"2024-12-03T11:31:46","date_gmt":"2024-12-03T10:31:46","guid":{"rendered":"https:\/\/secureus.se\/?post_type=product&#038;p=132831"},"modified":"2026-04-23T12:39:37","modified_gmt":"2026-04-23T10:39:37","slug":"evolis-agilia-rtcl100naaa-retransfer-film-1200-utskrifter","status":"publish","type":"product","link":"https:\/\/secureus.se\/no\/evolis-agilia-rtcl100naaa-retransfer-film-1200-utskrifter\/","title":{"rendered":"Reoverf\u00f8ringsfilm Evolis \u2013 Agilia"},"content":{"rendered":"<h1>Overf\u00f8r film p\u00e5 nytt<br \/>\n  Evolis &#8211; Agilia<\/h1>\n<p>Retransferfilm Evolis &#8211; Agilia \u00e4r ett f\u00e4rgband f\u00f6r utskrift av<br \/>\n  plastkort med skarpa f\u00e4rger, tydlig text och bra detalj\u00e5tergivning. Bandtypen<br \/>\n  YMC ger r\u00e4tt kombination av f\u00e4rgpaneler f\u00f6r professionella<br \/>\n  kortutskrift.<\/p>\n<p>Passer for ID-kort, adgangskort, medlemskort og annet<br \/>\n  plastkort der h\u00f8y utskriftskvalitet og p\u00e5litelighet er viktig<br \/>\n  viktig.<\/p>\n<ul>\n<li>Kapasitet: opptil 1200 utskrifter<\/li>\n<li>B\u00e5ndtype: YMC<\/li>\n<li>Artikelnummer: RTCL100NAAA<\/li>\n<\/ul>\n<p><strong>Kompatibel med Observera att denna<br \/>\n  \u00e5ter\u00f6verf\u00f6ringsfilm endast \u00e4r kompatibel med Evolis Agilia Retransfer<br \/>\n  kortskrivare och m\u00e5ste alltid anv\u00e4ndas tillsammans med en Agilia YMC<br \/>\n  f\u00e4rgbandsvariant f\u00f6r konsekventa resultat.<\/strong><\/p>\n<p><strong>Produktvekt:<\/strong> 0,20 kg<\/p>","protected":false},"excerpt":{"rendered":"<p>Retransferfilm Evolis &#8211; Agilia Retransferfilm Evolis &#8211; Agilia \u00e4r ett f\u00e4rgband f\u00f6r utskrift av plastkort med skarpa f\u00e4rger, tydlig text och bra detalj\u00e5tergivning. Bandtypen YMC ger r\u00e4tt kombination av f\u00e4rgpaneler<\/p>","protected":false},"featured_media":132941,"template":"","meta":{"_acf_changed":false},"product_brand":[],"product_cat":[3213,4854],"product_tag":[4863,4364],"class_list":{"0":"post-132831","1":"product","2":"type-product","3":"status-publish","4":"has-post-thumbnail","6":"product_cat-evolis-fargband-retransfer","7":"product_cat-agilia","8":"product_tag-pf","9":"product_tag-sync","10":"product_shipping_class-postnord-varubrev","11":"pa_brands-evolis","12":"tm-has-options","14":"first","15":"instock","16":"sale","17":"taxable","18":"shipping-taxable","19":"purchasable","20":"product-type-simple"},"acf":[],"_links":{"self":[{"href":"https:\/\/secureus.se\/no\/wp-json\/wp\/v2\/product\/132831","targetHints":{"allow":["GET"]}}],"collection":[{"href":"https:\/\/secureus.se\/no\/wp-json\/wp\/v2\/product"}],"about":[{"href":"https:\/\/secureus.se\/no\/wp-json\/wp\/v2\/types\/product"}],"wp:featuredmedia":[{"embeddable":true,"href":"https:\/\/secureus.se\/no\/wp-json\/wp\/v2\/media\/132941"}],"wp:attachment":[{"href":"https:\/\/secureus.se\/no\/wp-json\/wp\/v2\/media?parent=132831"}],"wp:term":[{"taxonomy":"product_brand","embeddable":true,"href":"https:\/\/secureus.se\/no\/wp-json\/wp\/v2\/product_brand?post=132831"},{"taxonomy":"product_cat","embeddable":true,"href":"https:\/\/secureus.se\/no\/wp-json\/wp\/v2\/product_cat?post=132831"},{"taxonomy":"product_tag","embeddable":true,"href":"https:\/\/secureus.se\/no\/wp-json\/wp\/v2\/product_tag?post=132831"}],"curies":[{"name":"wp","href":"https:\/\/api.w.org\/{rel}","templated":true}]}}