{"id":133412,"date":"2024-12-02T15:56:39","date_gmt":"2024-12-02T14:56:39","guid":{"rendered":"https:\/\/secureus.se\/aptusnyckel-stalbla\/"},"modified":"2026-04-08T16:49:03","modified_gmt":"2026-04-08T14:49:03","slug":"aptusnyckel-stalbla","status":"publish","type":"product","link":"https:\/\/secureus.se\/no\/aptusnyckel-stalbla\/","title":{"rendered":"APTUS N\u00d8KKEL ST\u00c5L BL\u00c5"},"content":{"rendered":"","protected":false},"excerpt":{"rendered":"<p>Ber\u00f8ringsfri n\u00f8kkel i n\u00f8kkelhullsymbol, gravert nummer 1 til 9 kan velges i fargene st\u00e5lbl\u00e5, m\u00f8rkebl\u00e5, gr\u00f8nn, r\u00f8d.<\/p>","protected":false},"featured_media":133411,"template":"","meta":{"_acf_changed":false},"product_brand":[],"product_cat":[3841],"product_tag":[],"class_list":{"0":"post-133412","1":"product","2":"type-product","3":"status-publish","4":"has-post-thumbnail","6":"product_cat-aptus-taggar","7":"product_shipping_class-postnord-varubrev","8":"pa_brands-aptus","9":"tm-no-options","11":"first","12":"instock","13":"sale","14":"taxable","15":"shipping-taxable","16":"purchasable","17":"product-type-simple"},"acf":[],"_links":{"self":[{"href":"https:\/\/secureus.se\/no\/wp-json\/wp\/v2\/product\/133412","targetHints":{"allow":["GET"]}}],"collection":[{"href":"https:\/\/secureus.se\/no\/wp-json\/wp\/v2\/product"}],"about":[{"href":"https:\/\/secureus.se\/no\/wp-json\/wp\/v2\/types\/product"}],"wp:featuredmedia":[{"embeddable":true,"href":"https:\/\/secureus.se\/no\/wp-json\/wp\/v2\/media\/133411"}],"wp:attachment":[{"href":"https:\/\/secureus.se\/no\/wp-json\/wp\/v2\/media?parent=133412"}],"wp:term":[{"taxonomy":"product_brand","embeddable":true,"href":"https:\/\/secureus.se\/no\/wp-json\/wp\/v2\/product_brand?post=133412"},{"taxonomy":"product_cat","embeddable":true,"href":"https:\/\/secureus.se\/no\/wp-json\/wp\/v2\/product_cat?post=133412"},{"taxonomy":"product_tag","embeddable":true,"href":"https:\/\/secureus.se\/no\/wp-json\/wp\/v2\/product_tag?post=133412"}],"curies":[{"name":"wp","href":"https:\/\/api.w.org\/{rel}","templated":true}]}}