{"id":134600,"date":"2020-07-07T19:24:00","date_gmt":"2020-07-07T17:24:00","guid":{"rendered":"https:\/\/secureus.se\/stilren-liten-2\/"},"modified":"2025-12-31T19:35:56","modified_gmt":"2025-12-31T18:35:56","slug":"stilren-liten","status":"publish","type":"product","link":"https:\/\/secureus.se\/no\/stilren-liten\/","title":{"rendered":"Stilig d\u00f8rskilt Lite"},"content":{"rendered":"<p>M\u00e5l: 120 x 55 mm<br \/>\nMateriale: Messing<br \/>\nVekt: 150 gram<br \/>\nOverflatebehandling: Klarlakkert<\/p>\n<p>Velkommen til v\u00e5r skiltbutikk! Her kan du se v\u00e5rt utvalg av d\u00f8rskilt i messing.<\/p>\n<h6><em><strong><a href=\"https:\/\/dinskylt.se\/shop-dorrskyltar-massing\/\" target=\"_blank\" rel=\"noopener\">Klikk p\u00e5 tegnet du liker og skriv inn navnet ditt i produktbyggeren p\u00e5 https:\/\/dinskylt.se<\/a>\/<\/strong><\/em><\/h6>\n<p>I skiltbutikken kan du enkelt se p\u00e5 forh\u00e5nd hvordan d\u00f8rskiltet ditt i messing vil se ut. N\u00e5r du har lagt inn bestillingen, blir d\u00f8rskiltet i messing gravert og sendt til deg innen 24 timer. Alle v\u00e5re skilt produseres i Alings\u00e5s og leveres til hele Norden innen 5 dager. Har du sp\u00f8rsm\u00e5l om v\u00e5re d\u00f8rskilt, er du alltid velkommen til \u00e5 kontakte oss!<\/p>","protected":false},"excerpt":{"rendered":"<p>V\u00e6r oppmerksom p\u00e5 at du kj\u00f8per skiltet i v\u00e5r designbutikk - Prisen er den samme og gratis frakt<\/p>\n<h5><em><strong><a href=\"https:\/\/dinskylt.se\/shop-dorrskyltar-massing\/\" target=\"_blank\" rel=\"noopener\">Her kj\u00f8per og tilpasser du med egne navn i produktbyggeren p\u00e5 https:\/\/dinskylt.se<\/a>\/<\/strong><\/em><\/h5>\n<p><img decoding=\"async\" class=\"wp-image-123502210 size-medium\" src=\"https:\/\/securityonline.se\/wp-content\/uploads\/2020\/07\/Skylt_499kr_dinskylt.se_-300x240.jpg\" alt=\"d\u00f8rskilt-messing-h\u00f8yeste kvalitet-brf\" width=\"300\" height=\"240\" \/><\/p>\n<p>G\u00e5 og v\u00e6r glad, stilig og klar, om enn i et lite format!<\/p>\n<p>Som en bitte liten mini-kjeksjokolade.<br \/>\nPen men samtidig med en karakter som oser av stil. I likhet med storebroren er den tynn og avfaset i kantene og valget for de som \u00f8nsker et tidl\u00f8st og stilig d\u00f8rskilt, men som sagt i lite format.<\/p>\n<p>Merk, spis minikjeksjokoladen p\u00e5 eget ansvar!<\/p>\n<p>Ps Denne godbiten passer perfekt sammen med v\u00e5rt Ingen reklame-skilt, <a href=\"https:\/\/dinskylt.se\/product\/ingen-reklam-tack\/\">sjekk det ut her<\/a>.<\/p>","protected":false},"featured_media":134598,"template":"","meta":{"_acf_changed":false},"product_brand":[],"product_cat":[2920],"product_tag":[],"class_list":{"0":"post-134600","1":"product","2":"type-product","3":"status-publish","4":"has-post-thumbnail","6":"product_cat-dorrskyltar-i-massing","7":"pa_available-n","8":"pa_available-y","9":"pa_brands-secureus","10":"pa_color-gold","11":"pa_color-silver","12":"pa_holes-y","13":"pa_holes-n","14":"tm-no-options","16":"first","17":"instock","18":"taxable","19":"shipping-taxable","20":"purchasable","21":"product-type-simple"},"acf":[],"_links":{"self":[{"href":"https:\/\/secureus.se\/no\/wp-json\/wp\/v2\/product\/134600","targetHints":{"allow":["GET"]}}],"collection":[{"href":"https:\/\/secureus.se\/no\/wp-json\/wp\/v2\/product"}],"about":[{"href":"https:\/\/secureus.se\/no\/wp-json\/wp\/v2\/types\/product"}],"wp:featuredmedia":[{"embeddable":true,"href":"https:\/\/secureus.se\/no\/wp-json\/wp\/v2\/media\/134598"}],"wp:attachment":[{"href":"https:\/\/secureus.se\/no\/wp-json\/wp\/v2\/media?parent=134600"}],"wp:term":[{"taxonomy":"product_brand","embeddable":true,"href":"https:\/\/secureus.se\/no\/wp-json\/wp\/v2\/product_brand?post=134600"},{"taxonomy":"product_cat","embeddable":true,"href":"https:\/\/secureus.se\/no\/wp-json\/wp\/v2\/product_cat?post=134600"},{"taxonomy":"product_tag","embeddable":true,"href":"https:\/\/secureus.se\/no\/wp-json\/wp\/v2\/product_tag?post=134600"}],"curies":[{"name":"wp","href":"https:\/\/api.w.org\/{rel}","templated":true}]}}