{"id":134611,"date":"2020-05-26T17:13:12","date_gmt":"2020-05-26T15:13:12","guid":{"rendered":"https:\/\/secureus.se\/kurvig-2\/"},"modified":"2025-12-31T19:34:17","modified_gmt":"2025-12-31T18:34:17","slug":"kurvig","status":"publish","type":"product","link":"https:\/\/secureus.se\/no\/kurvig\/","title":{"rendered":"Buet d\u00f8rskilt"},"content":{"rendered":"<p>M\u00e5l: 130 x 50 mm<br \/>\nMateriale: Messing<br \/>\nVekt: 140 gram<br \/>\nOverflatebehandling: Klarlakkert<\/p>\n<p>Velkommen til v\u00e5r skiltbutikk! Her kan du se v\u00e5rt utvalg av d\u00f8rskilt i messing.<\/p>\n<p><em><strong><a href=\"https:\/\/dinskylt.se\/shop-dorrskyltar-massing\/\" target=\"_blank\" rel=\"noopener\">Klikk p\u00e5 tegnet du liker og skriv inn navnet ditt i produktbyggeren p\u00e5 https:\/\/dinskylt.se<\/a>\/<\/strong><\/em><\/p>\n<p>I skiltbutikken kan du enkelt se p\u00e5 forh\u00e5nd hvordan d\u00f8rskiltet ditt i messing vil se ut. N\u00e5r du har lagt inn bestillingen, blir d\u00f8rskiltet i messing gravert og sendt til deg innen 24 timer. Alle v\u00e5re skilt produseres i Alings\u00e5s og leveres til hele Norden innen 5 dager. Har du sp\u00f8rsm\u00e5l om v\u00e5re d\u00f8rskilt, er du alltid velkommen til \u00e5 kontakte oss!<\/p>","protected":false},"excerpt":{"rendered":"<p>V\u00e6r oppmerksom p\u00e5 at du kj\u00f8per skiltet i v\u00e5r designbutikk - Prisen er den samme og gratis frakt.<\/p>\n<p>Hvis Kim Kardashian var et d\u00f8rskilt, er dette det. Svingete, unik og i\u00f8ynefallende.<\/p>\n<p>Med avrundede former er dette d\u00f8rskiltet i messing det opplagte valget for de som \u00f8nsker \u00e5 dekorere inngangsd\u00f8ren med en prydgjenstand som naboene sent vil glemme.<\/p>\n<h5><em><strong><a href=\"https:\/\/dinskylt.se\/shop-dorrskyltar-massing\/\" target=\"_blank\" rel=\"noopener\">Her kj\u00f8per og tilpasser du med egne navn i produktbyggeren p\u00e5 https:\/\/dinskylt.se<\/a>\/<\/strong><\/em><\/h5>\n<p><img decoding=\"async\" class=\"alignnone wp-image-123502210 size-medium\" src=\"https:\/\/securityonline.se\/wp-content\/uploads\/2020\/07\/Skylt_499kr_dinskylt.se_-300x240.jpg\" alt=\"d\u00f8rskilt-messing-h\u00f8yeste kvalitet-brf\" width=\"300\" height=\"240\" \/><\/p>\n<p>Ps Denne godbiten passer perfekt sammen med No Advertising-skiltet v\u00e5rt, sjekk det ut\u00a0<a href=\"http:\/\/dinskylt.se\/product\/ingen-reklam-tack\/\">her<\/a>.<\/p>","protected":false},"featured_media":134609,"template":"","meta":{"_acf_changed":false},"product_brand":[],"product_cat":[2920],"product_tag":[],"class_list":{"0":"post-134611","1":"product","2":"type-product","3":"status-publish","4":"has-post-thumbnail","6":"product_cat-dorrskyltar-i-massing","7":"pa_available-n","8":"pa_available-y","9":"pa_brands-secureus","10":"pa_color-gold","11":"pa_color-silver","12":"pa_holes-y","13":"pa_holes-n","14":"tm-no-options","16":"first","17":"instock","18":"taxable","19":"shipping-taxable","20":"purchasable","21":"product-type-simple"},"acf":[],"_links":{"self":[{"href":"https:\/\/secureus.se\/no\/wp-json\/wp\/v2\/product\/134611","targetHints":{"allow":["GET"]}}],"collection":[{"href":"https:\/\/secureus.se\/no\/wp-json\/wp\/v2\/product"}],"about":[{"href":"https:\/\/secureus.se\/no\/wp-json\/wp\/v2\/types\/product"}],"wp:featuredmedia":[{"embeddable":true,"href":"https:\/\/secureus.se\/no\/wp-json\/wp\/v2\/media\/134609"}],"wp:attachment":[{"href":"https:\/\/secureus.se\/no\/wp-json\/wp\/v2\/media?parent=134611"}],"wp:term":[{"taxonomy":"product_brand","embeddable":true,"href":"https:\/\/secureus.se\/no\/wp-json\/wp\/v2\/product_brand?post=134611"},{"taxonomy":"product_cat","embeddable":true,"href":"https:\/\/secureus.se\/no\/wp-json\/wp\/v2\/product_cat?post=134611"},{"taxonomy":"product_tag","embeddable":true,"href":"https:\/\/secureus.se\/no\/wp-json\/wp\/v2\/product_tag?post=134611"}],"curies":[{"name":"wp","href":"https:\/\/api.w.org\/{rel}","templated":true}]}}