{"id":134615,"date":"2020-05-26T00:15:53","date_gmt":"2020-05-25T22:15:53","guid":{"rendered":"https:\/\/secureus.se\/klassiskdorrskylt-2\/"},"modified":"2025-12-31T19:34:13","modified_gmt":"2025-12-31T18:34:13","slug":"klassiskdorrskylt","status":"publish","type":"product","link":"https:\/\/secureus.se\/no\/klassiskdorrskylt\/","title":{"rendered":"Klassisk d\u00f8rskilt"},"content":{"rendered":"<p>V\u00e6r oppmerksom p\u00e5 at du kj\u00f8per skiltet i v\u00e5r designbutikk - Prisen er den samme og gratis frakt.<\/p>\n<p><em><strong><a href=\"https:\/\/dinskylt.se\/shop-dorrskyltar-massing\/\" target=\"_blank\" rel=\"noopener\">Klikk p\u00e5 tegnet du liker og skriv inn navnene dine i produktbyggeren p\u00e5 https:\/\/dinskylt.se<\/a>\/<\/strong><\/em><\/p>\n<p><img decoding=\"async\" class=\"alignnone wp-image-123502210 size-medium\" src=\"https:\/\/securityonline.se\/wp-content\/uploads\/2020\/07\/Skylt_499kr_dinskylt.se_-300x240.jpg\" alt=\"\" width=\"300\" height=\"240\" \/><\/p>\n<p>M\u00e5l: 155 x 60 mm<br \/>\nMateriale: Messing<br \/>\nVekt: 250 gram<\/p>\n<p>Overflatebehandling: Klarlakkert<\/p>","protected":false},"excerpt":{"rendered":"<p>V\u00e6r oppmerksom p\u00e5 at du kj\u00f8per skiltet i v\u00e5r designbutikk - Prisen er den samme og gratis frakt.<\/p>\n<h5><em><strong><a href=\"https:\/\/dinskylt.se\/shop-dorrskyltar-massing\/\" target=\"_blank\" rel=\"noopener\">Her kj\u00f8per og tilpasser du med egne navn i produktbyggeren p\u00e5 https:\/\/dinskylt.se<\/a>\/<\/strong><\/em><\/h5>\n<p><img decoding=\"async\" class=\"alignnone wp-image-123502210 size-medium\" src=\"https:\/\/securityonline.se\/wp-content\/uploads\/2020\/07\/Skylt_499kr_dinskylt.se_-300x240.jpg\" alt=\"d\u00f8rskilt-messing-h\u00f8yeste kvalitet-brf\" width=\"300\" height=\"240\" \/><\/p>\n<p>Hvis George Clooney skulle bestille et d\u00f8rskilt for \u00e5 pryde d\u00f8ren hans, ville det v\u00e6rt dette.<\/p>\n<p>Et klassisk d\u00f8rskilt i messing etter alle kunstens regler. Rette linjer med avfasede elegante kanter. Dette skiltet er det opplagte valget for de som \u00f8nsker en ekstra gullkant p\u00e5 hverdagen, p\u00e5 d\u00f8ren og p\u00e5 d\u00f8rskiltet.<\/p>\n<p>Ps Denne godbiten passer perfekt sammen med No Advertising-skiltet v\u00e5rt, sjekk det ut <a href=\"http:\/\/dinskylt.se\/product\/ingen-reklam-tack\/\">her<\/a>.<\/p>","protected":false},"featured_media":134613,"template":"","meta":{"_acf_changed":false},"product_brand":[],"product_cat":[2920],"product_tag":[],"class_list":{"0":"post-134615","1":"product","2":"type-product","3":"status-publish","4":"has-post-thumbnail","6":"product_cat-dorrskyltar-i-massing","7":"pa_available-n","8":"pa_available-y","9":"pa_brands-secureus","10":"pa_color-gold","11":"pa_color-silver","12":"pa_holes-y","13":"pa_holes-n","14":"tm-no-options","16":"first","17":"instock","18":"taxable","19":"shipping-taxable","20":"purchasable","21":"product-type-simple"},"acf":[],"_links":{"self":[{"href":"https:\/\/secureus.se\/no\/wp-json\/wp\/v2\/product\/134615","targetHints":{"allow":["GET"]}}],"collection":[{"href":"https:\/\/secureus.se\/no\/wp-json\/wp\/v2\/product"}],"about":[{"href":"https:\/\/secureus.se\/no\/wp-json\/wp\/v2\/types\/product"}],"wp:featuredmedia":[{"embeddable":true,"href":"https:\/\/secureus.se\/no\/wp-json\/wp\/v2\/media\/134613"}],"wp:attachment":[{"href":"https:\/\/secureus.se\/no\/wp-json\/wp\/v2\/media?parent=134615"}],"wp:term":[{"taxonomy":"product_brand","embeddable":true,"href":"https:\/\/secureus.se\/no\/wp-json\/wp\/v2\/product_brand?post=134615"},{"taxonomy":"product_cat","embeddable":true,"href":"https:\/\/secureus.se\/no\/wp-json\/wp\/v2\/product_cat?post=134615"},{"taxonomy":"product_tag","embeddable":true,"href":"https:\/\/secureus.se\/no\/wp-json\/wp\/v2\/product_tag?post=134615"}],"curies":[{"name":"wp","href":"https:\/\/api.w.org\/{rel}","templated":true}]}}